{"id":12130,"date":"2020-09-17T12:12:55","date_gmt":"2020-09-17T12:12:55","guid":{"rendered":"https:\/\/eblaw.com.mx\/?page_id=12130"},"modified":"2020-09-18T16:01:09","modified_gmt":"2020-09-18T16:01:09","slug":"politica-de-privacidad","status":"publish","type":"page","link":"https:\/\/eblaw.com.mx\/en\/politica-de-privacidad\/","title":{"rendered":"Pol\u00edtica de Privacidad"},"content":{"rendered":"<div data-elementor-type=\"wp-page\" data-elementor-id=\"12130\" class=\"elementor elementor-12130\">\n\t\t\t\t\t\t<section class=\"elementor-section elementor-top-section elementor-element elementor-element-35cfe298 elementor-section-stretched elementor-section-boxed elementor-section-height-default elementor-section-height-default\" data-id=\"35cfe298\" data-element_type=\"section\" data-settings=\"{&quot;background_background&quot;:&quot;classic&quot;,&quot;stretch_section&quot;:&quot;section-stretched&quot;}\">\n\t\t\t\t\t\t\t<div class=\"elementor-background-overlay\"><\/div>\n\t\t\t\t\t\t\t<div class=\"elementor-container elementor-column-gap-default\">\n\t\t\t\t\t<div class=\"elementor-column elementor-col-100 elementor-top-column elementor-element elementor-element-12d2e36d\" data-id=\"12d2e36d\" data-element_type=\"column\">\n\t\t\t<div class=\"elementor-widget-wrap elementor-element-populated\">\n\t\t\t\t\t\t<div class=\"elementor-element elementor-element-5b446201 elementor-widget elementor-widget-heading\" data-id=\"5b446201\" data-element_type=\"widget\" data-widget_type=\"heading.default\">\n\t\t\t\t<div class=\"elementor-widget-container\">\n\t\t\t\t\t<h2 class=\"elementor-heading-title elementor-size-default\">Pol\u00edtica de Privacidad<\/h2>\t\t\t\t<\/div>\n\t\t\t\t<\/div>\n\t\t\t\t\t<\/div>\n\t\t<\/div>\n\t\t\t\t\t<\/div>\n\t\t<\/section>\n\t\t\t\t<section class=\"elementor-section elementor-top-section elementor-element elementor-element-705089e7 elementor-section-boxed elementor-section-height-default elementor-section-height-default\" data-id=\"705089e7\" data-element_type=\"section\">\n\t\t\t\t\t\t<div class=\"elementor-container elementor-column-gap-default\">\n\t\t\t\t\t<div class=\"elementor-column elementor-col-100 elementor-top-column elementor-element elementor-element-3fc9bae4\" data-id=\"3fc9bae4\" data-element_type=\"column\">\n\t\t\t<div class=\"elementor-widget-wrap elementor-element-populated\">\n\t\t\t\t\t\t<div class=\"elementor-element elementor-element-3a45b439 elementor-widget elementor-widget-text-editor\" data-id=\"3a45b439\" data-element_type=\"widget\" data-widget_type=\"text-editor.default\">\n\t\t\t\t<div class=\"elementor-widget-container\">\n\t\t\t\t\t\t\t\t\t<h1>POL\u00cdTICA DE PRIVACIDAD<\/h1><p>La presente Pol\u00edtica de Privacidad establece los t\u00e9rminos en que <strong>Esponda Betancourt Abogados (eblaw.com.mx)<\/strong> usa y protege la informaci\u00f3n que es proporcionada por sus usuarios al momento de utilizar su sitio web. Esta compa\u00f1\u00eda est\u00e1 comprometida con la seguridad de los datos de sus usuarios. Cuando le pedimos llenar los campos de informaci\u00f3n personal con la cual usted pueda ser identificado, lo hacemos asegurando que s\u00f3lo se emplear\u00e1 de acuerdo con los t\u00e9rminos de este documento. Sin embargo, esta Pol\u00edtica de Privacidad puede cambiar con el tiempo o ser actualizada por lo que le recomendamos y enfatizamos revisar continuamente esta p\u00e1gina para asegurarse que est\u00e1 de acuerdo con dichos cambios.<\/p><h2>I. IDENTIDAD Y DOMICILIO.<\/h2><p><strong>Esponda Betancourt Abogados (eblaw.com.mx)<\/strong> con domicilio en la Ciudad de M\u00e9xico, M\u00e9xico, en cumplimiento de lo establecido en la Ley Federal de Protecci\u00f3n de Datos Personales en Posesi\u00f3n de los Particulares, su Reglamento\u00a0 y los Lineamientos del Aviso de Privacidad (la \u201cLey\u201d) pone a sus disposici\u00f3n este aviso de privacidad (el \u201cAviso de Privacidad\u201d), a fin de que conozca los fines para los cuales hace uso de los datos personales, recabados con el consentimiento expreso o t\u00e1cito de sus titulares, as\u00ed como los mecanismos utilizados para garantizar y proteger la disponibilidad, integridad, autenticaci\u00f3n y confidencialidad de dichos datos personales.<\/p><h2>II. DATOS PERSONALES.<\/h2><p>Para efectos del presente Aviso de Privacidad, debe entenderse por \u201cDatos Personales\u201d, cualquier informaci\u00f3n concerniente a una persona f\u00edsica identificada o identificable, por ejemplo: (i) los datos de identificaci\u00f3n, como nombre, domicilio particular, fecha de nacimiento, n\u00famero telef\u00f3nico (particular, m\u00f3vil, fax o buscapersonas), correo electr\u00f3nico, Clave \u00danica de Registro de Poblaci\u00f3n; (ii) datos laborales, como puesto de trabajo, domicilio, correo electr\u00f3nico, n\u00famero telef\u00f3nico (oficina, m\u00f3vil, fax o buscapersonas); y (iii) datos financieros o patrimoniales, como informaci\u00f3n relacionada a sus cuentas bancarias, domicilio fiscal, clave del Registro Federal de Contribuyentes; y aqu\u00e9llos datos personales que afecten la esfera m\u00e1s \u00edntima de su titular, o cuya utilizaci\u00f3n indebida pueda dar origen a discriminaci\u00f3n o conlleve un riesgo grave para \u00e9ste; particularmente aquellos datos que puedan revelar aspectos como origen racial o \u00e9tnico, estado de salud presente y futuro, informaci\u00f3n gen\u00e9tica, creencias religiosas, filos\u00f3ficas y morales, afiliaci\u00f3n sindical, opiniones pol\u00edticas y la preferencia sexual.<\/p><p>De conformidad con la \u201cLey\u201d, al proporcionar usted informaci\u00f3n que constituya Datos Personales se entender\u00e1 que tambi\u00e9n otorga su consentimiento para el tratamiento de los mismos de conformidad con el presente Aviso de Privacidad; sin embargo, requerir\u00e1 su consentimiento expreso respeto de los datos financieros o patrimoniales.<\/p><h2>III. IDENTIDAD Y DOMICILIO DEL RESPONSABLE.<\/h2><p>Para todos los efectos relacionados con el presente Aviso de Privacidad, <strong>Esponda Betancourt Abogados (eblaw.com.mx)<\/strong> ser\u00e1 responsable, en los t\u00e9rminos previstos por la \u201cLey\u201d del tratamiento, uso, almacenamiento y divulgaci\u00f3n de dichos Datos personales y de las decisiones sobre el tratamiento de los mismos, designando al L.D. Diego Esponda Betancourt como encargado de \u201cLa Firma\u201d, ubicada en el domicilio se\u00f1alado al inicio del presente Aviso, tel\u00e9fono (55) 4006-3599 y correo electr\u00f3nico contacto@eblaw.com.mx<\/p><h2>IV. OBJETO Y FINALIDAD DEL TRATAMIENTO DE LOS DATOS PERSONALES.<\/h2><p>Los Datos Personales proporcionados a <strong>Esponda Betancourt Abogados (eblaw.com.mx)<\/strong> o que sean proporcionados en el futuro, ser\u00e1n utilizados principalmente para fines estad\u00edsticos; sin embargo, podr\u00e1n tambi\u00e9n ser utilizados para la realizaci\u00f3n de consultas, investigaciones y revisiones en relaci\u00f3n con los servicios prestados por \u00e9sta, as\u00ed como para contactar a nuestros clientes, usuarios y\/o proveedores para cualquier tema relacionado con dichos servicios o bien en relaci\u00f3n con el presente Aviso de Privacidad.<\/p><p>Asimismo, se se\u00f1ala en forma enunciativa los Datos Personales que <strong>Esponda Betancourt Abogados (eblaw.com.mx)<\/strong> usualmente recaba \u2013a trav\u00e9s de su p\u00e1gina web o directamente por los servicios prestados por esta\u2013 consisten en: (i) nombre completo; (ii) correo electr\u00f3nico; (iii) tel\u00e9fono particular, de oficina, o m\u00f3vil; y (iv) forma de contacto preferida.<\/p><p>Los Datos Personales que se recaben de nuestros clientes, usuarios y\/o proveedores con motivo de la prestaci\u00f3n de los servicios proporcionados por <strong>Esponda Betancourt Abogados (eblaw.com.mx)<\/strong>, cuyo tratamiento sea necesario para cumplir con obligaciones derivadas de dicha relaci\u00f3n, ser\u00e1n empleados \u00fanicamente en la prestaci\u00f3n de los servicios contratados, durante el intercambio de comunicaciones, noticias y avisos relativos a los servicios prestados, durante el proceso de facturaci\u00f3n y la transmisi\u00f3n de valores en contraprestaci\u00f3n a esos servicios, as\u00ed como, en la celebraci\u00f3n de cualquier acto jur\u00eddico con su titular. Sin perjuicio de lo anterior, sus Datos Personales pueden ser utilizados para finalidades distintas a las antes mencionadas o las incluidas en los Avisos de Privacidad, que se pongan a su disposici\u00f3n, siempre y cuando dichas finalidades sean compatibles con las descritas y puedan considerarse an\u00e1logas.<\/p><p>En caso de no manifestar expresamente su oposici\u00f3n para que <strong>Esponda Betancourt Abogados (eblaw.com.mx)<\/strong> use o divulgue sus Datos Personales para las finalidades antes se\u00f1aladas o bien su deseo de limitar dichas finalidades, entenderemos que usted est\u00e1 de acuerdo con dicho uso o divulgaci\u00f3n. Si usted desea limitar o bien oponerse a la utilizaci\u00f3n y divulgaci\u00f3n de sus Datos Personales, atentamente le solicitamos notificar dicha situaci\u00f3n por escrito a nuestra \u00e1rea de Datos Personales.<\/p><h2>V. TRANSFERENCIA DE LOS DATOS PERSONALES.<\/h2><p>Los datos personales que sean recabados por <strong>Esponda Betancourt Abogados (eblaw.com.mx)<\/strong>, no podr\u00e1n cederse, venderse, compartirse o transferirse, sino en los casos previstos en la \u201cLey\u201d y su Reglamento.<\/p><p>Salvo que usted notifique expresamente su oposici\u00f3n, <strong>Esponda Betancourt Abogados (eblaw.com.mx)<\/strong> a trav\u00e9s de su \u00e1rea de Datos Personales, entender\u00e1 que usted est\u00e1 de acuerdo en que se efect\u00faen transferencias de sus Datos Personales con los empleados y socios de despacho o con terceros que traten sus datos personales por cuenta de <strong>Esponda Betancourt Abogados (eblaw.com.mx)<\/strong> y sujetos a este Aviso de Privacidad y a las instrucciones de \u00e9sta, incluyendo sociedades dedicadas a la prestaci\u00f3n de servicios legales en M\u00e9xico o en el extranjero que trabajen en forma conjunta con <strong>Esponda Betancourt Abogados (eblaw.com.mx)<\/strong>, Notarios y Corredores P\u00fablicos o empresas de tecnolog\u00eda de la informaci\u00f3n que le presten servicios inform\u00e1ticos a <strong>Esponda Betancourt Abogados (eblaw.com.mx)<\/strong>, en cuyo caso, comunicar\u00e1 el presente Aviso de Privacidad a dichos terceros quienes asumir\u00e1n las mismas obligaciones que correspondan a <strong>Esponda Betancourt Abogados (eblaw.com.mx)<\/strong> conforme al presente Aviso de Privacidad.<\/p><h2>VI. MEDIDAS DE SEGURIDAD.<\/h2><p><strong>Esponda Betancourt Abogados (eblaw.com.mx)<\/strong>, adoptar\u00e1 todas y cada una de las medidas de seguridad administrativas, f\u00edsicas y t\u00e9cnicas necesarias para salvaguardar sus Datos Personales de cualquier da\u00f1o, p\u00e9rdida, alteraci\u00f3n, destrucci\u00f3n o el uso, acceso o tratamiento no autorizado, por lo que de igual manera y en caso de que un tercero necesite conocer de dicha informaci\u00f3n, <strong>Esponda Betancourt Abogados (eblaw.com.mx)<\/strong> verificar\u00e1 que dichos terceros cumplan con el presente Aviso de Privacidad, y a su vez, adopten las medidas de seguridad administrativas, f\u00edsicas y t\u00e9cnicas establecidas en el la \u201cLey\u201d.<\/p><p>Para el caso de las comunicaciones por Internet, es claro que ninguna comunicaci\u00f3n de datos por este medio, es totalmente segura, por lo que <strong>Esponda Betancourt Abogados (eblaw.com.mx)<\/strong> no puede garantizar que sus datos personales estar\u00e1n libres de todo da\u00f1o, p\u00e9rdida, alteraci\u00f3n, destrucci\u00f3n o el uso, acceso o tratamiento no autorizado.<\/p><p><strong>Esponda Betancourt Abogados (eblaw.com.mx)<\/strong> est\u00e1 altamente comprometido para cumplir con el compromiso de mantener su informaci\u00f3n segura. Usamos los sistemas m\u00e1s avanzados y los actualizamos constantemente para asegurarnos que no exista ning\u00fan acceso no autorizado.<\/p><h2>VII. SITIOS QUE NO CORRESPONDEN A <strong>Esponda Betancourt Abogados (eblaw.com.mx)<\/strong><\/h2><p>Nuestra p\u00e1gina web, puede contener links o enlaces a sitios web externos que no corresponden a <strong>Esponda Betancourt Abogados (eblaw.com.mx)<\/strong> y, por tanto, no guardan relaci\u00f3n alguna con nosotros. Por ello, le recomendamos revisar y leer las pol\u00edticas de privacidad, as\u00ed como los t\u00e9rminos de uso de dichos sitios web externos y buscadores, antes de hacer uso de los mismos.<\/p><h2>VII. Cookies<\/h2><p>Una cookie se refiere a un fichero que es enviado con la finalidad de solicitar permiso para almacenarse en su ordenador, al aceptar dicho fichero se crea y la cookie sirve entonces para tener informaci\u00f3n respecto al tr\u00e1fico web, y tambi\u00e9n facilita las futuras visitas a una web recurrente. Otra funci\u00f3n que tienen las cookies es que con ellas las webs pueden reconocerte individualmente y por tanto brindarte el mejor servicio personalizado de su web.<\/p><p>Nuestro sitio web emplea las cookies para poder identificar las p\u00e1ginas que son visitadas y su frecuencia. Esta informaci\u00f3n es empleada \u00fanicamente para an\u00e1lisis estad\u00edstico y despu\u00e9s la informaci\u00f3n se elimina de forma permanente. Usted puede eliminar las cookies en cualquier momento desde su ordenador. Sin embargo las cookies ayudan a proporcionar un mejor servicio de los sitios web, est\u00e1s no dan acceso a informaci\u00f3n de su ordenador ni de usted, a menos de que usted as\u00ed lo quiera y la proporcione directamente,\u00a0. Usted puede aceptar o negar el uso de cookies, sin embargo, la mayor\u00eda de navegadores aceptan cookies autom\u00e1ticamente pues sirve para tener un mejor servicio web. Tambi\u00e9n usted puede cambiar la configuraci\u00f3n de su ordenador para declinar las cookies. Si se declinan es posible que no pueda utilizar algunos de nuestros servicios.<\/p><h2>IX. Enlaces a Terceros<\/h2><p>Este sitio web pudiera contener en laces a otros sitios que pudieran ser de su inter\u00e9s. Una vez que usted de clic en estos enlaces y abandone nuestra p\u00e1gina, ya no tenemos control sobre al sitio al que es redirigido y por lo tanto no somos responsables de los t\u00e9rminos o privacidad ni de la protecci\u00f3n de sus datos en esos otros sitios terceros. Dichos sitios est\u00e1n sujetos a sus propias pol\u00edticas de privacidad por lo cual es recomendable que los consulte para confirmar que usted est\u00e1 de acuerdo con estas.<\/p><h2>X. DE LOS DERECHOS DE ACCESO, RECTIFICACI\u00d3N, CANCELACI\u00d3N Y OPOSICI\u00d3N (ARCO).<\/h2><p>Sin perjuicio de lo anterior, le informamos que usted podr\u00e1: (i) acceder a los Datos Personales que sobre usted hayan sido recabados y se encuentren en poder de <strong>Esponda Betancourt Abogados (eblaw.com.mx)<\/strong>, (ii) pedir la rectificaci\u00f3n de dichos datos cundo sean inexactos o se encuentren incompletos (iii) solicitar la cancelaci\u00f3n de los datos en cuesti\u00f3n, y (iv) oponerse por causa leg\u00edtima al tratamiento de los mismos.<\/p><p>De conformidad con lo dispuesto por la \u201cLey\u201d, la solicitud a que se refiere el p\u00e1rrafo anterior habr\u00e1 de presentarse por escrito en atenci\u00f3n al encargado del \u00e1rea de Datos Personales de <strong>Esponda Betancourt Abogados (eblaw.com.mx)<\/strong> y habr\u00e1 de contener: (i) nombre del titular de la informaci\u00f3n y su domicilio u otro medio para comunicar la respuesta, (ii) documentos que acrediten su identidad o en su caso, la representaci\u00f3n legal correspondiente, (iii) descripci\u00f3n clara y precisa de los datos personales respecto de los cuales se ejerza el derecho correspondiente y (iv) cualquier otro elemento que facilite la localizaci\u00f3n de los datos personales.<\/p><p>Adem\u00e1s de lo se\u00f1alado en el p\u00e1rrafo anterior, el titular deber\u00e1 indicar dentro del mismo escrito, las modificaciones que deban realizarse y aportar la documentaci\u00f3n que sustente su petici\u00f3n.<\/p><p>En cualquier momento usted puede restringir la recopilaci\u00f3n o el uso de la informaci\u00f3n personal que es proporcionada a nuestro sitio web.\u00a0 Cada vez que se le solicite rellenar un formulario, como el de alta de usuario, puede marcar o desmarcar la opci\u00f3n de recibir informaci\u00f3n por correo electr\u00f3nico. \u00a0En caso de que haya marcado la opci\u00f3n de recibir nuestro bolet\u00edn o publicidad usted puede cancelarla en cualquier momento.<\/p><p>Esta compa\u00f1\u00eda no vender\u00e1, ceder\u00e1 ni distribuir\u00e1 la informaci\u00f3n personal que es recopilada sin su consentimiento, salvo que sea requerido por un juez con un orden judicial.<\/p><p>Este Aviso de Privacidad se rige por la Ley de Protecci\u00f3n de Datos, su Reglamento y dem\u00e1s ordenamientos aplicables en los Estados Unidos Mexicanos y su aceptaci\u00f3n, implica su sometimiento expreso a los tribunales de la Ciudad de M\u00e9xico, ante cualquier controversia o reclamaci\u00f3n derivada del mismo.<\/p><p><strong>Esponda Betancourt Abogados (eblaw.com.mx)<\/strong> se reserva el derecho de cambiar los t\u00e9rminos de la presente Pol\u00edtica de Privacidad en cualquier momento.<\/p><h4>\u00daltima Actualizaci\u00f3n 18 septiembre 2020<\/h4>\t\t\t\t\t\t\t\t<\/div>\n\t\t\t\t<\/div>\n\t\t\t\t\t<\/div>\n\t\t<\/div>\n\t\t\t\t\t<\/div>\n\t\t<\/section>\n\t\t\t\t<\/div>","protected":false},"excerpt":{"rendered":"<p>Pol\u00edtica de Privacidad POL\u00cdTICA DE PRIVACIDAD La presente Pol\u00edtica de&hellip;<\/p>\n<p> <a class=\"more-link\" href=\"https:\/\/eblaw.com.mx\/en\/politica-de-privacidad\/\">Read more<\/a><\/p>","protected":false},"author":1,"featured_media":0,"parent":0,"menu_order":0,"comment_status":"closed","ping_status":"closed","template":"","meta":{"footnotes":""},"class_list":["post-12130","page","type-page","status-publish"],"yoast_head":"<!-- This site is optimized with the Yoast SEO plugin v25.5 - https:\/\/yoast.com\/wordpress\/plugins\/seo\/ -->\n<title>Pol\u00edtica de Privacidad | Esponda Betancourt<\/title>\n<meta name=\"robots\" content=\"index, follow, max-snippet:-1, max-image-preview:large, max-video-preview:-1\" \/>\n<link rel=\"canonical\" href=\"https:\/\/eblaw.com.mx\/en\/politica-de-privacidad\/\" \/>\n<meta property=\"og:locale\" content=\"en_US\" \/>\n<meta property=\"og:type\" content=\"article\" \/>\n<meta property=\"og:title\" content=\"Pol\u00edtica de Privacidad | Esponda Betancourt\" \/>\n<meta property=\"og:description\" content=\"Pol\u00edtica de Privacidad POL\u00cdTICA DE PRIVACIDAD La presente Pol\u00edtica de&hellip;  Read more\" \/>\n<meta property=\"og:url\" content=\"https:\/\/eblaw.com.mx\/en\/politica-de-privacidad\/\" \/>\n<meta property=\"og:site_name\" content=\"Esponda Betancourt\" \/>\n<meta property=\"article:modified_time\" content=\"2020-09-18T16:01:09+00:00\" \/>\n<meta property=\"og:image\" content=\"https:\/\/eblaw.com.mx\/wp-content\/uploads\/2021\/01\/pexels-sora-shimazaki-5668882.jpg\" \/>\n\t<meta property=\"og:image:width\" content=\"1280\" \/>\n\t<meta property=\"og:image:height\" content=\"1920\" \/>\n\t<meta property=\"og:image:type\" content=\"image\/jpeg\" \/>\n<meta name=\"twitter:card\" content=\"summary_large_image\" \/>\n<meta name=\"twitter:label1\" content=\"Est. reading time\" \/>\n\t<meta name=\"twitter:data1\" content=\"11 minutes\" \/>\n<script type=\"application\/ld+json\" class=\"yoast-schema-graph\">{\"@context\":\"https:\/\/schema.org\",\"@graph\":[{\"@type\":\"WebPage\",\"@id\":\"https:\/\/eblaw.com.mx\/en\/politica-de-privacidad\/\",\"url\":\"https:\/\/eblaw.com.mx\/en\/politica-de-privacidad\/\",\"name\":\"Pol\u00edtica de Privacidad | Esponda Betancourt\",\"isPartOf\":{\"@id\":\"https:\/\/eblaw.com.mx\/#website\"},\"datePublished\":\"2020-09-17T12:12:55+00:00\",\"dateModified\":\"2020-09-18T16:01:09+00:00\",\"breadcrumb\":{\"@id\":\"https:\/\/eblaw.com.mx\/en\/politica-de-privacidad\/#breadcrumb\"},\"inLanguage\":\"en-US\",\"potentialAction\":[{\"@type\":\"ReadAction\",\"target\":[\"https:\/\/eblaw.com.mx\/en\/politica-de-privacidad\/\"]}]},{\"@type\":\"BreadcrumbList\",\"@id\":\"https:\/\/eblaw.com.mx\/en\/politica-de-privacidad\/#breadcrumb\",\"itemListElement\":[{\"@type\":\"ListItem\",\"position\":1,\"name\":\"Portada\",\"item\":\"https:\/\/eblaw.com.mx\/\"},{\"@type\":\"ListItem\",\"position\":2,\"name\":\"Pol\u00edtica de Privacidad\"}]},{\"@type\":\"WebSite\",\"@id\":\"https:\/\/eblaw.com.mx\/#website\",\"url\":\"https:\/\/eblaw.com.mx\/\",\"name\":\"Esponda Betancourt\",\"description\":\"Boutique Law Firm\",\"publisher\":{\"@id\":\"https:\/\/eblaw.com.mx\/#organization\"},\"alternateName\":\"Servicios legales especializados\",\"potentialAction\":[{\"@type\":\"SearchAction\",\"target\":{\"@type\":\"EntryPoint\",\"urlTemplate\":\"https:\/\/eblaw.com.mx\/?s={search_term_string}\"},\"query-input\":{\"@type\":\"PropertyValueSpecification\",\"valueRequired\":true,\"valueName\":\"search_term_string\"}}],\"inLanguage\":\"en-US\"},{\"@type\":\"Organization\",\"@id\":\"https:\/\/eblaw.com.mx\/#organization\",\"name\":\"Esponda Betancourt\",\"alternateName\":\"Servicios legales especializados\",\"url\":\"https:\/\/eblaw.com.mx\/\",\"logo\":{\"@type\":\"ImageObject\",\"inLanguage\":\"en-US\",\"@id\":\"https:\/\/eblaw.com.mx\/#\/schema\/logo\/image\/\",\"url\":\"https:\/\/eblaw.com.mx\/wp-content\/uploads\/2020\/10\/cropped-WhatsApp_Image_2020-10-02_at_11.47.24_PM-removebg-preview-2.png\",\"contentUrl\":\"https:\/\/eblaw.com.mx\/wp-content\/uploads\/2020\/10\/cropped-WhatsApp_Image_2020-10-02_at_11.47.24_PM-removebg-preview-2.png\",\"width\":403,\"height\":127,\"caption\":\"Esponda Betancourt\"},\"image\":{\"@id\":\"https:\/\/eblaw.com.mx\/#\/schema\/logo\/image\/\"}}]}<\/script>\n<!-- \/ Yoast SEO plugin. -->","yoast_head_json":{"title":"Pol\u00edtica de Privacidad | Esponda Betancourt","robots":{"index":"index","follow":"follow","max-snippet":"max-snippet:-1","max-image-preview":"max-image-preview:large","max-video-preview":"max-video-preview:-1"},"canonical":"https:\/\/eblaw.com.mx\/en\/politica-de-privacidad\/","og_locale":"en_US","og_type":"article","og_title":"Pol\u00edtica de Privacidad | Esponda Betancourt","og_description":"Pol\u00edtica de Privacidad POL\u00cdTICA DE PRIVACIDAD La presente Pol\u00edtica de&hellip;  Read more","og_url":"https:\/\/eblaw.com.mx\/en\/politica-de-privacidad\/","og_site_name":"Esponda Betancourt","article_modified_time":"2020-09-18T16:01:09+00:00","og_image":[{"width":1280,"height":1920,"url":"https:\/\/eblaw.com.mx\/wp-content\/uploads\/2021\/01\/pexels-sora-shimazaki-5668882.jpg","type":"image\/jpeg"}],"twitter_card":"summary_large_image","twitter_misc":{"Est. reading time":"11 minutes"},"schema":{"@context":"https:\/\/schema.org","@graph":[{"@type":"WebPage","@id":"https:\/\/eblaw.com.mx\/en\/politica-de-privacidad\/","url":"https:\/\/eblaw.com.mx\/en\/politica-de-privacidad\/","name":"Pol\u00edtica de Privacidad | Esponda Betancourt","isPartOf":{"@id":"https:\/\/eblaw.com.mx\/#website"},"datePublished":"2020-09-17T12:12:55+00:00","dateModified":"2020-09-18T16:01:09+00:00","breadcrumb":{"@id":"https:\/\/eblaw.com.mx\/en\/politica-de-privacidad\/#breadcrumb"},"inLanguage":"en-US","potentialAction":[{"@type":"ReadAction","target":["https:\/\/eblaw.com.mx\/en\/politica-de-privacidad\/"]}]},{"@type":"BreadcrumbList","@id":"https:\/\/eblaw.com.mx\/en\/politica-de-privacidad\/#breadcrumb","itemListElement":[{"@type":"ListItem","position":1,"name":"Portada","item":"https:\/\/eblaw.com.mx\/"},{"@type":"ListItem","position":2,"name":"Pol\u00edtica de Privacidad"}]},{"@type":"WebSite","@id":"https:\/\/eblaw.com.mx\/#website","url":"https:\/\/eblaw.com.mx\/","name":"Esponda Betancourt","description":"Boutique Law Firm","publisher":{"@id":"https:\/\/eblaw.com.mx\/#organization"},"alternateName":"Servicios legales especializados","potentialAction":[{"@type":"SearchAction","target":{"@type":"EntryPoint","urlTemplate":"https:\/\/eblaw.com.mx\/?s={search_term_string}"},"query-input":{"@type":"PropertyValueSpecification","valueRequired":true,"valueName":"search_term_string"}}],"inLanguage":"en-US"},{"@type":"Organization","@id":"https:\/\/eblaw.com.mx\/#organization","name":"Esponda Betancourt","alternateName":"Servicios legales especializados","url":"https:\/\/eblaw.com.mx\/","logo":{"@type":"ImageObject","inLanguage":"en-US","@id":"https:\/\/eblaw.com.mx\/#\/schema\/logo\/image\/","url":"https:\/\/eblaw.com.mx\/wp-content\/uploads\/2020\/10\/cropped-WhatsApp_Image_2020-10-02_at_11.47.24_PM-removebg-preview-2.png","contentUrl":"https:\/\/eblaw.com.mx\/wp-content\/uploads\/2020\/10\/cropped-WhatsApp_Image_2020-10-02_at_11.47.24_PM-removebg-preview-2.png","width":403,"height":127,"caption":"Esponda Betancourt"},"image":{"@id":"https:\/\/eblaw.com.mx\/#\/schema\/logo\/image\/"}}]}},"_links":{"self":[{"href":"https:\/\/eblaw.com.mx\/en\/wp-json\/wp\/v2\/pages\/12130","targetHints":{"allow":["GET"]}}],"collection":[{"href":"https:\/\/eblaw.com.mx\/en\/wp-json\/wp\/v2\/pages"}],"about":[{"href":"https:\/\/eblaw.com.mx\/en\/wp-json\/wp\/v2\/types\/page"}],"author":[{"embeddable":true,"href":"https:\/\/eblaw.com.mx\/en\/wp-json\/wp\/v2\/users\/1"}],"replies":[{"embeddable":true,"href":"https:\/\/eblaw.com.mx\/en\/wp-json\/wp\/v2\/comments?post=12130"}],"version-history":[{"count":0,"href":"https:\/\/eblaw.com.mx\/en\/wp-json\/wp\/v2\/pages\/12130\/revisions"}],"wp:attachment":[{"href":"https:\/\/eblaw.com.mx\/en\/wp-json\/wp\/v2\/media?parent=12130"}],"curies":[{"name":"wp","href":"https:\/\/api.w.org\/{rel}","templated":true}]}}