{"id":12489,"date":"2020-10-11T04:55:32","date_gmt":"2020-10-11T04:55:32","guid":{"rendered":"https:\/\/eblaw.com.mx\/?page_id=12489"},"modified":"2020-10-11T05:16:16","modified_gmt":"2020-10-11T05:16:16","slug":"sitios-de-interes","status":"publish","type":"page","link":"https:\/\/eblaw.com.mx\/en\/sitios-de-interes\/","title":{"rendered":"Sitios de Inter\u00e9s"},"content":{"rendered":"<div data-elementor-type=\"wp-page\" data-elementor-id=\"12489\" class=\"elementor elementor-12489\">\n\t\t\t\t\t\t<section class=\"elementor-section elementor-top-section elementor-element elementor-element-8395100 elementor-section-boxed elementor-section-height-default elementor-section-height-default\" data-id=\"8395100\" data-element_type=\"section\">\n\t\t\t\t\t\t<div class=\"elementor-container elementor-column-gap-default\">\n\t\t\t\t\t<div class=\"elementor-column elementor-col-50 elementor-top-column elementor-element elementor-element-dc74c51\" data-id=\"dc74c51\" data-element_type=\"column\">\n\t\t\t<div class=\"elementor-widget-wrap elementor-element-populated\">\n\t\t\t\t\t\t<div class=\"elementor-element elementor-element-231b4cf elementor-position-top elementor-widget elementor-widget-image-box\" data-id=\"231b4cf\" data-element_type=\"widget\" data-widget_type=\"image-box.default\">\n\t\t\t\t<div class=\"elementor-widget-container\">\n\t\t\t\t\t<div class=\"elementor-image-box-wrapper\"><figure class=\"elementor-image-box-img\"><a href=\"https:\/\/www.gob.mx\/cnh\" tabindex=\"-1\"><img fetchpriority=\"high\" decoding=\"async\" width=\"675\" height=\"555\" src=\"https:\/\/eblaw.com.mx\/wp-content\/uploads\/2020\/10\/CNH.png\" class=\"attachment-full size-full wp-image-12492\" alt=\"\" srcset=\"https:\/\/eblaw.com.mx\/wp-content\/uploads\/2020\/10\/CNH.png 675w, https:\/\/eblaw.com.mx\/wp-content\/uploads\/2020\/10\/CNH-300x247.png 300w, https:\/\/eblaw.com.mx\/wp-content\/uploads\/2020\/10\/CNH-90x74.png 90w\" sizes=\"(max-width: 675px) 100vw, 675px\" \/><\/a><\/figure><div class=\"elementor-image-box-content\"><h3 class=\"elementor-image-box-title\"><a href=\"https:\/\/www.gob.mx\/cnh\">COMISI\u00d3N NACIONAL DE HIDROCARBUROS<\/a><\/h3><\/div><\/div>\t\t\t\t<\/div>\n\t\t\t\t<\/div>\n\t\t\t\t\t<\/div>\n\t\t<\/div>\n\t\t\t\t<div class=\"elementor-column elementor-col-50 elementor-top-column elementor-element elementor-element-c01e513\" data-id=\"c01e513\" data-element_type=\"column\">\n\t\t\t<div class=\"elementor-widget-wrap elementor-element-populated\">\n\t\t\t\t\t\t<div class=\"elementor-element elementor-element-ece52ff elementor-position-top elementor-widget elementor-widget-image-box\" data-id=\"ece52ff\" data-element_type=\"widget\" data-widget_type=\"image-box.default\">\n\t\t\t\t<div class=\"elementor-widget-container\">\n\t\t\t\t\t<div class=\"elementor-image-box-wrapper\"><figure class=\"elementor-image-box-img\"><a href=\"https:\/\/www.gob.mx\/cre\" tabindex=\"-1\"><img decoding=\"async\" width=\"300\" height=\"171\" src=\"https:\/\/eblaw.com.mx\/wp-content\/uploads\/2020\/10\/3.png\" class=\"attachment-full size-full wp-image-12498\" alt=\"\" srcset=\"https:\/\/eblaw.com.mx\/wp-content\/uploads\/2020\/10\/3.png 300w, https:\/\/eblaw.com.mx\/wp-content\/uploads\/2020\/10\/3-90x51.png 90w\" sizes=\"(max-width: 300px) 100vw, 300px\" \/><\/a><\/figure><div class=\"elementor-image-box-content\"><h3 class=\"elementor-image-box-title\"><a href=\"https:\/\/www.gob.mx\/cre\">COMISI\u00d3N REGULADORA DE ENERG\u00cdA<\/a><\/h3><\/div><\/div>\t\t\t\t<\/div>\n\t\t\t\t<\/div>\n\t\t\t\t\t<\/div>\n\t\t<\/div>\n\t\t\t\t\t<\/div>\n\t\t<\/section>\n\t\t\t\t<section class=\"elementor-section elementor-top-section elementor-element elementor-element-4084f9e elementor-section-boxed elementor-section-height-default elementor-section-height-default\" data-id=\"4084f9e\" data-element_type=\"section\">\n\t\t\t\t\t\t<div class=\"elementor-container elementor-column-gap-default\">\n\t\t\t\t\t<div class=\"elementor-column elementor-col-100 elementor-top-column elementor-element elementor-element-cf92fb8\" data-id=\"cf92fb8\" data-element_type=\"column\">\n\t\t\t<div class=\"elementor-widget-wrap elementor-element-populated\">\n\t\t\t\t\t\t<div class=\"elementor-element elementor-element-c46a909 elementor-widget-divider--view-line elementor-widget elementor-widget-divider\" data-id=\"c46a909\" data-element_type=\"widget\" data-widget_type=\"divider.default\">\n\t\t\t\t<div class=\"elementor-widget-container\">\n\t\t\t\t\t\t\t<div class=\"elementor-divider\">\n\t\t\t<span class=\"elementor-divider-separator\">\n\t\t\t\t\t\t<\/span>\n\t\t<\/div>\n\t\t\t\t\t\t<\/div>\n\t\t\t\t<\/div>\n\t\t\t\t\t<\/div>\n\t\t<\/div>\n\t\t\t\t\t<\/div>\n\t\t<\/section>\n\t\t\t\t<section class=\"elementor-section elementor-top-section elementor-element elementor-element-4063d0a elementor-section-boxed elementor-section-height-default elementor-section-height-default\" data-id=\"4063d0a\" data-element_type=\"section\">\n\t\t\t\t\t\t<div class=\"elementor-container elementor-column-gap-default\">\n\t\t\t\t\t<div class=\"elementor-column elementor-col-50 elementor-top-column elementor-element elementor-element-9ce8261\" data-id=\"9ce8261\" data-element_type=\"column\">\n\t\t\t<div class=\"elementor-widget-wrap elementor-element-populated\">\n\t\t\t\t\t\t<div class=\"elementor-element elementor-element-9417a80 elementor-widget elementor-widget-spacer\" data-id=\"9417a80\" data-element_type=\"widget\" data-widget_type=\"spacer.default\">\n\t\t\t\t<div class=\"elementor-widget-container\">\n\t\t\t\t\t\t\t<div class=\"elementor-spacer\">\n\t\t\t<div class=\"elementor-spacer-inner\"><\/div>\n\t\t<\/div>\n\t\t\t\t\t\t<\/div>\n\t\t\t\t<\/div>\n\t\t\t\t<div class=\"elementor-element elementor-element-fc2b5c4 elementor-position-top elementor-widget elementor-widget-image-box\" data-id=\"fc2b5c4\" data-element_type=\"widget\" data-widget_type=\"image-box.default\">\n\t\t\t\t<div class=\"elementor-widget-container\">\n\t\t\t\t\t<div class=\"elementor-image-box-wrapper\"><figure class=\"elementor-image-box-img\"><a href=\"https:\/\/www.gob.mx\/semarnat\" tabindex=\"-1\"><img decoding=\"async\" width=\"1024\" height=\"184\" src=\"https:\/\/eblaw.com.mx\/wp-content\/uploads\/2020\/10\/1024px-SEMARNAT_Logo_2019.svg_.png\" class=\"attachment-full size-full wp-image-12502\" alt=\"\" srcset=\"https:\/\/eblaw.com.mx\/wp-content\/uploads\/2020\/10\/1024px-SEMARNAT_Logo_2019.svg_.png 1024w, https:\/\/eblaw.com.mx\/wp-content\/uploads\/2020\/10\/1024px-SEMARNAT_Logo_2019.svg_-300x54.png 300w, https:\/\/eblaw.com.mx\/wp-content\/uploads\/2020\/10\/1024px-SEMARNAT_Logo_2019.svg_-768x138.png 768w, https:\/\/eblaw.com.mx\/wp-content\/uploads\/2020\/10\/1024px-SEMARNAT_Logo_2019.svg_-90x16.png 90w\" sizes=\"(max-width: 1024px) 100vw, 1024px\" \/><\/a><\/figure><div class=\"elementor-image-box-content\"><h3 class=\"elementor-image-box-title\"><a href=\"https:\/\/www.gob.mx\/semarnat\">Secretar\u00eda de Medio Ambiente y Recursos Naturales<\/a><\/h3><\/div><\/div>\t\t\t\t<\/div>\n\t\t\t\t<\/div>\n\t\t\t\t\t<\/div>\n\t\t<\/div>\n\t\t\t\t<div class=\"elementor-column elementor-col-50 elementor-top-column elementor-element elementor-element-a246158\" data-id=\"a246158\" data-element_type=\"column\">\n\t\t\t<div class=\"elementor-widget-wrap elementor-element-populated\">\n\t\t\t\t\t\t<div class=\"elementor-element elementor-element-af90c9e elementor-position-top elementor-widget elementor-widget-image-box\" data-id=\"af90c9e\" data-element_type=\"widget\" data-widget_type=\"image-box.default\">\n\t\t\t\t<div class=\"elementor-widget-container\">\n\t\t\t\t\t<div class=\"elementor-image-box-wrapper\"><figure class=\"elementor-image-box-img\"><a href=\"https:\/\/www.gob.mx\/asea\/\" tabindex=\"-1\"><img loading=\"lazy\" decoding=\"async\" width=\"331\" height=\"152\" src=\"https:\/\/eblaw.com.mx\/wp-content\/uploads\/2020\/10\/descarga-1.jpg\" class=\"attachment-full size-full wp-image-12504\" alt=\"\" srcset=\"https:\/\/eblaw.com.mx\/wp-content\/uploads\/2020\/10\/descarga-1.jpg 331w, https:\/\/eblaw.com.mx\/wp-content\/uploads\/2020\/10\/descarga-1-300x138.jpg 300w, https:\/\/eblaw.com.mx\/wp-content\/uploads\/2020\/10\/descarga-1-90x41.jpg 90w\" sizes=\"(max-width: 331px) 100vw, 331px\" \/><\/a><\/figure><div class=\"elementor-image-box-content\"><h3 class=\"elementor-image-box-title\"><a href=\"https:\/\/www.gob.mx\/asea\/\">AGENCIA DE SEGURIDAD ENERG\u00cdA Y AMBIENTE<\/a><\/h3><\/div><\/div>\t\t\t\t<\/div>\n\t\t\t\t<\/div>\n\t\t\t\t\t<\/div>\n\t\t<\/div>\n\t\t\t\t\t<\/div>\n\t\t<\/section>\n\t\t\t\t<section class=\"elementor-section elementor-top-section elementor-element elementor-element-843842b elementor-section-boxed elementor-section-height-default elementor-section-height-default\" data-id=\"843842b\" data-element_type=\"section\">\n\t\t\t\t\t\t<div class=\"elementor-container elementor-column-gap-default\">\n\t\t\t\t\t<div class=\"elementor-column elementor-col-100 elementor-top-column elementor-element elementor-element-cd8f65d\" data-id=\"cd8f65d\" data-element_type=\"column\">\n\t\t\t<div class=\"elementor-widget-wrap elementor-element-populated\">\n\t\t\t\t\t\t<div class=\"elementor-element elementor-element-098b4c8 elementor-widget-divider--view-line elementor-widget elementor-widget-divider\" data-id=\"098b4c8\" data-element_type=\"widget\" data-widget_type=\"divider.default\">\n\t\t\t\t<div class=\"elementor-widget-container\">\n\t\t\t\t\t\t\t<div class=\"elementor-divider\">\n\t\t\t<span class=\"elementor-divider-separator\">\n\t\t\t\t\t\t<\/span>\n\t\t<\/div>\n\t\t\t\t\t\t<\/div>\n\t\t\t\t<\/div>\n\t\t\t\t\t<\/div>\n\t\t<\/div>\n\t\t\t\t\t<\/div>\n\t\t<\/section>\n\t\t\t\t<section class=\"elementor-section elementor-top-section elementor-element elementor-element-d6afa00 elementor-section-boxed elementor-section-height-default elementor-section-height-default\" data-id=\"d6afa00\" data-element_type=\"section\">\n\t\t\t\t\t\t<div class=\"elementor-container elementor-column-gap-default\">\n\t\t\t\t\t<div class=\"elementor-column elementor-col-100 elementor-top-column elementor-element elementor-element-29b1998\" data-id=\"29b1998\" data-element_type=\"column\">\n\t\t\t<div class=\"elementor-widget-wrap elementor-element-populated\">\n\t\t\t\t\t\t<div class=\"elementor-element elementor-element-41de2b3 elementor-position-top elementor-widget elementor-widget-image-box\" data-id=\"41de2b3\" data-element_type=\"widget\" data-widget_type=\"image-box.default\">\n\t\t\t\t<div class=\"elementor-widget-container\">\n\t\t\t\t\t<div class=\"elementor-image-box-wrapper\"><figure class=\"elementor-image-box-img\"><a href=\"https:\/\/dof.gob.mx\" tabindex=\"-1\"><img loading=\"lazy\" decoding=\"async\" width=\"309\" height=\"238\" src=\"https:\/\/eblaw.com.mx\/wp-content\/uploads\/2020\/10\/unnamed.png\" class=\"attachment-full size-full wp-image-12508\" alt=\"\" srcset=\"https:\/\/eblaw.com.mx\/wp-content\/uploads\/2020\/10\/unnamed.png 309w, https:\/\/eblaw.com.mx\/wp-content\/uploads\/2020\/10\/unnamed-300x231.png 300w, https:\/\/eblaw.com.mx\/wp-content\/uploads\/2020\/10\/unnamed-90x69.png 90w\" sizes=\"(max-width: 309px) 100vw, 309px\" \/><\/a><\/figure><div class=\"elementor-image-box-content\"><h3 class=\"elementor-image-box-title\"><a href=\"https:\/\/dof.gob.mx\">DIARIO OFICIAL DE LA FEDERACI\u00d3N<\/a><\/h3><\/div><\/div>\t\t\t\t<\/div>\n\t\t\t\t<\/div>\n\t\t\t\t\t<\/div>\n\t\t<\/div>\n\t\t\t\t\t<\/div>\n\t\t<\/section>\n\t\t\t\t<\/div>","protected":false},"excerpt":{"rendered":"<p>COMISI\u00d3N NACIONAL DE HIDROCARBUROS COMISI\u00d3N REGULADORA DE ENERG\u00cdA Secretar\u00eda de&hellip;<\/p>\n<p> <a class=\"more-link\" href=\"https:\/\/eblaw.com.mx\/en\/sitios-de-interes\/\">Read more<\/a><\/p>","protected":false},"author":1,"featured_media":0,"parent":0,"menu_order":0,"comment_status":"closed","ping_status":"closed","template":"","meta":{"footnotes":""},"class_list":["post-12489","page","type-page","status-publish"],"yoast_head":"<!-- This site is optimized with the Yoast SEO plugin v25.5 - https:\/\/yoast.com\/wordpress\/plugins\/seo\/ -->\n<title>Sitios de Inter\u00e9s | Esponda Betancourt<\/title>\n<meta name=\"robots\" content=\"index, follow, max-snippet:-1, max-image-preview:large, max-video-preview:-1\" \/>\n<link rel=\"canonical\" href=\"https:\/\/eblaw.com.mx\/en\/sitios-de-interes\/\" \/>\n<meta property=\"og:locale\" content=\"en_US\" \/>\n<meta property=\"og:type\" content=\"article\" \/>\n<meta property=\"og:title\" content=\"Sitios de Inter\u00e9s | Esponda Betancourt\" \/>\n<meta property=\"og:description\" content=\"COMISI\u00d3N NACIONAL DE HIDROCARBUROS COMISI\u00d3N REGULADORA DE ENERG\u00cdA Secretar\u00eda de&hellip;  Read more\" \/>\n<meta property=\"og:url\" content=\"https:\/\/eblaw.com.mx\/en\/sitios-de-interes\/\" \/>\n<meta property=\"og:site_name\" content=\"Esponda Betancourt\" \/>\n<meta property=\"article:modified_time\" content=\"2020-10-11T05:16:16+00:00\" \/>\n<meta property=\"og:image\" content=\"https:\/\/eblaw.com.mx\/wp-content\/uploads\/2020\/10\/CNH.png\" \/>\n<meta name=\"twitter:card\" content=\"summary_large_image\" \/>\n<script type=\"application\/ld+json\" class=\"yoast-schema-graph\">{\"@context\":\"https:\/\/schema.org\",\"@graph\":[{\"@type\":\"WebPage\",\"@id\":\"https:\/\/eblaw.com.mx\/en\/sitios-de-interes\/\",\"url\":\"https:\/\/eblaw.com.mx\/en\/sitios-de-interes\/\",\"name\":\"Sitios de Inter\u00e9s | Esponda Betancourt\",\"isPartOf\":{\"@id\":\"https:\/\/eblaw.com.mx\/#website\"},\"primaryImageOfPage\":{\"@id\":\"https:\/\/eblaw.com.mx\/en\/sitios-de-interes\/#primaryimage\"},\"image\":{\"@id\":\"https:\/\/eblaw.com.mx\/en\/sitios-de-interes\/#primaryimage\"},\"thumbnailUrl\":\"https:\/\/eblaw.com.mx\/wp-content\/uploads\/2020\/10\/CNH.png\",\"datePublished\":\"2020-10-11T04:55:32+00:00\",\"dateModified\":\"2020-10-11T05:16:16+00:00\",\"breadcrumb\":{\"@id\":\"https:\/\/eblaw.com.mx\/en\/sitios-de-interes\/#breadcrumb\"},\"inLanguage\":\"en-US\",\"potentialAction\":[{\"@type\":\"ReadAction\",\"target\":[\"https:\/\/eblaw.com.mx\/en\/sitios-de-interes\/\"]}]},{\"@type\":\"ImageObject\",\"inLanguage\":\"en-US\",\"@id\":\"https:\/\/eblaw.com.mx\/en\/sitios-de-interes\/#primaryimage\",\"url\":\"https:\/\/eblaw.com.mx\/wp-content\/uploads\/2020\/10\/CNH.png\",\"contentUrl\":\"https:\/\/eblaw.com.mx\/wp-content\/uploads\/2020\/10\/CNH.png\"},{\"@type\":\"BreadcrumbList\",\"@id\":\"https:\/\/eblaw.com.mx\/en\/sitios-de-interes\/#breadcrumb\",\"itemListElement\":[{\"@type\":\"ListItem\",\"position\":1,\"name\":\"Portada\",\"item\":\"https:\/\/eblaw.com.mx\/\"},{\"@type\":\"ListItem\",\"position\":2,\"name\":\"Sitios de Inter\u00e9s\"}]},{\"@type\":\"WebSite\",\"@id\":\"https:\/\/eblaw.com.mx\/#website\",\"url\":\"https:\/\/eblaw.com.mx\/\",\"name\":\"Esponda Betancourt\",\"description\":\"Boutique Law Firm\",\"publisher\":{\"@id\":\"https:\/\/eblaw.com.mx\/#organization\"},\"alternateName\":\"Servicios legales especializados\",\"potentialAction\":[{\"@type\":\"SearchAction\",\"target\":{\"@type\":\"EntryPoint\",\"urlTemplate\":\"https:\/\/eblaw.com.mx\/?s={search_term_string}\"},\"query-input\":{\"@type\":\"PropertyValueSpecification\",\"valueRequired\":true,\"valueName\":\"search_term_string\"}}],\"inLanguage\":\"en-US\"},{\"@type\":\"Organization\",\"@id\":\"https:\/\/eblaw.com.mx\/#organization\",\"name\":\"Esponda Betancourt\",\"alternateName\":\"Servicios legales especializados\",\"url\":\"https:\/\/eblaw.com.mx\/\",\"logo\":{\"@type\":\"ImageObject\",\"inLanguage\":\"en-US\",\"@id\":\"https:\/\/eblaw.com.mx\/#\/schema\/logo\/image\/\",\"url\":\"https:\/\/eblaw.com.mx\/wp-content\/uploads\/2020\/10\/cropped-WhatsApp_Image_2020-10-02_at_11.47.24_PM-removebg-preview-2.png\",\"contentUrl\":\"https:\/\/eblaw.com.mx\/wp-content\/uploads\/2020\/10\/cropped-WhatsApp_Image_2020-10-02_at_11.47.24_PM-removebg-preview-2.png\",\"width\":403,\"height\":127,\"caption\":\"Esponda Betancourt\"},\"image\":{\"@id\":\"https:\/\/eblaw.com.mx\/#\/schema\/logo\/image\/\"}}]}<\/script>\n<!-- \/ Yoast SEO plugin. -->","yoast_head_json":{"title":"Sitios de Inter\u00e9s | Esponda Betancourt","robots":{"index":"index","follow":"follow","max-snippet":"max-snippet:-1","max-image-preview":"max-image-preview:large","max-video-preview":"max-video-preview:-1"},"canonical":"https:\/\/eblaw.com.mx\/en\/sitios-de-interes\/","og_locale":"en_US","og_type":"article","og_title":"Sitios de Inter\u00e9s | Esponda Betancourt","og_description":"COMISI\u00d3N NACIONAL DE HIDROCARBUROS COMISI\u00d3N REGULADORA DE ENERG\u00cdA Secretar\u00eda de&hellip;  Read more","og_url":"https:\/\/eblaw.com.mx\/en\/sitios-de-interes\/","og_site_name":"Esponda Betancourt","article_modified_time":"2020-10-11T05:16:16+00:00","og_image":[{"url":"https:\/\/eblaw.com.mx\/wp-content\/uploads\/2020\/10\/CNH.png","type":"","width":"","height":""}],"twitter_card":"summary_large_image","schema":{"@context":"https:\/\/schema.org","@graph":[{"@type":"WebPage","@id":"https:\/\/eblaw.com.mx\/en\/sitios-de-interes\/","url":"https:\/\/eblaw.com.mx\/en\/sitios-de-interes\/","name":"Sitios de Inter\u00e9s | Esponda Betancourt","isPartOf":{"@id":"https:\/\/eblaw.com.mx\/#website"},"primaryImageOfPage":{"@id":"https:\/\/eblaw.com.mx\/en\/sitios-de-interes\/#primaryimage"},"image":{"@id":"https:\/\/eblaw.com.mx\/en\/sitios-de-interes\/#primaryimage"},"thumbnailUrl":"https:\/\/eblaw.com.mx\/wp-content\/uploads\/2020\/10\/CNH.png","datePublished":"2020-10-11T04:55:32+00:00","dateModified":"2020-10-11T05:16:16+00:00","breadcrumb":{"@id":"https:\/\/eblaw.com.mx\/en\/sitios-de-interes\/#breadcrumb"},"inLanguage":"en-US","potentialAction":[{"@type":"ReadAction","target":["https:\/\/eblaw.com.mx\/en\/sitios-de-interes\/"]}]},{"@type":"ImageObject","inLanguage":"en-US","@id":"https:\/\/eblaw.com.mx\/en\/sitios-de-interes\/#primaryimage","url":"https:\/\/eblaw.com.mx\/wp-content\/uploads\/2020\/10\/CNH.png","contentUrl":"https:\/\/eblaw.com.mx\/wp-content\/uploads\/2020\/10\/CNH.png"},{"@type":"BreadcrumbList","@id":"https:\/\/eblaw.com.mx\/en\/sitios-de-interes\/#breadcrumb","itemListElement":[{"@type":"ListItem","position":1,"name":"Portada","item":"https:\/\/eblaw.com.mx\/"},{"@type":"ListItem","position":2,"name":"Sitios de Inter\u00e9s"}]},{"@type":"WebSite","@id":"https:\/\/eblaw.com.mx\/#website","url":"https:\/\/eblaw.com.mx\/","name":"Esponda Betancourt","description":"Boutique Law Firm","publisher":{"@id":"https:\/\/eblaw.com.mx\/#organization"},"alternateName":"Servicios legales especializados","potentialAction":[{"@type":"SearchAction","target":{"@type":"EntryPoint","urlTemplate":"https:\/\/eblaw.com.mx\/?s={search_term_string}"},"query-input":{"@type":"PropertyValueSpecification","valueRequired":true,"valueName":"search_term_string"}}],"inLanguage":"en-US"},{"@type":"Organization","@id":"https:\/\/eblaw.com.mx\/#organization","name":"Esponda Betancourt","alternateName":"Servicios legales especializados","url":"https:\/\/eblaw.com.mx\/","logo":{"@type":"ImageObject","inLanguage":"en-US","@id":"https:\/\/eblaw.com.mx\/#\/schema\/logo\/image\/","url":"https:\/\/eblaw.com.mx\/wp-content\/uploads\/2020\/10\/cropped-WhatsApp_Image_2020-10-02_at_11.47.24_PM-removebg-preview-2.png","contentUrl":"https:\/\/eblaw.com.mx\/wp-content\/uploads\/2020\/10\/cropped-WhatsApp_Image_2020-10-02_at_11.47.24_PM-removebg-preview-2.png","width":403,"height":127,"caption":"Esponda Betancourt"},"image":{"@id":"https:\/\/eblaw.com.mx\/#\/schema\/logo\/image\/"}}]}},"_links":{"self":[{"href":"https:\/\/eblaw.com.mx\/en\/wp-json\/wp\/v2\/pages\/12489","targetHints":{"allow":["GET"]}}],"collection":[{"href":"https:\/\/eblaw.com.mx\/en\/wp-json\/wp\/v2\/pages"}],"about":[{"href":"https:\/\/eblaw.com.mx\/en\/wp-json\/wp\/v2\/types\/page"}],"author":[{"embeddable":true,"href":"https:\/\/eblaw.com.mx\/en\/wp-json\/wp\/v2\/users\/1"}],"replies":[{"embeddable":true,"href":"https:\/\/eblaw.com.mx\/en\/wp-json\/wp\/v2\/comments?post=12489"}],"version-history":[{"count":0,"href":"https:\/\/eblaw.com.mx\/en\/wp-json\/wp\/v2\/pages\/12489\/revisions"}],"wp:attachment":[{"href":"https:\/\/eblaw.com.mx\/en\/wp-json\/wp\/v2\/media?parent=12489"}],"curies":[{"name":"wp","href":"https:\/\/api.w.org\/{rel}","templated":true}]}}