{"id":12869,"date":"2022-02-15T01:07:03","date_gmt":"2022-02-15T01:07:03","guid":{"rendered":"https:\/\/eblaw.com.mx\/?page_id=12869"},"modified":"2022-02-18T20:05:58","modified_gmt":"2022-02-19T02:05:58","slug":"contratos-para-emprendedores","status":"publish","type":"page","link":"https:\/\/eblaw.com.mx\/en\/contratos-para-emprendedores\/","title":{"rendered":"Contratos para emprendedores"},"content":{"rendered":"<div data-elementor-type=\"wp-page\" data-elementor-id=\"12869\" class=\"elementor elementor-12869\">\n\t\t\t\t\t\t<section class=\"elementor-section elementor-top-section elementor-element elementor-element-e8daa9b elementor-section-full_width elementor-section-stretched elementor-section-height-default elementor-section-height-default\" data-id=\"e8daa9b\" data-element_type=\"section\" data-settings=\"{&quot;stretch_section&quot;:&quot;section-stretched&quot;,&quot;background_background&quot;:&quot;classic&quot;}\">\n\t\t\t\t\t\t\t<div class=\"elementor-background-overlay\"><\/div>\n\t\t\t\t\t\t\t<div class=\"elementor-container elementor-column-gap-default\">\n\t\t\t\t\t<div class=\"elementor-column elementor-col-50 elementor-top-column elementor-element elementor-element-a8de25c\" data-id=\"a8de25c\" data-element_type=\"column\">\n\t\t\t<div class=\"elementor-widget-wrap elementor-element-populated\">\n\t\t\t\t\t\t<div class=\"elementor-element elementor-element-831fad8 elementor-widget elementor-widget-text-editor\" data-id=\"831fad8\" data-element_type=\"widget\" data-widget_type=\"text-editor.default\">\n\t\t\t\t<div class=\"elementor-widget-container\">\n\t\t\t\t\t\t\t\t\tCONTRATOS PARA\nEMPRENDEDORES\t\t\t\t\t\t\t\t<\/div>\n\t\t\t\t<\/div>\n\t\t\t\t\t<\/div>\n\t\t<\/div>\n\t\t\t\t<div class=\"elementor-column elementor-col-50 elementor-top-column elementor-element elementor-element-b4754d3\" data-id=\"b4754d3\" data-element_type=\"column\">\n\t\t\t<div class=\"elementor-widget-wrap\">\n\t\t\t\t\t\t\t<\/div>\n\t\t<\/div>\n\t\t\t\t\t<\/div>\n\t\t<\/section>\n\t\t\t\t<section class=\"elementor-section elementor-top-section elementor-element elementor-element-e223cba elementor-section-stretched elementor-section-boxed elementor-section-height-default elementor-section-height-default\" data-id=\"e223cba\" data-element_type=\"section\" data-settings=\"{&quot;stretch_section&quot;:&quot;section-stretched&quot;,&quot;background_background&quot;:&quot;classic&quot;}\">\n\t\t\t\t\t\t<div class=\"elementor-container elementor-column-gap-default\">\n\t\t\t\t\t<div class=\"elementor-column elementor-col-50 elementor-top-column elementor-element elementor-element-f6c5d54\" data-id=\"f6c5d54\" data-element_type=\"column\">\n\t\t\t<div class=\"elementor-widget-wrap elementor-element-populated\">\n\t\t\t\t\t\t<div class=\"elementor-element elementor-element-eb6f01b elementor-widget elementor-widget-html\" data-id=\"eb6f01b\" data-element_type=\"widget\" data-widget_type=\"html.default\">\n\t\t\t\t<div class=\"elementor-widget-container\">\n\t\t\t\t\t<style>\r\n.accordion {\r\n  background-color: #ffffff;\r\n  color: #444;\r\n  margin: 1px;\r\n  cursor: pointer;\r\n  padding: 22px;\r\n  width: 100%;\r\n  border: none;\r\n  text-align: left;\r\n  outline: none;\r\n  font-size: 18px;\r\n  font-weight: 400;\r\n  color: #000147;\r\n  transition: 0.4s;\r\n}\r\n\r\n.active, .accordion:hover {\r\n  background-color: #ffffff; \r\n}\r\n\r\n.panel {\r\n  padding: 0 18px;\r\n  display: none;\r\n  background-color: white;\r\n  overflow: hidden;\r\n}\r\n<\/style>\r\n<\/head>\r\n<body>\r\n\r\n<h3>Modalidad online y Presencial<\/h3>\r\n\r\n<button class=\"accordion\">Informaci\u00f3n del curso <\/button>\r\n<div class=\"panel\">\r\n  <p><strong>DESCRIPCI\u00d3N DEL CURSO<\/strong><br>\r\nEl presente curso estudiar\u00e1 los elementos de validez y\r\nde existencia de los contratos desde una perspectiva\r\ntotalmente pr\u00e1ctica. Asimismo, analizar los contratos\r\npara poder iniciar una relaci\u00f3n comercial, de\r\nasociaci\u00f3n, de contrataci\u00f3n de personal, compraventa y\r\nde arrendamiento.<br><br>\r\n\r\n<strong>OBJETIVO DEL CURSO<\/strong><br>\r\nEl presente curso tiene como prop\u00f3sito dar a los\r\nemprendedores, empresarios y pymes las suficientes\r\nherramientas y conocimientos necesarios para la\r\nelaboraci\u00f3n de un contrato, as\u00ed como explicar los modelos\r\nde contratos mas utilizados para iniciar un negocio de\r\nforma exitosa a efectos de mitigar cualquier tipo de\r\nriesgo.<\/p>\r\n<\/div>\r\n\r\n<button class=\"accordion\">Ponente<\/button>\r\n<div class=\"panel\">\r\n  <p><strong>DIEGO RODRIGO ESPONDA BETANCOURT<\/strong><br><br>Licenciado en Derecho por la\r\nUniversidad Nacional Aut\u00f3noma de\r\nM\u00e9xico con especialidad en\r\nDerecho Empresarial por la Unidad\r\nde Estudios de Posgrado de dicha\r\ninstituci\u00f3n.<br><br>\r\nCuenta con m\u00e1s de diez a\u00f1os de\r\nexperiencia profesional, enfocando\r\nsu pr\u00e1ctica profesional al sector\r\ncorporativo, energ\u00e9tico, inmobiliario\r\ny ambiental, laborando en\r\ndespachos de reconocimiento\r\nnacional e internacional como\r\nClyde & Co, CMS-Woodhouse\r\nLorente Ludlow, y Bello, Gallardo,\r\nBonequi y Garc\u00eda.<br><br>\r\nActualmente es socio fundador del\r\ndespacho Esponda Betancourt,\r\ndedic\u00e1ndose asesorar a empresas\r\ndel sector energ\u00e9tico,\r\nemprendedores, pymes y startups.<br><br>\r\nAsimismo, ha impartido,\r\nasignaturas, cursos y diplomados\r\ndentro de universidades p\u00fablicas y\r\nprivadas como la UNAM, IPN,\r\nInstituto Rosario Castellanos, \u00cdtaca\r\nEscuela Superior de Negocios y\r\nFacultad Judicial de Derecho\r\nTributario.<br><br>\r\nFinalmente, es miembro del Colegio\r\nMexicano de Abogados<br><br>\r\n<strong>Datos de contacto:<\/strong><br>\r\nCelular: 5540063599<br>\r\nMail: d.esponda@eblaw.com.mx<\/p>\r\n<\/div>\r\n\r\n<button class=\"accordion\">Temario<\/button>\r\n<div class=\"panel\">\r\n  <p><strong>Modulo 1.<\/strong>\r\nElementos de existencia de los contratos<br><br>\r\n<strong>Modulo 2.<\/strong>\r\nElementos de validez de los contratos<br><br>\r\n<strong>Modulo 3.<\/strong>\r\nContratos para iniciar relaciones comerciales y de asociaci\u00f3n(Memorandum of understanding, Letter of Intention, Non disclosure agreement, JointVenture y Asociaci\u00f3n en Participaci\u00f3n)<br><br>\r\n<strong>Modulo 4.<\/strong>\r\nContratos en materia de contrataci\u00f3n (Contrato Individual\r\nd\r\ne Trabajo yContrato de Prestaci\u00f3n de Servicios Profesionales)<br><br>\r\n<strong>Modulo 5.<\/strong>\r\nContrato de compraventa y arrendamiento<br><\/p>\r\n<\/div>\r\n\r\n<script>\r\nvar acc = document.getElementsByClassName(\"accordion\");\r\nvar i;\r\n\r\nfor (i = 0; i < acc.length; i++) {\r\n  acc[i].addEventListener(\"click\", function() {\r\n    this.classList.toggle(\"active\");\r\n    var panel = this.nextElementSibling;\r\n    if (panel.style.display === \"block\") {\r\n      panel.style.display = \"none\";\r\n    } else {\r\n      panel.style.display = \"block\";\r\n    }\r\n  });\r\n}\r\n<\/script>\r\n\t\t\t\t<\/div>\n\t\t\t\t<\/div>\n\t\t\t\t<div class=\"elementor-element elementor-element-fcfb017 elementor-widget elementor-widget-spacer\" data-id=\"fcfb017\" data-element_type=\"widget\" data-widget_type=\"spacer.default\">\n\t\t\t\t<div class=\"elementor-widget-container\">\n\t\t\t\t\t\t\t<div class=\"elementor-spacer\">\n\t\t\t<div class=\"elementor-spacer-inner\"><\/div>\n\t\t<\/div>\n\t\t\t\t\t\t<\/div>\n\t\t\t\t<\/div>\n\t\t\t\t\t<\/div>\n\t\t<\/div>\n\t\t\t\t<div class=\"elementor-column elementor-col-50 elementor-top-column elementor-element elementor-element-126e939\" data-id=\"126e939\" data-element_type=\"column\">\n\t\t\t<div class=\"elementor-widget-wrap elementor-element-populated\">\n\t\t\t\t\t\t<div class=\"elementor-element elementor-element-6e384b9 elementor-widget elementor-widget-spacer\" data-id=\"6e384b9\" data-element_type=\"widget\" data-widget_type=\"spacer.default\">\n\t\t\t\t<div class=\"elementor-widget-container\">\n\t\t\t\t\t\t\t<div class=\"elementor-spacer\">\n\t\t\t<div class=\"elementor-spacer-inner\"><\/div>\n\t\t<\/div>\n\t\t\t\t\t\t<\/div>\n\t\t\t\t<\/div>\n\t\t\t\t<section class=\"elementor-section elementor-inner-section elementor-element elementor-element-8d67130 elementor-section-boxed elementor-section-height-default elementor-section-height-default\" data-id=\"8d67130\" data-element_type=\"section\">\n\t\t\t\t\t\t<div class=\"elementor-container elementor-column-gap-default\">\n\t\t\t\t\t<div class=\"elementor-column elementor-col-100 elementor-inner-column elementor-element elementor-element-1aa0f20\" data-id=\"1aa0f20\" data-element_type=\"column\" data-settings=\"{&quot;background_background&quot;:&quot;classic&quot;}\">\n\t\t\t<div class=\"elementor-widget-wrap elementor-element-populated\">\n\t\t\t\t\t\t<div class=\"elementor-element elementor-element-2ce23f8 elementor-widget elementor-widget-image\" data-id=\"2ce23f8\" data-element_type=\"widget\" data-widget_type=\"image.default\">\n\t\t\t\t<div class=\"elementor-widget-container\">\n\t\t\t\t\t\t\t\t\t\t\t\t\t\t\t<img fetchpriority=\"high\" decoding=\"async\" width=\"800\" height=\"534\" src=\"https:\/\/eblaw.com.mx\/wp-content\/uploads\/2021\/09\/Downloader.la-612f4b051bce1.jpg\" class=\"attachment-large size-large wp-image-12646\" alt=\"\" srcset=\"https:\/\/eblaw.com.mx\/wp-content\/uploads\/2021\/09\/Downloader.la-612f4b051bce1.jpg 1024w, https:\/\/eblaw.com.mx\/wp-content\/uploads\/2021\/09\/Downloader.la-612f4b051bce1-300x200.jpg 300w, https:\/\/eblaw.com.mx\/wp-content\/uploads\/2021\/09\/Downloader.la-612f4b051bce1-768x512.jpg 768w, https:\/\/eblaw.com.mx\/wp-content\/uploads\/2021\/09\/Downloader.la-612f4b051bce1-18x12.jpg 18w, https:\/\/eblaw.com.mx\/wp-content\/uploads\/2021\/09\/Downloader.la-612f4b051bce1-90x60.jpg 90w\" sizes=\"(max-width: 800px) 100vw, 800px\" \/>\t\t\t\t\t\t\t\t\t\t\t\t\t\t\t<\/div>\n\t\t\t\t<\/div>\n\t\t\t\t<div class=\"elementor-element elementor-element-db42778 elementor-widget elementor-widget-text-editor\" data-id=\"db42778\" data-element_type=\"widget\" data-widget_type=\"text-editor.default\">\n\t\t\t\t<div class=\"elementor-widget-container\">\n\t\t\t\t\t\t\t\t\t<p>CONTRATOS PARA<br \/>EMPRENDEDORES<\/p>\t\t\t\t\t\t\t\t<\/div>\n\t\t\t\t<\/div>\n\t\t\t\t<div class=\"elementor-element elementor-element-4dd2b0a elementor-widget elementor-widget-text-editor\" data-id=\"4dd2b0a\" data-element_type=\"widget\" data-widget_type=\"text-editor.default\">\n\t\t\t\t<div class=\"elementor-widget-container\">\n\t\t\t\t\t\t\t\t\t<p>Modalidad Presencial<\/p>\t\t\t\t\t\t\t\t<\/div>\n\t\t\t\t<\/div>\n\t\t\t\t<div class=\"elementor-element elementor-element-d8e815a elementor-align-justify elementor-widget elementor-widget-button\" data-id=\"d8e815a\" data-element_type=\"widget\" data-widget_type=\"button.default\">\n\t\t\t\t<div class=\"elementor-widget-container\">\n\t\t\t\t\t\t\t\t\t<div class=\"elementor-button-wrapper\">\n\t\t\t\t\t<a class=\"elementor-button elementor-button-link elementor-size-sm\" href=\"https:\/\/eblaw.com.mx\/en\/carrito\/?add-to-cart=13025\">\n\t\t\t\t\t\t<span class=\"elementor-button-content-wrapper\">\n\t\t\t\t\t\t<span class=\"elementor-button-icon\">\n\t\t\t\t<i aria-hidden=\"true\" class=\"fas fa-cart-plus\"><\/i>\t\t\t<\/span>\n\t\t\t\t\t\t\t\t\t<span class=\"elementor-button-text\">$ 5000.00 MXN + IVA<\/span>\n\t\t\t\t\t<\/span>\n\t\t\t\t\t<\/a>\n\t\t\t\t<\/div>\n\t\t\t\t\t\t\t\t<\/div>\n\t\t\t\t<\/div>\n\t\t\t\t<div class=\"elementor-element elementor-element-63e0f1c elementor-widget elementor-widget-text-editor\" data-id=\"63e0f1c\" data-element_type=\"widget\" data-widget_type=\"text-editor.default\">\n\t\t\t\t<div class=\"elementor-widget-container\">\n\t\t\t\t\t\t\t\t\t<p>Modalidad Online<\/p>\t\t\t\t\t\t\t\t<\/div>\n\t\t\t\t<\/div>\n\t\t\t\t<div class=\"elementor-element elementor-element-89fd46c elementor-align-justify elementor-widget elementor-widget-button\" data-id=\"89fd46c\" data-element_type=\"widget\" data-widget_type=\"button.default\">\n\t\t\t\t<div class=\"elementor-widget-container\">\n\t\t\t\t\t\t\t\t\t<div class=\"elementor-button-wrapper\">\n\t\t\t\t\t<a class=\"elementor-button elementor-button-link elementor-size-sm\" href=\"https:\/\/eblaw.com.mx\/en\/carrito\/?add-to-cart=13021\">\n\t\t\t\t\t\t<span class=\"elementor-button-content-wrapper\">\n\t\t\t\t\t\t<span class=\"elementor-button-icon\">\n\t\t\t\t<i aria-hidden=\"true\" class=\"fas fa-cart-plus\"><\/i>\t\t\t<\/span>\n\t\t\t\t\t\t\t\t\t<span class=\"elementor-button-text\"> $ 3000.00 MXN + IVA<\/span>\n\t\t\t\t\t<\/span>\n\t\t\t\t\t<\/a>\n\t\t\t\t<\/div>\n\t\t\t\t\t\t\t\t<\/div>\n\t\t\t\t<\/div>\n\t\t\t\t\t<\/div>\n\t\t<\/div>\n\t\t\t\t\t<\/div>\n\t\t<\/section>\n\t\t\t\t\t<\/div>\n\t\t<\/div>\n\t\t\t\t\t<\/div>\n\t\t<\/section>\n\t\t\t\t<\/div>","protected":false},"excerpt":{"rendered":"<p>CONTRATOS PARA EMPRENDEDORES Modalidad online y Presencial Informaci\u00f3n del curso&hellip;<\/p>\n<p> <a class=\"more-link\" href=\"https:\/\/eblaw.com.mx\/en\/contratos-para-emprendedores\/\">Read more<\/a><\/p>","protected":false},"author":2,"featured_media":0,"parent":0,"menu_order":0,"comment_status":"closed","ping_status":"closed","template":"","meta":{"footnotes":""},"class_list":["post-12869","page","type-page","status-publish"],"yoast_head":"<!-- This site is optimized with the Yoast SEO plugin v25.5 - https:\/\/yoast.com\/wordpress\/plugins\/seo\/ -->\n<title>Contratos para emprendedores<\/title>\n<meta name=\"description\" content=\"El presente curso estudiar\u00e1 los elementos de validez y de existencia de los contratos desde una perspectiva totalmente pr\u00e1ctica.\" \/>\n<meta name=\"robots\" content=\"index, follow, max-snippet:-1, max-image-preview:large, max-video-preview:-1\" \/>\n<link rel=\"canonical\" href=\"https:\/\/eblaw.com.mx\/en\/contratos-para-emprendedores\/\" \/>\n<meta property=\"og:locale\" content=\"en_US\" \/>\n<meta property=\"og:type\" content=\"article\" \/>\n<meta property=\"og:title\" content=\"Contratos para emprendedores\" \/>\n<meta property=\"og:description\" content=\"El presente curso estudiar\u00e1 los elementos de validez y de existencia de los contratos desde una perspectiva totalmente pr\u00e1ctica.\" \/>\n<meta property=\"og:url\" content=\"https:\/\/eblaw.com.mx\/en\/contratos-para-emprendedores\/\" \/>\n<meta property=\"og:site_name\" content=\"Esponda Betancourt\" \/>\n<meta property=\"article:modified_time\" content=\"2022-02-19T02:05:58+00:00\" \/>\n<meta property=\"og:image\" content=\"https:\/\/eblaw.com.mx\/wp-content\/uploads\/2021\/09\/Downloader.la-612f4b051bce1.jpg\" \/>\n<meta name=\"twitter:card\" content=\"summary_large_image\" \/>\n<meta name=\"twitter:label1\" content=\"Est. reading time\" \/>\n\t<meta name=\"twitter:data1\" content=\"2 minutes\" \/>\n<script type=\"application\/ld+json\" class=\"yoast-schema-graph\">{\"@context\":\"https:\/\/schema.org\",\"@graph\":[{\"@type\":\"WebPage\",\"@id\":\"https:\/\/eblaw.com.mx\/contratos-para-emprendedores\/\",\"url\":\"https:\/\/eblaw.com.mx\/contratos-para-emprendedores\/\",\"name\":\"Contratos para emprendedores\",\"isPartOf\":{\"@id\":\"https:\/\/eblaw.com.mx\/#website\"},\"primaryImageOfPage\":{\"@id\":\"https:\/\/eblaw.com.mx\/contratos-para-emprendedores\/#primaryimage\"},\"image\":{\"@id\":\"https:\/\/eblaw.com.mx\/contratos-para-emprendedores\/#primaryimage\"},\"thumbnailUrl\":\"https:\/\/eblaw.com.mx\/wp-content\/uploads\/2021\/09\/Downloader.la-612f4b051bce1.jpg\",\"datePublished\":\"2022-02-15T01:07:03+00:00\",\"dateModified\":\"2022-02-19T02:05:58+00:00\",\"description\":\"El presente curso estudiar\u00e1 los elementos de validez y de existencia de los contratos desde una perspectiva totalmente pr\u00e1ctica.\",\"breadcrumb\":{\"@id\":\"https:\/\/eblaw.com.mx\/contratos-para-emprendedores\/#breadcrumb\"},\"inLanguage\":\"en-US\",\"potentialAction\":[{\"@type\":\"ReadAction\",\"target\":[\"https:\/\/eblaw.com.mx\/contratos-para-emprendedores\/\"]}]},{\"@type\":\"ImageObject\",\"inLanguage\":\"en-US\",\"@id\":\"https:\/\/eblaw.com.mx\/contratos-para-emprendedores\/#primaryimage\",\"url\":\"https:\/\/eblaw.com.mx\/wp-content\/uploads\/2021\/09\/Downloader.la-612f4b051bce1.jpg\",\"contentUrl\":\"https:\/\/eblaw.com.mx\/wp-content\/uploads\/2021\/09\/Downloader.la-612f4b051bce1.jpg\"},{\"@type\":\"BreadcrumbList\",\"@id\":\"https:\/\/eblaw.com.mx\/contratos-para-emprendedores\/#breadcrumb\",\"itemListElement\":[{\"@type\":\"ListItem\",\"position\":1,\"name\":\"Portada\",\"item\":\"https:\/\/eblaw.com.mx\/\"},{\"@type\":\"ListItem\",\"position\":2,\"name\":\"Contratos para emprendedores\"}]},{\"@type\":\"WebSite\",\"@id\":\"https:\/\/eblaw.com.mx\/#website\",\"url\":\"https:\/\/eblaw.com.mx\/\",\"name\":\"Esponda Betancourt\",\"description\":\"Boutique Law Firm\",\"publisher\":{\"@id\":\"https:\/\/eblaw.com.mx\/#organization\"},\"alternateName\":\"Servicios legales especializados\",\"potentialAction\":[{\"@type\":\"SearchAction\",\"target\":{\"@type\":\"EntryPoint\",\"urlTemplate\":\"https:\/\/eblaw.com.mx\/?s={search_term_string}\"},\"query-input\":{\"@type\":\"PropertyValueSpecification\",\"valueRequired\":true,\"valueName\":\"search_term_string\"}}],\"inLanguage\":\"en-US\"},{\"@type\":\"Organization\",\"@id\":\"https:\/\/eblaw.com.mx\/#organization\",\"name\":\"Esponda Betancourt\",\"alternateName\":\"Servicios legales especializados\",\"url\":\"https:\/\/eblaw.com.mx\/\",\"logo\":{\"@type\":\"ImageObject\",\"inLanguage\":\"en-US\",\"@id\":\"https:\/\/eblaw.com.mx\/#\/schema\/logo\/image\/\",\"url\":\"https:\/\/eblaw.com.mx\/wp-content\/uploads\/2020\/10\/cropped-WhatsApp_Image_2020-10-02_at_11.47.24_PM-removebg-preview-2.png\",\"contentUrl\":\"https:\/\/eblaw.com.mx\/wp-content\/uploads\/2020\/10\/cropped-WhatsApp_Image_2020-10-02_at_11.47.24_PM-removebg-preview-2.png\",\"width\":403,\"height\":127,\"caption\":\"Esponda Betancourt\"},\"image\":{\"@id\":\"https:\/\/eblaw.com.mx\/#\/schema\/logo\/image\/\"}}]}<\/script>\n<!-- \/ Yoast SEO plugin. -->","yoast_head_json":{"title":"Contratos para emprendedores","description":"El presente curso estudiar\u00e1 los elementos de validez y de existencia de los contratos desde una perspectiva totalmente pr\u00e1ctica.","robots":{"index":"index","follow":"follow","max-snippet":"max-snippet:-1","max-image-preview":"max-image-preview:large","max-video-preview":"max-video-preview:-1"},"canonical":"https:\/\/eblaw.com.mx\/en\/contratos-para-emprendedores\/","og_locale":"en_US","og_type":"article","og_title":"Contratos para emprendedores","og_description":"El presente curso estudiar\u00e1 los elementos de validez y de existencia de los contratos desde una perspectiva totalmente pr\u00e1ctica.","og_url":"https:\/\/eblaw.com.mx\/en\/contratos-para-emprendedores\/","og_site_name":"Esponda Betancourt","article_modified_time":"2022-02-19T02:05:58+00:00","og_image":[{"url":"https:\/\/eblaw.com.mx\/wp-content\/uploads\/2021\/09\/Downloader.la-612f4b051bce1.jpg","type":"","width":"","height":""}],"twitter_card":"summary_large_image","twitter_misc":{"Est. reading time":"2 minutes"},"schema":{"@context":"https:\/\/schema.org","@graph":[{"@type":"WebPage","@id":"https:\/\/eblaw.com.mx\/contratos-para-emprendedores\/","url":"https:\/\/eblaw.com.mx\/contratos-para-emprendedores\/","name":"Contratos para emprendedores","isPartOf":{"@id":"https:\/\/eblaw.com.mx\/#website"},"primaryImageOfPage":{"@id":"https:\/\/eblaw.com.mx\/contratos-para-emprendedores\/#primaryimage"},"image":{"@id":"https:\/\/eblaw.com.mx\/contratos-para-emprendedores\/#primaryimage"},"thumbnailUrl":"https:\/\/eblaw.com.mx\/wp-content\/uploads\/2021\/09\/Downloader.la-612f4b051bce1.jpg","datePublished":"2022-02-15T01:07:03+00:00","dateModified":"2022-02-19T02:05:58+00:00","description":"El presente curso estudiar\u00e1 los elementos de validez y de existencia de los contratos desde una perspectiva totalmente pr\u00e1ctica.","breadcrumb":{"@id":"https:\/\/eblaw.com.mx\/contratos-para-emprendedores\/#breadcrumb"},"inLanguage":"en-US","potentialAction":[{"@type":"ReadAction","target":["https:\/\/eblaw.com.mx\/contratos-para-emprendedores\/"]}]},{"@type":"ImageObject","inLanguage":"en-US","@id":"https:\/\/eblaw.com.mx\/contratos-para-emprendedores\/#primaryimage","url":"https:\/\/eblaw.com.mx\/wp-content\/uploads\/2021\/09\/Downloader.la-612f4b051bce1.jpg","contentUrl":"https:\/\/eblaw.com.mx\/wp-content\/uploads\/2021\/09\/Downloader.la-612f4b051bce1.jpg"},{"@type":"BreadcrumbList","@id":"https:\/\/eblaw.com.mx\/contratos-para-emprendedores\/#breadcrumb","itemListElement":[{"@type":"ListItem","position":1,"name":"Portada","item":"https:\/\/eblaw.com.mx\/"},{"@type":"ListItem","position":2,"name":"Contratos para emprendedores"}]},{"@type":"WebSite","@id":"https:\/\/eblaw.com.mx\/#website","url":"https:\/\/eblaw.com.mx\/","name":"Esponda Betancourt","description":"Boutique Law Firm","publisher":{"@id":"https:\/\/eblaw.com.mx\/#organization"},"alternateName":"Servicios legales especializados","potentialAction":[{"@type":"SearchAction","target":{"@type":"EntryPoint","urlTemplate":"https:\/\/eblaw.com.mx\/?s={search_term_string}"},"query-input":{"@type":"PropertyValueSpecification","valueRequired":true,"valueName":"search_term_string"}}],"inLanguage":"en-US"},{"@type":"Organization","@id":"https:\/\/eblaw.com.mx\/#organization","name":"Esponda Betancourt","alternateName":"Servicios legales especializados","url":"https:\/\/eblaw.com.mx\/","logo":{"@type":"ImageObject","inLanguage":"en-US","@id":"https:\/\/eblaw.com.mx\/#\/schema\/logo\/image\/","url":"https:\/\/eblaw.com.mx\/wp-content\/uploads\/2020\/10\/cropped-WhatsApp_Image_2020-10-02_at_11.47.24_PM-removebg-preview-2.png","contentUrl":"https:\/\/eblaw.com.mx\/wp-content\/uploads\/2020\/10\/cropped-WhatsApp_Image_2020-10-02_at_11.47.24_PM-removebg-preview-2.png","width":403,"height":127,"caption":"Esponda Betancourt"},"image":{"@id":"https:\/\/eblaw.com.mx\/#\/schema\/logo\/image\/"}}]}},"_links":{"self":[{"href":"https:\/\/eblaw.com.mx\/en\/wp-json\/wp\/v2\/pages\/12869","targetHints":{"allow":["GET"]}}],"collection":[{"href":"https:\/\/eblaw.com.mx\/en\/wp-json\/wp\/v2\/pages"}],"about":[{"href":"https:\/\/eblaw.com.mx\/en\/wp-json\/wp\/v2\/types\/page"}],"author":[{"embeddable":true,"href":"https:\/\/eblaw.com.mx\/en\/wp-json\/wp\/v2\/users\/2"}],"replies":[{"embeddable":true,"href":"https:\/\/eblaw.com.mx\/en\/wp-json\/wp\/v2\/comments?post=12869"}],"version-history":[{"count":0,"href":"https:\/\/eblaw.com.mx\/en\/wp-json\/wp\/v2\/pages\/12869\/revisions"}],"wp:attachment":[{"href":"https:\/\/eblaw.com.mx\/en\/wp-json\/wp\/v2\/media?parent=12869"}],"curies":[{"name":"wp","href":"https:\/\/api.w.org\/{rel}","templated":true}]}}