{"id":13047,"date":"2022-02-18T18:04:51","date_gmt":"2022-02-19T00:04:51","guid":{"rendered":"https:\/\/eblaw.com.mx\/?page_id=13047"},"modified":"2022-02-24T23:47:09","modified_gmt":"2022-02-25T05:47:09","slug":"introduccion-al-sector-de-hidrocarburos-en-mexico","status":"publish","type":"page","link":"https:\/\/eblaw.com.mx\/en\/introduccion-al-sector-de-hidrocarburos-en-mexico\/","title":{"rendered":"Introducci\u00f3n al sector de hidrocarburos en M\u00e9xico."},"content":{"rendered":"<div data-elementor-type=\"wp-page\" data-elementor-id=\"13047\" class=\"elementor elementor-13047\">\n\t\t\t\t\t\t<section class=\"elementor-section elementor-top-section elementor-element elementor-element-1db70c7 elementor-section-full_width elementor-section-stretched elementor-section-height-default elementor-section-height-default\" data-id=\"1db70c7\" data-element_type=\"section\" data-settings=\"{&quot;stretch_section&quot;:&quot;section-stretched&quot;,&quot;background_background&quot;:&quot;classic&quot;}\">\n\t\t\t\t\t\t\t<div class=\"elementor-background-overlay\"><\/div>\n\t\t\t\t\t\t\t<div class=\"elementor-container elementor-column-gap-default\">\n\t\t\t\t\t<div class=\"elementor-column elementor-col-50 elementor-top-column elementor-element elementor-element-7a62fd8\" data-id=\"7a62fd8\" data-element_type=\"column\">\n\t\t\t<div class=\"elementor-widget-wrap elementor-element-populated\">\n\t\t\t\t\t\t<div class=\"elementor-element elementor-element-b102cba elementor-widget elementor-widget-text-editor\" data-id=\"b102cba\" data-element_type=\"widget\" data-widget_type=\"text-editor.default\">\n\t\t\t\t<div class=\"elementor-widget-container\">\n\t\t\t\t\t\t\t\t\t<p>INTRODUCCI\u00d3N AL SECTOR DE HIDROCARBUROS EN M\u00c9XICO.<\/p>\t\t\t\t\t\t\t\t<\/div>\n\t\t\t\t<\/div>\n\t\t\t\t\t<\/div>\n\t\t<\/div>\n\t\t\t\t<div class=\"elementor-column elementor-col-50 elementor-top-column elementor-element elementor-element-b69766f\" data-id=\"b69766f\" data-element_type=\"column\">\n\t\t\t<div class=\"elementor-widget-wrap\">\n\t\t\t\t\t\t\t<\/div>\n\t\t<\/div>\n\t\t\t\t\t<\/div>\n\t\t<\/section>\n\t\t\t\t<section class=\"elementor-section elementor-top-section elementor-element elementor-element-44d3212 elementor-section-stretched elementor-section-boxed elementor-section-height-default elementor-section-height-default\" data-id=\"44d3212\" data-element_type=\"section\" data-settings=\"{&quot;stretch_section&quot;:&quot;section-stretched&quot;,&quot;background_background&quot;:&quot;classic&quot;}\">\n\t\t\t\t\t\t<div class=\"elementor-container elementor-column-gap-default\">\n\t\t\t\t\t<div class=\"elementor-column elementor-col-50 elementor-top-column elementor-element elementor-element-c52cc7c\" data-id=\"c52cc7c\" data-element_type=\"column\">\n\t\t\t<div class=\"elementor-widget-wrap elementor-element-populated\">\n\t\t\t\t\t\t<div class=\"elementor-element elementor-element-da7c6cb elementor-widget elementor-widget-html\" data-id=\"da7c6cb\" data-element_type=\"widget\" data-widget_type=\"html.default\">\n\t\t\t\t<div class=\"elementor-widget-container\">\n\t\t\t\t\t<style>\r\n.accordion {\r\n  background-color: #ffffff;\r\n  color: #444;\r\n  margin: 1px;\r\n  cursor: pointer;\r\n  padding: 22px;\r\n  width: 100%;\r\n  border: none;\r\n  text-align: left;\r\n  outline: none;\r\n  font-size: 18px;\r\n  font-weight: 400;\r\n  color: #000147;\r\n  transition: 0.4s;\r\n}\r\n\r\n.active, .accordion:hover {\r\n  background-color: #ffffff; \r\n}\r\n\r\n.panel {\r\n  padding: 0 18px;\r\n  display: none;\r\n  background-color: white;\r\n  overflow: hidden;\r\n}\r\n<\/style>\r\n<\/head>\r\n<body>\r\n\r\n<h3>Modalidad online y Presencial<\/h3>\r\n\r\n<button class=\"accordion\">Informaci\u00f3n del curso <\/button>\r\n<div class=\"panel\">\r\n  <p><strong>DESCRIPCI\u00d3N DEL CURSO<\/strong><br>\r\nEl presente curso tiene como prop\u00f3sito estudiar y analizar lo siguiente:<br>\r\n\r\n1. Las caracter\u00edsticas de la reforma constitucional en materia petrolera<br>\r\n2. A Pemex como empresa productiva del estado;<br>\r\n3. Las actividades del upstream, midstream y downstream.\r\n<br><br>\r\n\r\n<strong>OBJETIVO DEL CURSO<\/strong><br>\r\nEl curso tiene como objetivo que los profesionales y asistentes conozcan las principales caracter\u00edsticas de la reforma constitucional del sector de hidrocarburos, as\u00ed como de la cadena de valor del upstream, midstream y upstream, identificando y analizando a los principales actores.<br><br>\r\n\r\nEste curso est\u00e1 dirigido para todos aquellos profesionales del sector p\u00fablico o privado que est\u00e9n involucrados o tengan inter\u00e9s en participar en alguna actividad de la industria petrolera en M\u00e9xico.\r\n<\/p>\r\n<\/div>\r\n\r\n<button class=\"accordion\">Ponente<\/button>\r\n<div class=\"panel\">\r\n  <p><strong>---<\/strong><br><br>----<\/p>\r\n<\/div>\r\n\r\n<button class=\"accordion\">Temario<\/button>\r\n<div class=\"panel\">\r\n  <p><strong>Modulo 1.<\/strong>\r\nMarco constitucional de los hidrocarburos en M\u00e9xico<br><br>\r\n<strong>Modulo 2.<\/strong>\r\nPemex como empresa productiva del estado<br><br>\r\n<strong>Modulo 3.<\/strong>\r\nRegulaci\u00f3n de la exploraci\u00f3n y extracci\u00f3n de hidrocarburos<br><br>\r\n<strong>Modulo 4.<\/strong>\r\nPermisos de los hidrocarburos<br><br>\r\n\r\n<\/div>\r\n\r\n<script>\r\nvar acc = document.getElementsByClassName(\"accordion\");\r\nvar i;\r\n\r\nfor (i = 0; i < acc.length; i++) {\r\n  acc[i].addEventListener(\"click\", function() {\r\n    this.classList.toggle(\"active\");\r\n    var panel = this.nextElementSibling;\r\n    if (panel.style.display === \"block\") {\r\n      panel.style.display = \"none\";\r\n    } else {\r\n      panel.style.display = \"block\";\r\n    }\r\n  });\r\n}\r\n<\/script>\r\n\t\t\t\t<\/div>\n\t\t\t\t<\/div>\n\t\t\t\t\t<\/div>\n\t\t<\/div>\n\t\t\t\t<div class=\"elementor-column elementor-col-50 elementor-top-column elementor-element elementor-element-6710839\" data-id=\"6710839\" data-element_type=\"column\">\n\t\t\t<div class=\"elementor-widget-wrap elementor-element-populated\">\n\t\t\t\t\t\t<div class=\"elementor-element elementor-element-0a0f363 elementor-widget elementor-widget-spacer\" data-id=\"0a0f363\" data-element_type=\"widget\" data-widget_type=\"spacer.default\">\n\t\t\t\t<div class=\"elementor-widget-container\">\n\t\t\t\t\t\t\t<div class=\"elementor-spacer\">\n\t\t\t<div class=\"elementor-spacer-inner\"><\/div>\n\t\t<\/div>\n\t\t\t\t\t\t<\/div>\n\t\t\t\t<\/div>\n\t\t\t\t<section class=\"elementor-section elementor-inner-section elementor-element elementor-element-c40e595 elementor-section-boxed elementor-section-height-default elementor-section-height-default\" data-id=\"c40e595\" data-element_type=\"section\">\n\t\t\t\t\t\t<div class=\"elementor-container elementor-column-gap-default\">\n\t\t\t\t\t<div class=\"elementor-column elementor-col-100 elementor-inner-column elementor-element elementor-element-39aa5fe\" data-id=\"39aa5fe\" data-element_type=\"column\" data-settings=\"{&quot;background_background&quot;:&quot;classic&quot;}\">\n\t\t\t<div class=\"elementor-widget-wrap elementor-element-populated\">\n\t\t\t\t\t\t<div class=\"elementor-element elementor-element-f5e7661 elementor-widget elementor-widget-image\" data-id=\"f5e7661\" data-element_type=\"widget\" data-widget_type=\"image.default\">\n\t\t\t\t<div class=\"elementor-widget-container\">\n\t\t\t\t\t\t\t\t\t\t\t\t\t\t\t<img fetchpriority=\"high\" decoding=\"async\" width=\"800\" height=\"600\" src=\"https:\/\/eblaw.com.mx\/wp-content\/uploads\/2018\/02\/mejores-tarifas-gas-natural.jpg\" class=\"attachment-large size-large wp-image-12433\" alt=\"\" srcset=\"https:\/\/eblaw.com.mx\/wp-content\/uploads\/2018\/02\/mejores-tarifas-gas-natural.jpg 800w, https:\/\/eblaw.com.mx\/wp-content\/uploads\/2018\/02\/mejores-tarifas-gas-natural-300x225.jpg 300w, https:\/\/eblaw.com.mx\/wp-content\/uploads\/2018\/02\/mejores-tarifas-gas-natural-768x576.jpg 768w, https:\/\/eblaw.com.mx\/wp-content\/uploads\/2018\/02\/mejores-tarifas-gas-natural-90x68.jpg 90w\" sizes=\"(max-width: 800px) 100vw, 800px\" \/>\t\t\t\t\t\t\t\t\t\t\t\t\t\t\t<\/div>\n\t\t\t\t<\/div>\n\t\t\t\t<div class=\"elementor-element elementor-element-3dbac3e elementor-widget elementor-widget-text-editor\" data-id=\"3dbac3e\" data-element_type=\"widget\" data-widget_type=\"text-editor.default\">\n\t\t\t\t<div class=\"elementor-widget-container\">\n\t\t\t\t\t\t\t\t\t<p>INTRODUCCI\u00d3N AL SECTOR DE HIDROCARBUROS EN M\u00c9XICO.<\/p>\t\t\t\t\t\t\t\t<\/div>\n\t\t\t\t<\/div>\n\t\t\t\t<div class=\"elementor-element elementor-element-78dd2f6 elementor-widget elementor-widget-text-editor\" data-id=\"78dd2f6\" data-element_type=\"widget\" data-widget_type=\"text-editor.default\">\n\t\t\t\t<div class=\"elementor-widget-container\">\n\t\t\t\t\t\t\t\t\t<p>Modalidad Presencial<\/p>\t\t\t\t\t\t\t\t<\/div>\n\t\t\t\t<\/div>\n\t\t\t\t<div class=\"elementor-element elementor-element-193812b elementor-align-justify elementor-widget elementor-widget-button\" data-id=\"193812b\" data-element_type=\"widget\" data-widget_type=\"button.default\">\n\t\t\t\t<div class=\"elementor-widget-container\">\n\t\t\t\t\t\t\t\t\t<div class=\"elementor-button-wrapper\">\n\t\t\t\t\t<a class=\"elementor-button elementor-button-link elementor-size-sm\" href=\"https:\/\/eblaw.com.mx\/en\/carrito\/?add-to-cart=13065\">\n\t\t\t\t\t\t<span class=\"elementor-button-content-wrapper\">\n\t\t\t\t\t\t<span class=\"elementor-button-icon\">\n\t\t\t\t<i aria-hidden=\"true\" class=\"fas fa-cart-plus\"><\/i>\t\t\t<\/span>\n\t\t\t\t\t\t\t\t\t<span class=\"elementor-button-text\">$ 5000.00 MXN + IVA<\/span>\n\t\t\t\t\t<\/span>\n\t\t\t\t\t<\/a>\n\t\t\t\t<\/div>\n\t\t\t\t\t\t\t\t<\/div>\n\t\t\t\t<\/div>\n\t\t\t\t<div class=\"elementor-element elementor-element-6038b60 elementor-widget elementor-widget-text-editor\" data-id=\"6038b60\" data-element_type=\"widget\" data-widget_type=\"text-editor.default\">\n\t\t\t\t<div class=\"elementor-widget-container\">\n\t\t\t\t\t\t\t\t\t<p>Modalidad Online<\/p>\t\t\t\t\t\t\t\t<\/div>\n\t\t\t\t<\/div>\n\t\t\t\t<div class=\"elementor-element elementor-element-bce0618 elementor-align-justify elementor-widget elementor-widget-button\" data-id=\"bce0618\" data-element_type=\"widget\" data-widget_type=\"button.default\">\n\t\t\t\t<div class=\"elementor-widget-container\">\n\t\t\t\t\t\t\t\t\t<div class=\"elementor-button-wrapper\">\n\t\t\t\t\t<a class=\"elementor-button elementor-button-link elementor-size-sm\" href=\"https:\/\/eblaw.com.mx\/en\/carrito\/?add-to-cart=13070\">\n\t\t\t\t\t\t<span class=\"elementor-button-content-wrapper\">\n\t\t\t\t\t\t<span class=\"elementor-button-icon\">\n\t\t\t\t<i aria-hidden=\"true\" class=\"fas fa-cart-plus\"><\/i>\t\t\t<\/span>\n\t\t\t\t\t\t\t\t\t<span class=\"elementor-button-text\"> $ 3000.00 MXN + IVA<\/span>\n\t\t\t\t\t<\/span>\n\t\t\t\t\t<\/a>\n\t\t\t\t<\/div>\n\t\t\t\t\t\t\t\t<\/div>\n\t\t\t\t<\/div>\n\t\t\t\t\t<\/div>\n\t\t<\/div>\n\t\t\t\t\t<\/div>\n\t\t<\/section>\n\t\t\t\t<div class=\"elementor-element elementor-element-918de3d elementor-widget elementor-widget-spacer\" data-id=\"918de3d\" data-element_type=\"widget\" data-widget_type=\"spacer.default\">\n\t\t\t\t<div class=\"elementor-widget-container\">\n\t\t\t\t\t\t\t<div class=\"elementor-spacer\">\n\t\t\t<div class=\"elementor-spacer-inner\"><\/div>\n\t\t<\/div>\n\t\t\t\t\t\t<\/div>\n\t\t\t\t<\/div>\n\t\t\t\t\t<\/div>\n\t\t<\/div>\n\t\t\t\t\t<\/div>\n\t\t<\/section>\n\t\t\t\t<\/div>","protected":false},"excerpt":{"rendered":"<p>INTRODUCCI\u00d3N AL SECTOR DE HIDROCARBUROS EN M\u00c9XICO. Modalidad online y&hellip;<\/p>\n<p> <a class=\"more-link\" href=\"https:\/\/eblaw.com.mx\/en\/introduccion-al-sector-de-hidrocarburos-en-mexico\/\">Read more<\/a><\/p>","protected":false},"author":2,"featured_media":0,"parent":0,"menu_order":0,"comment_status":"closed","ping_status":"closed","template":"","meta":{"footnotes":""},"class_list":["post-13047","page","type-page","status-publish"],"yoast_head":"<!-- This site is optimized with the Yoast SEO plugin v25.5 - https:\/\/yoast.com\/wordpress\/plugins\/seo\/ -->\n<title>Introducci\u00f3n al sector de hidrocarburos en M\u00e9xico. | Esponda Betancourt<\/title>\n<meta name=\"robots\" content=\"index, follow, max-snippet:-1, max-image-preview:large, max-video-preview:-1\" \/>\n<link rel=\"canonical\" href=\"https:\/\/eblaw.com.mx\/en\/introduccion-al-sector-de-hidrocarburos-en-mexico\/\" \/>\n<meta property=\"og:locale\" content=\"en_US\" \/>\n<meta property=\"og:type\" content=\"article\" \/>\n<meta property=\"og:title\" content=\"Introducci\u00f3n al sector de hidrocarburos en M\u00e9xico. | Esponda Betancourt\" \/>\n<meta property=\"og:description\" content=\"INTRODUCCI\u00d3N AL SECTOR DE HIDROCARBUROS EN M\u00c9XICO. Modalidad online y&hellip;  Read more\" \/>\n<meta property=\"og:url\" content=\"https:\/\/eblaw.com.mx\/en\/introduccion-al-sector-de-hidrocarburos-en-mexico\/\" \/>\n<meta property=\"og:site_name\" content=\"Esponda Betancourt\" \/>\n<meta property=\"article:modified_time\" content=\"2022-02-25T05:47:09+00:00\" \/>\n<meta property=\"og:image\" content=\"https:\/\/eblaw.com.mx\/wp-content\/uploads\/2018\/02\/mejores-tarifas-gas-natural.jpg\" \/>\n<meta name=\"twitter:card\" content=\"summary_large_image\" \/>\n<meta name=\"twitter:label1\" content=\"Est. reading time\" \/>\n\t<meta name=\"twitter:data1\" content=\"2 minutes\" \/>\n<script type=\"application\/ld+json\" class=\"yoast-schema-graph\">{\"@context\":\"https:\/\/schema.org\",\"@graph\":[{\"@type\":\"WebPage\",\"@id\":\"https:\/\/eblaw.com.mx\/introduccion-al-sector-de-hidrocarburos-en-mexico\/\",\"url\":\"https:\/\/eblaw.com.mx\/introduccion-al-sector-de-hidrocarburos-en-mexico\/\",\"name\":\"Introducci\u00f3n al sector de hidrocarburos en M\u00e9xico. | Esponda Betancourt\",\"isPartOf\":{\"@id\":\"https:\/\/eblaw.com.mx\/#website\"},\"primaryImageOfPage\":{\"@id\":\"https:\/\/eblaw.com.mx\/introduccion-al-sector-de-hidrocarburos-en-mexico\/#primaryimage\"},\"image\":{\"@id\":\"https:\/\/eblaw.com.mx\/introduccion-al-sector-de-hidrocarburos-en-mexico\/#primaryimage\"},\"thumbnailUrl\":\"https:\/\/eblaw.com.mx\/wp-content\/uploads\/2018\/02\/mejores-tarifas-gas-natural.jpg\",\"datePublished\":\"2022-02-19T00:04:51+00:00\",\"dateModified\":\"2022-02-25T05:47:09+00:00\",\"breadcrumb\":{\"@id\":\"https:\/\/eblaw.com.mx\/introduccion-al-sector-de-hidrocarburos-en-mexico\/#breadcrumb\"},\"inLanguage\":\"en-US\",\"potentialAction\":[{\"@type\":\"ReadAction\",\"target\":[\"https:\/\/eblaw.com.mx\/introduccion-al-sector-de-hidrocarburos-en-mexico\/\"]}]},{\"@type\":\"ImageObject\",\"inLanguage\":\"en-US\",\"@id\":\"https:\/\/eblaw.com.mx\/introduccion-al-sector-de-hidrocarburos-en-mexico\/#primaryimage\",\"url\":\"https:\/\/eblaw.com.mx\/wp-content\/uploads\/2018\/02\/mejores-tarifas-gas-natural.jpg\",\"contentUrl\":\"https:\/\/eblaw.com.mx\/wp-content\/uploads\/2018\/02\/mejores-tarifas-gas-natural.jpg\"},{\"@type\":\"BreadcrumbList\",\"@id\":\"https:\/\/eblaw.com.mx\/introduccion-al-sector-de-hidrocarburos-en-mexico\/#breadcrumb\",\"itemListElement\":[{\"@type\":\"ListItem\",\"position\":1,\"name\":\"Portada\",\"item\":\"https:\/\/eblaw.com.mx\/\"},{\"@type\":\"ListItem\",\"position\":2,\"name\":\"Introducci\u00f3n al sector de hidrocarburos en M\u00e9xico.\"}]},{\"@type\":\"WebSite\",\"@id\":\"https:\/\/eblaw.com.mx\/#website\",\"url\":\"https:\/\/eblaw.com.mx\/\",\"name\":\"Esponda Betancourt\",\"description\":\"Boutique Law Firm\",\"publisher\":{\"@id\":\"https:\/\/eblaw.com.mx\/#organization\"},\"alternateName\":\"Servicios legales especializados\",\"potentialAction\":[{\"@type\":\"SearchAction\",\"target\":{\"@type\":\"EntryPoint\",\"urlTemplate\":\"https:\/\/eblaw.com.mx\/?s={search_term_string}\"},\"query-input\":{\"@type\":\"PropertyValueSpecification\",\"valueRequired\":true,\"valueName\":\"search_term_string\"}}],\"inLanguage\":\"en-US\"},{\"@type\":\"Organization\",\"@id\":\"https:\/\/eblaw.com.mx\/#organization\",\"name\":\"Esponda Betancourt\",\"alternateName\":\"Servicios legales especializados\",\"url\":\"https:\/\/eblaw.com.mx\/\",\"logo\":{\"@type\":\"ImageObject\",\"inLanguage\":\"en-US\",\"@id\":\"https:\/\/eblaw.com.mx\/#\/schema\/logo\/image\/\",\"url\":\"https:\/\/eblaw.com.mx\/wp-content\/uploads\/2020\/10\/cropped-WhatsApp_Image_2020-10-02_at_11.47.24_PM-removebg-preview-2.png\",\"contentUrl\":\"https:\/\/eblaw.com.mx\/wp-content\/uploads\/2020\/10\/cropped-WhatsApp_Image_2020-10-02_at_11.47.24_PM-removebg-preview-2.png\",\"width\":403,\"height\":127,\"caption\":\"Esponda Betancourt\"},\"image\":{\"@id\":\"https:\/\/eblaw.com.mx\/#\/schema\/logo\/image\/\"}}]}<\/script>\n<!-- \/ Yoast SEO plugin. -->","yoast_head_json":{"title":"Introducci\u00f3n al sector de hidrocarburos en M\u00e9xico. | Esponda Betancourt","robots":{"index":"index","follow":"follow","max-snippet":"max-snippet:-1","max-image-preview":"max-image-preview:large","max-video-preview":"max-video-preview:-1"},"canonical":"https:\/\/eblaw.com.mx\/en\/introduccion-al-sector-de-hidrocarburos-en-mexico\/","og_locale":"en_US","og_type":"article","og_title":"Introducci\u00f3n al sector de hidrocarburos en M\u00e9xico. | Esponda Betancourt","og_description":"INTRODUCCI\u00d3N AL SECTOR DE HIDROCARBUROS EN M\u00c9XICO. Modalidad online y&hellip;  Read more","og_url":"https:\/\/eblaw.com.mx\/en\/introduccion-al-sector-de-hidrocarburos-en-mexico\/","og_site_name":"Esponda Betancourt","article_modified_time":"2022-02-25T05:47:09+00:00","og_image":[{"url":"https:\/\/eblaw.com.mx\/wp-content\/uploads\/2018\/02\/mejores-tarifas-gas-natural.jpg","type":"","width":"","height":""}],"twitter_card":"summary_large_image","twitter_misc":{"Est. reading time":"2 minutes"},"schema":{"@context":"https:\/\/schema.org","@graph":[{"@type":"WebPage","@id":"https:\/\/eblaw.com.mx\/introduccion-al-sector-de-hidrocarburos-en-mexico\/","url":"https:\/\/eblaw.com.mx\/introduccion-al-sector-de-hidrocarburos-en-mexico\/","name":"Introducci\u00f3n al sector de hidrocarburos en M\u00e9xico. | Esponda Betancourt","isPartOf":{"@id":"https:\/\/eblaw.com.mx\/#website"},"primaryImageOfPage":{"@id":"https:\/\/eblaw.com.mx\/introduccion-al-sector-de-hidrocarburos-en-mexico\/#primaryimage"},"image":{"@id":"https:\/\/eblaw.com.mx\/introduccion-al-sector-de-hidrocarburos-en-mexico\/#primaryimage"},"thumbnailUrl":"https:\/\/eblaw.com.mx\/wp-content\/uploads\/2018\/02\/mejores-tarifas-gas-natural.jpg","datePublished":"2022-02-19T00:04:51+00:00","dateModified":"2022-02-25T05:47:09+00:00","breadcrumb":{"@id":"https:\/\/eblaw.com.mx\/introduccion-al-sector-de-hidrocarburos-en-mexico\/#breadcrumb"},"inLanguage":"en-US","potentialAction":[{"@type":"ReadAction","target":["https:\/\/eblaw.com.mx\/introduccion-al-sector-de-hidrocarburos-en-mexico\/"]}]},{"@type":"ImageObject","inLanguage":"en-US","@id":"https:\/\/eblaw.com.mx\/introduccion-al-sector-de-hidrocarburos-en-mexico\/#primaryimage","url":"https:\/\/eblaw.com.mx\/wp-content\/uploads\/2018\/02\/mejores-tarifas-gas-natural.jpg","contentUrl":"https:\/\/eblaw.com.mx\/wp-content\/uploads\/2018\/02\/mejores-tarifas-gas-natural.jpg"},{"@type":"BreadcrumbList","@id":"https:\/\/eblaw.com.mx\/introduccion-al-sector-de-hidrocarburos-en-mexico\/#breadcrumb","itemListElement":[{"@type":"ListItem","position":1,"name":"Portada","item":"https:\/\/eblaw.com.mx\/"},{"@type":"ListItem","position":2,"name":"Introducci\u00f3n al sector de hidrocarburos en M\u00e9xico."}]},{"@type":"WebSite","@id":"https:\/\/eblaw.com.mx\/#website","url":"https:\/\/eblaw.com.mx\/","name":"Esponda Betancourt","description":"Boutique Law Firm","publisher":{"@id":"https:\/\/eblaw.com.mx\/#organization"},"alternateName":"Servicios legales especializados","potentialAction":[{"@type":"SearchAction","target":{"@type":"EntryPoint","urlTemplate":"https:\/\/eblaw.com.mx\/?s={search_term_string}"},"query-input":{"@type":"PropertyValueSpecification","valueRequired":true,"valueName":"search_term_string"}}],"inLanguage":"en-US"},{"@type":"Organization","@id":"https:\/\/eblaw.com.mx\/#organization","name":"Esponda Betancourt","alternateName":"Servicios legales especializados","url":"https:\/\/eblaw.com.mx\/","logo":{"@type":"ImageObject","inLanguage":"en-US","@id":"https:\/\/eblaw.com.mx\/#\/schema\/logo\/image\/","url":"https:\/\/eblaw.com.mx\/wp-content\/uploads\/2020\/10\/cropped-WhatsApp_Image_2020-10-02_at_11.47.24_PM-removebg-preview-2.png","contentUrl":"https:\/\/eblaw.com.mx\/wp-content\/uploads\/2020\/10\/cropped-WhatsApp_Image_2020-10-02_at_11.47.24_PM-removebg-preview-2.png","width":403,"height":127,"caption":"Esponda Betancourt"},"image":{"@id":"https:\/\/eblaw.com.mx\/#\/schema\/logo\/image\/"}}]}},"_links":{"self":[{"href":"https:\/\/eblaw.com.mx\/en\/wp-json\/wp\/v2\/pages\/13047","targetHints":{"allow":["GET"]}}],"collection":[{"href":"https:\/\/eblaw.com.mx\/en\/wp-json\/wp\/v2\/pages"}],"about":[{"href":"https:\/\/eblaw.com.mx\/en\/wp-json\/wp\/v2\/types\/page"}],"author":[{"embeddable":true,"href":"https:\/\/eblaw.com.mx\/en\/wp-json\/wp\/v2\/users\/2"}],"replies":[{"embeddable":true,"href":"https:\/\/eblaw.com.mx\/en\/wp-json\/wp\/v2\/comments?post=13047"}],"version-history":[{"count":0,"href":"https:\/\/eblaw.com.mx\/en\/wp-json\/wp\/v2\/pages\/13047\/revisions"}],"wp:attachment":[{"href":"https:\/\/eblaw.com.mx\/en\/wp-json\/wp\/v2\/media?parent=13047"}],"curies":[{"name":"wp","href":"https:\/\/api.w.org\/{rel}","templated":true}]}}