{"id":13812,"date":"2025-10-09T11:09:55","date_gmt":"2025-10-09T17:09:55","guid":{"rendered":"https:\/\/eblaw.com.mx\/?page_id=13812"},"modified":"2025-10-09T11:13:47","modified_gmt":"2025-10-09T17:13:47","slug":"sociedad-de-responsabilidad-limitada","status":"publish","type":"page","link":"https:\/\/eblaw.com.mx\/en\/sociedad-de-responsabilidad-limitada\/","title":{"rendered":"Sociedad de responsabilidad limitada: caso de \u00e9xito"},"content":{"rendered":"<p>La <strong>constituci\u00f3n de una sociedad mercantil en M\u00e9xico<\/strong> es un proceso que va m\u00e1s all\u00e1 de firmar un estatuto social. Requiere pasos legales, fiscales y corporativos que garantizan que la empresa nazca con bases s\u00f3lidas.<\/p>\n\n\n\n<p>En <strong>Esponda Abogados<\/strong> recientemente acompa\u00f1amos a un grupo de emprendedores en la creaci\u00f3n de su <strong>Sociedad de Responsabilidad Limitada (S. de R.L.)<\/strong>, asegurando que cada etapa se cumpliera conforme a la ley.<\/p>\n\n\n\n<p>A continuaci\u00f3n, compartimos c\u00f3mo se desarroll\u00f3 este proceso:<\/p>\n\n\n\n<h2 class=\"wp-block-heading\">1. Asesor\u00eda inicial y elecci\u00f3n del tipo de sociedad<\/h2>\n\n\n\n<p>El primer paso consisti\u00f3 en brindar una <strong>asesor\u00eda especializada<\/strong> para determinar la figura jur\u00eddica m\u00e1s conveniente. Se eligi\u00f3 la <strong>S. de R.L.<\/strong> por su flexibilidad administrativa y la limitaci\u00f3n de responsabilidad de los socios.<\/p>\n\n\n\n<h2 class=\"wp-block-heading\">2. Revisi\u00f3n documental y cumplimiento de la ley antilavado<\/h2>\n\n\n\n<p>Se revisaron los <strong>documentos de cada socio<\/strong> y se integr\u00f3 la informaci\u00f3n necesaria para cumplir con la <strong>Ley Federal para la Prevenci\u00f3n e Identificaci\u00f3n de Operaciones con Recursos de Procedencia Il\u00edcita (LFPIORPI)<\/strong>.<br>Al mismo tiempo, se redactaron los <strong>estatutos sociales<\/strong> que regular\u00e1n el funcionamiento de la sociedad.<\/p>\n\n\n\n<h2 class=\"wp-block-heading\">3. Protocolizaci\u00f3n ante Corredor P\u00fablico<\/h2>\n\n\n\n<p>El estatuto social se firm\u00f3 y protocoliz\u00f3 ante un <strong>Corredor P\u00fablico<\/strong>, con lo que la sociedad adquiri\u00f3 <strong>personalidad jur\u00eddica<\/strong> y qued\u00f3 formalmente constituida la sociedad. <\/p>\n\n\n\n<h2 class=\"wp-block-heading\">4. Obtenci\u00f3n del RFC en el SAT<\/h2>\n\n\n\n<p>Posteriormente se gestion\u00f3 una cita en el <strong>SAT<\/strong> para la obtenci\u00f3n del <strong>Registro Federal de Contribuyentes (RFC)<\/strong>, requisito indispensable para facturar y cumplir con obligaciones fiscales.<\/p>\n\n\n\n<h2 class=\"wp-block-heading\">5. Inscripci\u00f3n en el Registro P\u00fablico del Comercio<\/h2>\n\n\n\n<p>El estatuto social se inscribi\u00f3 en el <strong>Registro P\u00fablico del Comercio<\/strong>, otorgando publicidad legal y plena certeza jur\u00eddica frente a terceros.<\/p>\n\n\n\n<h2 class=\"wp-block-heading\">6. Apertura de cuenta bancaria y obtenci\u00f3n de la e.firma<\/h2>\n\n\n\n<p>Con toda la documentaci\u00f3n en regla, se abri\u00f3 la <strong>cuenta bancaria empresarial<\/strong> y se gestion\u00f3 la <strong>Firma Electr\u00f3nica Avanzada (e.firma)<\/strong>, esenciales para la operaci\u00f3n financiera y el cumplimiento de tr\u00e1mites digitales.<\/p>\n\n\n\n<h2 class=\"wp-block-heading\">7. Entrega de los Libros Corporativos<\/h2>\n\n\n\n<p>La sociedad recibi\u00f3 sus <strong>Libros Corporativos<\/strong> (Asamblea de Socios, Registro de Socios, Variaciones de Capital y Sesiones del Consejo de Gerentes, indispensables para un gobierno corporativo ordenado y transparente.<\/p>\n\n\n\n<h2 class=\"wp-block-heading\">8. Solicitud de registro de marca<\/h2>\n\n\n\n<p>De manera paralela, se ingres\u00f3 la <strong>solicitud de registro de marca<\/strong> ante el IMPI, protegiendo la identidad comercial de la nueva empresa desde sus primeros pasos.<\/p>\n\n\n\n<h2 class=\"wp-block-heading\">Reflexi\u00f3n final<\/h2>\n\n\n\n<p>La constituci\u00f3n de una sociedad de responsabilidad limitada no se limita a formalizar un acta: es la construcci\u00f3n de un <strong>andamiaje legal, fiscal y corporativo<\/strong> que protege a los socios y fortalece las bases del negocio.<\/p>\n\n\n\n<p>En <strong>Esponda Abogados<\/strong> acompa\u00f1amos a emprendedores y empresarios en cada etapa de este camino, garantizando seguridad jur\u00eddica y visi\u00f3n de futuro.<\/p>\n\n\n\n<h2 class=\"wp-block-heading\">\ud83d\ude80 Tu empresa puede ser la pr\u00f3xima historia de \u00e9xito<\/h2>\n\n\n\n<p>No dejes que tu proyecto se quede en papel. Con la asesor\u00eda correcta, en pocas semanas puedes tener tu <strong>sociedad constituida, tu marca protegida y tu cuenta bancaria lista para operar<\/strong>.<\/p>\n\n\n\n<p>\ud83d\udca1 Da el siguiente paso hoy mismo:<br>\ud83d\udce9 Agenda una consulta gratuita y descubre c\u00f3mo podemos ayudarte a constituir tu empresa de forma <strong>r\u00e1pida, segura y sin complicaciones<\/strong>.<\/p>","protected":false},"excerpt":{"rendered":"<p>La constituci\u00f3n de una sociedad mercantil en M\u00e9xico es un&hellip;<\/p>\n<p> <a class=\"more-link\" href=\"https:\/\/eblaw.com.mx\/en\/sociedad-de-responsabilidad-limitada\/\">Read more<\/a><\/p>","protected":false},"author":2,"featured_media":13813,"parent":0,"menu_order":0,"comment_status":"closed","ping_status":"closed","template":"","meta":{"footnotes":""},"class_list":["post-13812","page","type-page","status-publish","has-post-thumbnail"],"yoast_head":"<!-- This site is optimized with the Yoast SEO plugin v25.5 - https:\/\/yoast.com\/wordpress\/plugins\/seo\/ -->\n<title>Sociedad de responsabilidad limitada: caso de \u00e9xito | Esponda Betancourt<\/title>\n<meta name=\"description\" content=\"Descubre c\u00f3mo constituir una sociedad de responsabilidad limitada en M\u00e9xico paso a paso: desde la asesor\u00eda inicial y hasta la cuenta bancaria\" \/>\n<meta name=\"robots\" content=\"index, follow, max-snippet:-1, max-image-preview:large, max-video-preview:-1\" \/>\n<link rel=\"canonical\" href=\"https:\/\/eblaw.com.mx\/en\/sociedad-de-responsabilidad-limitada\/\" \/>\n<meta property=\"og:locale\" content=\"en_US\" \/>\n<meta property=\"og:type\" content=\"article\" \/>\n<meta property=\"og:title\" content=\"Sociedad de responsabilidad limitada: caso de \u00e9xito | Esponda Betancourt\" \/>\n<meta property=\"og:description\" content=\"Descubre c\u00f3mo constituir una sociedad de responsabilidad limitada en M\u00e9xico paso a paso: desde la asesor\u00eda inicial y hasta la cuenta bancaria\" \/>\n<meta property=\"og:url\" content=\"https:\/\/eblaw.com.mx\/en\/sociedad-de-responsabilidad-limitada\/\" \/>\n<meta property=\"og:site_name\" content=\"Esponda Betancourt\" \/>\n<meta property=\"article:modified_time\" content=\"2025-10-09T17:13:47+00:00\" \/>\n<meta property=\"og:image\" content=\"https:\/\/eblaw.com.mx\/wp-content\/uploads\/2025\/10\/portada_sociedad_de_responsabilidad_limitada.jpg\" \/>\n\t<meta property=\"og:image:width\" content=\"700\" \/>\n\t<meta property=\"og:image:height\" content=\"394\" \/>\n\t<meta property=\"og:image:type\" content=\"image\/jpeg\" \/>\n<meta name=\"twitter:card\" content=\"summary_large_image\" \/>\n<meta name=\"twitter:label1\" content=\"Est. reading time\" \/>\n\t<meta name=\"twitter:data1\" content=\"3 minutes\" \/>\n<script type=\"application\/ld+json\" class=\"yoast-schema-graph\">{\"@context\":\"https:\/\/schema.org\",\"@graph\":[{\"@type\":\"WebPage\",\"@id\":\"https:\/\/eblaw.com.mx\/sociedad-de-responsabilidad-limitada\/\",\"url\":\"https:\/\/eblaw.com.mx\/sociedad-de-responsabilidad-limitada\/\",\"name\":\"Sociedad de responsabilidad limitada: caso de \u00e9xito | Esponda Betancourt\",\"isPartOf\":{\"@id\":\"https:\/\/eblaw.com.mx\/#website\"},\"primaryImageOfPage\":{\"@id\":\"https:\/\/eblaw.com.mx\/sociedad-de-responsabilidad-limitada\/#primaryimage\"},\"image\":{\"@id\":\"https:\/\/eblaw.com.mx\/sociedad-de-responsabilidad-limitada\/#primaryimage\"},\"thumbnailUrl\":\"https:\/\/eblaw.com.mx\/wp-content\/uploads\/2025\/10\/portada_sociedad_de_responsabilidad_limitada.jpg\",\"datePublished\":\"2025-10-09T17:09:55+00:00\",\"dateModified\":\"2025-10-09T17:13:47+00:00\",\"description\":\"Descubre c\u00f3mo constituir una sociedad de responsabilidad limitada en M\u00e9xico paso a paso: desde la asesor\u00eda inicial y hasta la cuenta bancaria\",\"breadcrumb\":{\"@id\":\"https:\/\/eblaw.com.mx\/sociedad-de-responsabilidad-limitada\/#breadcrumb\"},\"inLanguage\":\"en-US\",\"potentialAction\":[{\"@type\":\"ReadAction\",\"target\":[\"https:\/\/eblaw.com.mx\/sociedad-de-responsabilidad-limitada\/\"]}]},{\"@type\":\"ImageObject\",\"inLanguage\":\"en-US\",\"@id\":\"https:\/\/eblaw.com.mx\/sociedad-de-responsabilidad-limitada\/#primaryimage\",\"url\":\"https:\/\/eblaw.com.mx\/wp-content\/uploads\/2025\/10\/portada_sociedad_de_responsabilidad_limitada.jpg\",\"contentUrl\":\"https:\/\/eblaw.com.mx\/wp-content\/uploads\/2025\/10\/portada_sociedad_de_responsabilidad_limitada.jpg\",\"width\":700,\"height\":394},{\"@type\":\"BreadcrumbList\",\"@id\":\"https:\/\/eblaw.com.mx\/sociedad-de-responsabilidad-limitada\/#breadcrumb\",\"itemListElement\":[{\"@type\":\"ListItem\",\"position\":1,\"name\":\"Portada\",\"item\":\"https:\/\/eblaw.com.mx\/\"},{\"@type\":\"ListItem\",\"position\":2,\"name\":\"Sociedad de responsabilidad limitada: caso de \u00e9xito\"}]},{\"@type\":\"WebSite\",\"@id\":\"https:\/\/eblaw.com.mx\/#website\",\"url\":\"https:\/\/eblaw.com.mx\/\",\"name\":\"Esponda Betancourt\",\"description\":\"Boutique Law Firm\",\"publisher\":{\"@id\":\"https:\/\/eblaw.com.mx\/#organization\"},\"alternateName\":\"Servicios legales especializados\",\"potentialAction\":[{\"@type\":\"SearchAction\",\"target\":{\"@type\":\"EntryPoint\",\"urlTemplate\":\"https:\/\/eblaw.com.mx\/?s={search_term_string}\"},\"query-input\":{\"@type\":\"PropertyValueSpecification\",\"valueRequired\":true,\"valueName\":\"search_term_string\"}}],\"inLanguage\":\"en-US\"},{\"@type\":\"Organization\",\"@id\":\"https:\/\/eblaw.com.mx\/#organization\",\"name\":\"Esponda Betancourt\",\"alternateName\":\"Servicios legales especializados\",\"url\":\"https:\/\/eblaw.com.mx\/\",\"logo\":{\"@type\":\"ImageObject\",\"inLanguage\":\"en-US\",\"@id\":\"https:\/\/eblaw.com.mx\/#\/schema\/logo\/image\/\",\"url\":\"https:\/\/eblaw.com.mx\/wp-content\/uploads\/2020\/10\/cropped-WhatsApp_Image_2020-10-02_at_11.47.24_PM-removebg-preview-2.png\",\"contentUrl\":\"https:\/\/eblaw.com.mx\/wp-content\/uploads\/2020\/10\/cropped-WhatsApp_Image_2020-10-02_at_11.47.24_PM-removebg-preview-2.png\",\"width\":403,\"height\":127,\"caption\":\"Esponda Betancourt\"},\"image\":{\"@id\":\"https:\/\/eblaw.com.mx\/#\/schema\/logo\/image\/\"}}]}<\/script>\n<!-- \/ Yoast SEO plugin. -->","yoast_head_json":{"title":"Sociedad de responsabilidad limitada: caso de \u00e9xito | Esponda Betancourt","description":"Descubre c\u00f3mo constituir una sociedad de responsabilidad limitada en M\u00e9xico paso a paso: desde la asesor\u00eda inicial y hasta la cuenta bancaria","robots":{"index":"index","follow":"follow","max-snippet":"max-snippet:-1","max-image-preview":"max-image-preview:large","max-video-preview":"max-video-preview:-1"},"canonical":"https:\/\/eblaw.com.mx\/en\/sociedad-de-responsabilidad-limitada\/","og_locale":"en_US","og_type":"article","og_title":"Sociedad de responsabilidad limitada: caso de \u00e9xito | Esponda Betancourt","og_description":"Descubre c\u00f3mo constituir una sociedad de responsabilidad limitada en M\u00e9xico paso a paso: desde la asesor\u00eda inicial y hasta la cuenta bancaria","og_url":"https:\/\/eblaw.com.mx\/en\/sociedad-de-responsabilidad-limitada\/","og_site_name":"Esponda Betancourt","article_modified_time":"2025-10-09T17:13:47+00:00","og_image":[{"width":700,"height":394,"url":"https:\/\/eblaw.com.mx\/wp-content\/uploads\/2025\/10\/portada_sociedad_de_responsabilidad_limitada.jpg","type":"image\/jpeg"}],"twitter_card":"summary_large_image","twitter_misc":{"Est. reading time":"3 minutes"},"schema":{"@context":"https:\/\/schema.org","@graph":[{"@type":"WebPage","@id":"https:\/\/eblaw.com.mx\/sociedad-de-responsabilidad-limitada\/","url":"https:\/\/eblaw.com.mx\/sociedad-de-responsabilidad-limitada\/","name":"Sociedad de responsabilidad limitada: caso de \u00e9xito | Esponda Betancourt","isPartOf":{"@id":"https:\/\/eblaw.com.mx\/#website"},"primaryImageOfPage":{"@id":"https:\/\/eblaw.com.mx\/sociedad-de-responsabilidad-limitada\/#primaryimage"},"image":{"@id":"https:\/\/eblaw.com.mx\/sociedad-de-responsabilidad-limitada\/#primaryimage"},"thumbnailUrl":"https:\/\/eblaw.com.mx\/wp-content\/uploads\/2025\/10\/portada_sociedad_de_responsabilidad_limitada.jpg","datePublished":"2025-10-09T17:09:55+00:00","dateModified":"2025-10-09T17:13:47+00:00","description":"Descubre c\u00f3mo constituir una sociedad de responsabilidad limitada en M\u00e9xico paso a paso: desde la asesor\u00eda inicial y hasta la cuenta bancaria","breadcrumb":{"@id":"https:\/\/eblaw.com.mx\/sociedad-de-responsabilidad-limitada\/#breadcrumb"},"inLanguage":"en-US","potentialAction":[{"@type":"ReadAction","target":["https:\/\/eblaw.com.mx\/sociedad-de-responsabilidad-limitada\/"]}]},{"@type":"ImageObject","inLanguage":"en-US","@id":"https:\/\/eblaw.com.mx\/sociedad-de-responsabilidad-limitada\/#primaryimage","url":"https:\/\/eblaw.com.mx\/wp-content\/uploads\/2025\/10\/portada_sociedad_de_responsabilidad_limitada.jpg","contentUrl":"https:\/\/eblaw.com.mx\/wp-content\/uploads\/2025\/10\/portada_sociedad_de_responsabilidad_limitada.jpg","width":700,"height":394},{"@type":"BreadcrumbList","@id":"https:\/\/eblaw.com.mx\/sociedad-de-responsabilidad-limitada\/#breadcrumb","itemListElement":[{"@type":"ListItem","position":1,"name":"Portada","item":"https:\/\/eblaw.com.mx\/"},{"@type":"ListItem","position":2,"name":"Sociedad de responsabilidad limitada: caso de \u00e9xito"}]},{"@type":"WebSite","@id":"https:\/\/eblaw.com.mx\/#website","url":"https:\/\/eblaw.com.mx\/","name":"Esponda Betancourt","description":"Boutique Law Firm","publisher":{"@id":"https:\/\/eblaw.com.mx\/#organization"},"alternateName":"Servicios legales especializados","potentialAction":[{"@type":"SearchAction","target":{"@type":"EntryPoint","urlTemplate":"https:\/\/eblaw.com.mx\/?s={search_term_string}"},"query-input":{"@type":"PropertyValueSpecification","valueRequired":true,"valueName":"search_term_string"}}],"inLanguage":"en-US"},{"@type":"Organization","@id":"https:\/\/eblaw.com.mx\/#organization","name":"Esponda Betancourt","alternateName":"Servicios legales especializados","url":"https:\/\/eblaw.com.mx\/","logo":{"@type":"ImageObject","inLanguage":"en-US","@id":"https:\/\/eblaw.com.mx\/#\/schema\/logo\/image\/","url":"https:\/\/eblaw.com.mx\/wp-content\/uploads\/2020\/10\/cropped-WhatsApp_Image_2020-10-02_at_11.47.24_PM-removebg-preview-2.png","contentUrl":"https:\/\/eblaw.com.mx\/wp-content\/uploads\/2020\/10\/cropped-WhatsApp_Image_2020-10-02_at_11.47.24_PM-removebg-preview-2.png","width":403,"height":127,"caption":"Esponda Betancourt"},"image":{"@id":"https:\/\/eblaw.com.mx\/#\/schema\/logo\/image\/"}}]}},"_links":{"self":[{"href":"https:\/\/eblaw.com.mx\/en\/wp-json\/wp\/v2\/pages\/13812","targetHints":{"allow":["GET"]}}],"collection":[{"href":"https:\/\/eblaw.com.mx\/en\/wp-json\/wp\/v2\/pages"}],"about":[{"href":"https:\/\/eblaw.com.mx\/en\/wp-json\/wp\/v2\/types\/page"}],"author":[{"embeddable":true,"href":"https:\/\/eblaw.com.mx\/en\/wp-json\/wp\/v2\/users\/2"}],"replies":[{"embeddable":true,"href":"https:\/\/eblaw.com.mx\/en\/wp-json\/wp\/v2\/comments?post=13812"}],"version-history":[{"count":0,"href":"https:\/\/eblaw.com.mx\/en\/wp-json\/wp\/v2\/pages\/13812\/revisions"}],"wp:featuredmedia":[{"embeddable":true,"href":"https:\/\/eblaw.com.mx\/en\/wp-json\/wp\/v2\/media\/13813"}],"wp:attachment":[{"href":"https:\/\/eblaw.com.mx\/en\/wp-json\/wp\/v2\/media?parent=13812"}],"curies":[{"name":"wp","href":"https:\/\/api.w.org\/{rel}","templated":true}]}}