{"id":12267,"date":"2020-09-18T16:52:14","date_gmt":"2020-09-18T16:52:14","guid":{"rendered":"https:\/\/eblaw.com.mx\/?post_type=product&#038;p=12267"},"modified":"2020-10-11T04:54:53","modified_gmt":"2020-10-11T04:54:53","slug":"industria-energia-electrica","status":"publish","type":"product","link":"https:\/\/eblaw.com.mx\/en\/product\/industria-energia-electrica\/","title":{"rendered":"Electricidad"},"content":{"rendered":"<ul>\n<li><strong>Acompa\u00f1amiento y asesor\u00eda legal en Licitaciones.<\/strong><\/li>\n<\/ul>\n<p>&nbsp;<\/p>\n<ul>\n<li><strong>Permisos de generaci\u00f3n.<\/strong><\/li>\n<\/ul>\n<p>&nbsp;<\/p>\n<ul>\n<li><strong>Solicitud de interconexi\u00f3n (estudio indicativo, estudio de impacto en el sistema y estudio de instalaciones).<\/strong><\/li>\n<\/ul>\n<p>&nbsp;<\/p>\n<ul>\n<li><strong>Asesor\u00eda y administraci\u00f3n de contratos.<\/strong><\/li>\n<\/ul>\n<p>&nbsp;<\/p>\n<ul>\n<li><strong>Elaboraci\u00f3n y negociaci\u00f3n de contratos de interconexi\u00f3n.<\/strong><\/li>\n<\/ul>\n<p>&nbsp;<\/p>\n<ul>\n<li><strong>Registro de Participante del Mercado.<\/strong><\/li>\n<\/ul>\n<p>&nbsp;<\/p>\n<ul>\n<li><strong>Elaboraci\u00f3n y negociaci\u00f3n de contratos de instalaci\u00f3n, procura y construcci\u00f3n.<\/strong><\/li>\n<\/ul>\n<p>&nbsp;<\/p>\n<ul>\n<li><strong>Cumplimiento regulatorio.<\/strong><\/li>\n<\/ul>\n<p>&nbsp;<\/p>\n<ul>\n<li><strong>Gesti\u00f3n integral de de contratos de compraventa de energ\u00eda el\u00e9ctrica y suministro el\u00e9ctrico.<\/strong><\/li>\n<\/ul>\n<p>&nbsp;<\/p>\n<ul>\n<li><strong>Gesti\u00f3n de de reportes de Auditoria.<\/strong><\/li>\n<\/ul>\n<p>&nbsp;<\/p>\n<ul>\n<li><strong>Asesor\u00eda y consultor\u00eda en el sector el\u00e9ctrico.<\/strong><\/li>\n<\/ul>\n<p>&nbsp;<\/p>\n<ul>\n<li><strong>Obtenci\u00f3n de permisos.<\/strong><\/li>\n<\/ul>","protected":false},"excerpt":{"rendered":"<p><strong>Brindamos el mejor acompa\u00f1amiento, ya que contamos con una amplia experiencia y un enfoque integral de las regulaciones, requisitos y aspectos legales implicados en la cadena de valor de la Industria de la Energ\u00eda.<\/strong><\/p>\n<p> <a class=\"more-link\" href=\"https:\/\/eblaw.com.mx\/en\/product\/industria-energia-electrica\/\">Read more<\/a><\/p>","protected":false},"featured_media":12395,"template":"","meta":[],"product_brand":[],"product_cat":[44],"product_tag":[45],"class_list":{"0":"post-12267","1":"product","2":"type-product","3":"status-publish","4":"has-post-thumbnail","6":"product_cat-servicios-legales","7":"product_tag-sector-electrico","9":"first","10":"instock","11":"taxable","12":"shipping-taxable","13":"product-type-simple"},"yoast_head":"<!-- This site is optimized with the Yoast SEO plugin v25.5 - https:\/\/yoast.com\/wordpress\/plugins\/seo\/ -->\n<title>Electricidad | Esponda Betancourt<\/title>\n<meta name=\"robots\" content=\"index, follow, max-snippet:-1, max-image-preview:large, max-video-preview:-1\" \/>\n<link rel=\"canonical\" href=\"https:\/\/eblaw.com.mx\/en\/product\/industria-energia-electrica\/\" \/>\n<meta property=\"og:locale\" content=\"en_US\" \/>\n<meta property=\"og:type\" content=\"article\" \/>\n<meta property=\"og:title\" content=\"Electricidad | Esponda Betancourt\" \/>\n<meta property=\"og:description\" content=\"Brindamos el mejor acompa\u00f1amiento, ya que contamos con una amplia experiencia y un enfoque integral de las regulaciones, requisitos y aspectos legales implicados en la cadena de valor de la Industria de la Energ\u00eda.\" \/>\n<meta property=\"og:url\" content=\"https:\/\/eblaw.com.mx\/en\/product\/industria-energia-electrica\/\" \/>\n<meta property=\"og:site_name\" content=\"Esponda Betancourt\" \/>\n<meta property=\"article:modified_time\" content=\"2020-10-11T04:54:53+00:00\" \/>\n<meta property=\"og:image\" content=\"https:\/\/eblaw.com.mx\/wp-content\/uploads\/2020\/09\/pexels-pixabay-159397.jpg\" \/>\n\t<meta property=\"og:image:width\" content=\"1920\" \/>\n\t<meta property=\"og:image:height\" content=\"1080\" \/>\n\t<meta property=\"og:image:type\" content=\"image\/jpeg\" \/>\n<meta name=\"twitter:card\" content=\"summary_large_image\" \/>\n<meta name=\"twitter:label1\" content=\"Est. reading time\" \/>\n\t<meta name=\"twitter:data1\" content=\"1 minute\" \/>\n<script type=\"application\/ld+json\" class=\"yoast-schema-graph\">{\"@context\":\"https:\/\/schema.org\",\"@graph\":[{\"@type\":\"WebPage\",\"@id\":\"https:\/\/eblaw.com.mx\/en\/product\/industria-energia-electrica\/\",\"url\":\"https:\/\/eblaw.com.mx\/en\/product\/industria-energia-electrica\/\",\"name\":\"Electricidad | Esponda Betancourt\",\"isPartOf\":{\"@id\":\"https:\/\/eblaw.com.mx\/#website\"},\"primaryImageOfPage\":{\"@id\":\"https:\/\/eblaw.com.mx\/en\/product\/industria-energia-electrica\/#primaryimage\"},\"image\":{\"@id\":\"https:\/\/eblaw.com.mx\/en\/product\/industria-energia-electrica\/#primaryimage\"},\"thumbnailUrl\":\"https:\/\/eblaw.com.mx\/wp-content\/uploads\/2020\/09\/pexels-pixabay-159397.jpg\",\"datePublished\":\"2020-09-18T16:52:14+00:00\",\"dateModified\":\"2020-10-11T04:54:53+00:00\",\"breadcrumb\":{\"@id\":\"https:\/\/eblaw.com.mx\/en\/product\/industria-energia-electrica\/#breadcrumb\"},\"inLanguage\":\"en-US\",\"potentialAction\":[{\"@type\":\"ReadAction\",\"target\":[\"https:\/\/eblaw.com.mx\/en\/product\/industria-energia-electrica\/\"]}]},{\"@type\":\"ImageObject\",\"inLanguage\":\"en-US\",\"@id\":\"https:\/\/eblaw.com.mx\/en\/product\/industria-energia-electrica\/#primaryimage\",\"url\":\"https:\/\/eblaw.com.mx\/wp-content\/uploads\/2020\/09\/pexels-pixabay-159397.jpg\",\"contentUrl\":\"https:\/\/eblaw.com.mx\/wp-content\/uploads\/2020\/09\/pexels-pixabay-159397.jpg\",\"width\":1920,\"height\":1080},{\"@type\":\"BreadcrumbList\",\"@id\":\"https:\/\/eblaw.com.mx\/en\/product\/industria-energia-electrica\/#breadcrumb\",\"itemListElement\":[{\"@type\":\"ListItem\",\"position\":1,\"name\":\"Portada\",\"item\":\"https:\/\/eblaw.com.mx\/\"},{\"@type\":\"ListItem\",\"position\":2,\"name\":\"\u00c1reas de Pr\u00e1ctica\",\"item\":\"https:\/\/eblaw.com.mx\/en\/areas-de-practica\/\"},{\"@type\":\"ListItem\",\"position\":3,\"name\":\"Electricidad\"}]},{\"@type\":\"WebSite\",\"@id\":\"https:\/\/eblaw.com.mx\/#website\",\"url\":\"https:\/\/eblaw.com.mx\/\",\"name\":\"Esponda Betancourt\",\"description\":\"Boutique Law Firm\",\"publisher\":{\"@id\":\"https:\/\/eblaw.com.mx\/#organization\"},\"alternateName\":\"Servicios legales especializados\",\"potentialAction\":[{\"@type\":\"SearchAction\",\"target\":{\"@type\":\"EntryPoint\",\"urlTemplate\":\"https:\/\/eblaw.com.mx\/?s={search_term_string}\"},\"query-input\":{\"@type\":\"PropertyValueSpecification\",\"valueRequired\":true,\"valueName\":\"search_term_string\"}}],\"inLanguage\":\"en-US\"},{\"@type\":\"Organization\",\"@id\":\"https:\/\/eblaw.com.mx\/#organization\",\"name\":\"Esponda Betancourt\",\"alternateName\":\"Servicios legales especializados\",\"url\":\"https:\/\/eblaw.com.mx\/\",\"logo\":{\"@type\":\"ImageObject\",\"inLanguage\":\"en-US\",\"@id\":\"https:\/\/eblaw.com.mx\/#\/schema\/logo\/image\/\",\"url\":\"https:\/\/eblaw.com.mx\/wp-content\/uploads\/2020\/10\/cropped-WhatsApp_Image_2020-10-02_at_11.47.24_PM-removebg-preview-2.png\",\"contentUrl\":\"https:\/\/eblaw.com.mx\/wp-content\/uploads\/2020\/10\/cropped-WhatsApp_Image_2020-10-02_at_11.47.24_PM-removebg-preview-2.png\",\"width\":403,\"height\":127,\"caption\":\"Esponda Betancourt\"},\"image\":{\"@id\":\"https:\/\/eblaw.com.mx\/#\/schema\/logo\/image\/\"}}]}<\/script>\n<!-- \/ Yoast SEO plugin. -->","yoast_head_json":{"title":"Electricidad | Esponda Betancourt","robots":{"index":"index","follow":"follow","max-snippet":"max-snippet:-1","max-image-preview":"max-image-preview:large","max-video-preview":"max-video-preview:-1"},"canonical":"https:\/\/eblaw.com.mx\/en\/product\/industria-energia-electrica\/","og_locale":"en_US","og_type":"article","og_title":"Electricidad | Esponda Betancourt","og_description":"Brindamos el mejor acompa\u00f1amiento, ya que contamos con una amplia experiencia y un enfoque integral de las regulaciones, requisitos y aspectos legales implicados en la cadena de valor de la Industria de la Energ\u00eda.","og_url":"https:\/\/eblaw.com.mx\/en\/product\/industria-energia-electrica\/","og_site_name":"Esponda Betancourt","article_modified_time":"2020-10-11T04:54:53+00:00","og_image":[{"width":1920,"height":1080,"url":"https:\/\/eblaw.com.mx\/wp-content\/uploads\/2020\/09\/pexels-pixabay-159397.jpg","type":"image\/jpeg"}],"twitter_card":"summary_large_image","twitter_misc":{"Est. reading time":"1 minute"},"schema":{"@context":"https:\/\/schema.org","@graph":[{"@type":"WebPage","@id":"https:\/\/eblaw.com.mx\/en\/product\/industria-energia-electrica\/","url":"https:\/\/eblaw.com.mx\/en\/product\/industria-energia-electrica\/","name":"Electricidad | Esponda Betancourt","isPartOf":{"@id":"https:\/\/eblaw.com.mx\/#website"},"primaryImageOfPage":{"@id":"https:\/\/eblaw.com.mx\/en\/product\/industria-energia-electrica\/#primaryimage"},"image":{"@id":"https:\/\/eblaw.com.mx\/en\/product\/industria-energia-electrica\/#primaryimage"},"thumbnailUrl":"https:\/\/eblaw.com.mx\/wp-content\/uploads\/2020\/09\/pexels-pixabay-159397.jpg","datePublished":"2020-09-18T16:52:14+00:00","dateModified":"2020-10-11T04:54:53+00:00","breadcrumb":{"@id":"https:\/\/eblaw.com.mx\/en\/product\/industria-energia-electrica\/#breadcrumb"},"inLanguage":"en-US","potentialAction":[{"@type":"ReadAction","target":["https:\/\/eblaw.com.mx\/en\/product\/industria-energia-electrica\/"]}]},{"@type":"ImageObject","inLanguage":"en-US","@id":"https:\/\/eblaw.com.mx\/en\/product\/industria-energia-electrica\/#primaryimage","url":"https:\/\/eblaw.com.mx\/wp-content\/uploads\/2020\/09\/pexels-pixabay-159397.jpg","contentUrl":"https:\/\/eblaw.com.mx\/wp-content\/uploads\/2020\/09\/pexels-pixabay-159397.jpg","width":1920,"height":1080},{"@type":"BreadcrumbList","@id":"https:\/\/eblaw.com.mx\/en\/product\/industria-energia-electrica\/#breadcrumb","itemListElement":[{"@type":"ListItem","position":1,"name":"Portada","item":"https:\/\/eblaw.com.mx\/"},{"@type":"ListItem","position":2,"name":"\u00c1reas de Pr\u00e1ctica","item":"https:\/\/eblaw.com.mx\/en\/areas-de-practica\/"},{"@type":"ListItem","position":3,"name":"Electricidad"}]},{"@type":"WebSite","@id":"https:\/\/eblaw.com.mx\/#website","url":"https:\/\/eblaw.com.mx\/","name":"Esponda Betancourt","description":"Boutique Law Firm","publisher":{"@id":"https:\/\/eblaw.com.mx\/#organization"},"alternateName":"Servicios legales especializados","potentialAction":[{"@type":"SearchAction","target":{"@type":"EntryPoint","urlTemplate":"https:\/\/eblaw.com.mx\/?s={search_term_string}"},"query-input":{"@type":"PropertyValueSpecification","valueRequired":true,"valueName":"search_term_string"}}],"inLanguage":"en-US"},{"@type":"Organization","@id":"https:\/\/eblaw.com.mx\/#organization","name":"Esponda Betancourt","alternateName":"Servicios legales especializados","url":"https:\/\/eblaw.com.mx\/","logo":{"@type":"ImageObject","inLanguage":"en-US","@id":"https:\/\/eblaw.com.mx\/#\/schema\/logo\/image\/","url":"https:\/\/eblaw.com.mx\/wp-content\/uploads\/2020\/10\/cropped-WhatsApp_Image_2020-10-02_at_11.47.24_PM-removebg-preview-2.png","contentUrl":"https:\/\/eblaw.com.mx\/wp-content\/uploads\/2020\/10\/cropped-WhatsApp_Image_2020-10-02_at_11.47.24_PM-removebg-preview-2.png","width":403,"height":127,"caption":"Esponda Betancourt"},"image":{"@id":"https:\/\/eblaw.com.mx\/#\/schema\/logo\/image\/"}}]}},"_links":{"self":[{"href":"https:\/\/eblaw.com.mx\/en\/wp-json\/wp\/v2\/product\/12267","targetHints":{"allow":["GET"]}}],"collection":[{"href":"https:\/\/eblaw.com.mx\/en\/wp-json\/wp\/v2\/product"}],"about":[{"href":"https:\/\/eblaw.com.mx\/en\/wp-json\/wp\/v2\/types\/product"}],"wp:featuredmedia":[{"embeddable":true,"href":"https:\/\/eblaw.com.mx\/en\/wp-json\/wp\/v2\/media\/12395"}],"wp:attachment":[{"href":"https:\/\/eblaw.com.mx\/en\/wp-json\/wp\/v2\/media?parent=12267"}],"wp:term":[{"taxonomy":"product_brand","embeddable":true,"href":"https:\/\/eblaw.com.mx\/en\/wp-json\/wp\/v2\/product_brand?post=12267"},{"taxonomy":"product_cat","embeddable":true,"href":"https:\/\/eblaw.com.mx\/en\/wp-json\/wp\/v2\/product_cat?post=12267"},{"taxonomy":"product_tag","embeddable":true,"href":"https:\/\/eblaw.com.mx\/en\/wp-json\/wp\/v2\/product_tag?post=12267"}],"curies":[{"name":"wp","href":"https:\/\/api.w.org\/{rel}","templated":true}]}}