{"id":12277,"date":"2020-09-18T17:14:27","date_gmt":"2020-09-18T17:14:27","guid":{"rendered":"https:\/\/eblaw.com.mx\/?post_type=product&#038;p=12277"},"modified":"2020-10-11T04:47:19","modified_gmt":"2020-10-11T04:47:19","slug":"industria-oil-and-gas","status":"publish","type":"product","link":"https:\/\/eblaw.com.mx\/en\/product\/industria-oil-and-gas\/","title":{"rendered":"Petr\u00f3leo y Gas"},"content":{"rendered":"<ul>\n<li><strong>Asesor\u00eda respecto de procesos de licitaci\u00f3n para la adjudicaci\u00f3n de contratos.<\/strong><\/li>\n<\/ul>\n<p>&nbsp;<\/p>\n<ul>\n<li><strong>Permisos de almacenamiento, distribuci\u00f3n, comercializaci\u00f3n y estaciones de servicio.<\/strong><\/li>\n<\/ul>\n<p>&nbsp;<\/p>\n<ul>\n<li><strong>Elaboraci\u00f3n y administraci\u00f3n de contratos.<\/strong><\/li>\n<\/ul>\n<p>&nbsp;<\/p>\n<ul>\n<li><strong>Gesti\u00f3n de contratos de ingenier\u00eda, procura y construcci\u00f3n.<\/strong><\/li>\n<\/ul>\n<p>&nbsp;<\/p>\n<ul>\n<li><strong>Cumplimiento regulatorio.<\/strong><\/li>\n<\/ul>\n<p>&nbsp;<\/p>\n<ul>\n<li><strong>Asesor\u00eda para la operaci\u00f3n de Unidades Flotantes de Almacenamiento y Descarga de Producci\u00f3n (FPSO).<\/strong><\/li>\n<\/ul>\n<p>&nbsp;<\/p>\n<ul>\n<li><strong>Reclamos en contra de Petr\u00f3leos Mexicanos (PEMEX), mediante el Sistema Nacional Anticorrupci\u00f3n (SNA).<\/strong><\/li>\n<\/ul>\n<p>&nbsp;<\/p>\n<ul>\n<li><strong>Reclamos en contra de Petr\u00f3leos Mexicanos (PEMEX), a trav\u00e9s de los Medios Alternativos de Soluci\u00f3n de Controversias.<\/strong><\/li>\n<\/ul>\n<p>&nbsp;<\/p>\n<ul>\n<li><strong>Reportes de Auditoria.<\/strong><\/li>\n<\/ul>\n<p>&nbsp;<\/p>\n<ul>\n<li><strong>Asesor\u00eda y consultor\u00eda en el sector de hidrocarburos.<\/strong><\/li>\n<\/ul>","protected":false},"excerpt":{"rendered":"<p><strong>Ante la situaci\u00f3n actual de fluctuaci\u00f3n y nuevos contextos regulatorios en el sector energ\u00e9tico de los hidrocarburos, Esponda Betancourt ofrece un acompa\u00f1amiento integral y una asesor\u00eda\u00a0 plena que le permita a nuestros clientes maximizar sus beneficios y contar con una mayor certeza respecto a su toma de decisiones.<\/strong><\/p>\n<p> <a class=\"more-link\" href=\"https:\/\/eblaw.com.mx\/en\/product\/industria-oil-and-gas\/\">Read more<\/a><\/p>","protected":false},"featured_media":12253,"template":"","meta":[],"product_brand":[],"product_cat":[44],"product_tag":[46],"class_list":{"0":"post-12277","1":"product","2":"type-product","3":"status-publish","4":"has-post-thumbnail","6":"product_cat-servicios-legales","7":"product_tag-sector-hidrocarburos","9":"first","10":"instock","11":"taxable","12":"shipping-taxable","13":"product-type-simple"},"yoast_head":"<!-- This site is optimized with the Yoast SEO plugin v25.5 - https:\/\/yoast.com\/wordpress\/plugins\/seo\/ -->\n<title>Petr\u00f3leo y Gas | Esponda Betancourt<\/title>\n<meta name=\"robots\" content=\"index, follow, max-snippet:-1, max-image-preview:large, max-video-preview:-1\" \/>\n<link rel=\"canonical\" href=\"https:\/\/eblaw.com.mx\/en\/product\/industria-oil-and-gas\/\" \/>\n<meta property=\"og:locale\" content=\"en_US\" \/>\n<meta property=\"og:type\" content=\"article\" \/>\n<meta property=\"og:title\" content=\"Petr\u00f3leo y Gas | Esponda Betancourt\" \/>\n<meta property=\"og:description\" content=\"Ante la situaci\u00f3n actual de fluctuaci\u00f3n y nuevos contextos regulatorios en el sector energ\u00e9tico de los hidrocarburos, Esponda Betancourt ofrece un acompa\u00f1amiento integral y una asesor\u00eda\u00a0 plena que le permita a nuestros clientes maximizar sus beneficios y contar con una mayor certeza respecto a su toma de decisiones.\" \/>\n<meta property=\"og:url\" content=\"https:\/\/eblaw.com.mx\/en\/product\/industria-oil-and-gas\/\" \/>\n<meta property=\"og:site_name\" content=\"Esponda Betancourt\" \/>\n<meta property=\"article:modified_time\" content=\"2020-10-11T04:47:19+00:00\" \/>\n<meta property=\"og:image\" content=\"https:\/\/eblaw.com.mx\/wp-content\/uploads\/2020\/09\/pexels-zukiman-mohamad-87236-1.jpg\" \/>\n\t<meta property=\"og:image:width\" content=\"1800\" \/>\n\t<meta property=\"og:image:height\" content=\"1200\" \/>\n\t<meta property=\"og:image:type\" content=\"image\/jpeg\" \/>\n<meta name=\"twitter:card\" content=\"summary_large_image\" \/>\n<meta name=\"twitter:label1\" content=\"Est. reading time\" \/>\n\t<meta name=\"twitter:data1\" content=\"1 minute\" \/>\n<script type=\"application\/ld+json\" class=\"yoast-schema-graph\">{\"@context\":\"https:\/\/schema.org\",\"@graph\":[{\"@type\":\"WebPage\",\"@id\":\"https:\/\/eblaw.com.mx\/product\/industria-oil-and-gas\/\",\"url\":\"https:\/\/eblaw.com.mx\/product\/industria-oil-and-gas\/\",\"name\":\"Petr\u00f3leo y Gas | Esponda Betancourt\",\"isPartOf\":{\"@id\":\"https:\/\/eblaw.com.mx\/#website\"},\"primaryImageOfPage\":{\"@id\":\"https:\/\/eblaw.com.mx\/product\/industria-oil-and-gas\/#primaryimage\"},\"image\":{\"@id\":\"https:\/\/eblaw.com.mx\/product\/industria-oil-and-gas\/#primaryimage\"},\"thumbnailUrl\":\"https:\/\/eblaw.com.mx\/wp-content\/uploads\/2020\/09\/pexels-zukiman-mohamad-87236-1.jpg\",\"datePublished\":\"2020-09-18T17:14:27+00:00\",\"dateModified\":\"2020-10-11T04:47:19+00:00\",\"breadcrumb\":{\"@id\":\"https:\/\/eblaw.com.mx\/product\/industria-oil-and-gas\/#breadcrumb\"},\"inLanguage\":\"en-US\",\"potentialAction\":[{\"@type\":\"ReadAction\",\"target\":[\"https:\/\/eblaw.com.mx\/product\/industria-oil-and-gas\/\"]}]},{\"@type\":\"ImageObject\",\"inLanguage\":\"en-US\",\"@id\":\"https:\/\/eblaw.com.mx\/product\/industria-oil-and-gas\/#primaryimage\",\"url\":\"https:\/\/eblaw.com.mx\/wp-content\/uploads\/2020\/09\/pexels-zukiman-mohamad-87236-1.jpg\",\"contentUrl\":\"https:\/\/eblaw.com.mx\/wp-content\/uploads\/2020\/09\/pexels-zukiman-mohamad-87236-1.jpg\",\"width\":1800,\"height\":1200},{\"@type\":\"BreadcrumbList\",\"@id\":\"https:\/\/eblaw.com.mx\/product\/industria-oil-and-gas\/#breadcrumb\",\"itemListElement\":[{\"@type\":\"ListItem\",\"position\":1,\"name\":\"Portada\",\"item\":\"https:\/\/eblaw.com.mx\/\"},{\"@type\":\"ListItem\",\"position\":2,\"name\":\"\u00c1reas de Pr\u00e1ctica\",\"item\":\"https:\/\/eblaw.com.mx\/en\/areas-de-practica\/\"},{\"@type\":\"ListItem\",\"position\":3,\"name\":\"Petr\u00f3leo y Gas\"}]},{\"@type\":\"WebSite\",\"@id\":\"https:\/\/eblaw.com.mx\/#website\",\"url\":\"https:\/\/eblaw.com.mx\/\",\"name\":\"Esponda Betancourt\",\"description\":\"Boutique Law Firm\",\"publisher\":{\"@id\":\"https:\/\/eblaw.com.mx\/#organization\"},\"alternateName\":\"Servicios legales especializados\",\"potentialAction\":[{\"@type\":\"SearchAction\",\"target\":{\"@type\":\"EntryPoint\",\"urlTemplate\":\"https:\/\/eblaw.com.mx\/?s={search_term_string}\"},\"query-input\":{\"@type\":\"PropertyValueSpecification\",\"valueRequired\":true,\"valueName\":\"search_term_string\"}}],\"inLanguage\":\"en-US\"},{\"@type\":\"Organization\",\"@id\":\"https:\/\/eblaw.com.mx\/#organization\",\"name\":\"Esponda Betancourt\",\"alternateName\":\"Servicios legales especializados\",\"url\":\"https:\/\/eblaw.com.mx\/\",\"logo\":{\"@type\":\"ImageObject\",\"inLanguage\":\"en-US\",\"@id\":\"https:\/\/eblaw.com.mx\/#\/schema\/logo\/image\/\",\"url\":\"https:\/\/eblaw.com.mx\/wp-content\/uploads\/2020\/10\/cropped-WhatsApp_Image_2020-10-02_at_11.47.24_PM-removebg-preview-2.png\",\"contentUrl\":\"https:\/\/eblaw.com.mx\/wp-content\/uploads\/2020\/10\/cropped-WhatsApp_Image_2020-10-02_at_11.47.24_PM-removebg-preview-2.png\",\"width\":403,\"height\":127,\"caption\":\"Esponda Betancourt\"},\"image\":{\"@id\":\"https:\/\/eblaw.com.mx\/#\/schema\/logo\/image\/\"}}]}<\/script>\n<!-- \/ Yoast SEO plugin. -->","yoast_head_json":{"title":"Petr\u00f3leo y Gas | Esponda Betancourt","robots":{"index":"index","follow":"follow","max-snippet":"max-snippet:-1","max-image-preview":"max-image-preview:large","max-video-preview":"max-video-preview:-1"},"canonical":"https:\/\/eblaw.com.mx\/en\/product\/industria-oil-and-gas\/","og_locale":"en_US","og_type":"article","og_title":"Petr\u00f3leo y Gas | Esponda Betancourt","og_description":"Ante la situaci\u00f3n actual de fluctuaci\u00f3n y nuevos contextos regulatorios en el sector energ\u00e9tico de los hidrocarburos, Esponda Betancourt ofrece un acompa\u00f1amiento integral y una asesor\u00eda\u00a0 plena que le permita a nuestros clientes maximizar sus beneficios y contar con una mayor certeza respecto a su toma de decisiones.","og_url":"https:\/\/eblaw.com.mx\/en\/product\/industria-oil-and-gas\/","og_site_name":"Esponda Betancourt","article_modified_time":"2020-10-11T04:47:19+00:00","og_image":[{"width":1800,"height":1200,"url":"https:\/\/eblaw.com.mx\/wp-content\/uploads\/2020\/09\/pexels-zukiman-mohamad-87236-1.jpg","type":"image\/jpeg"}],"twitter_card":"summary_large_image","twitter_misc":{"Est. reading time":"1 minute"},"schema":{"@context":"https:\/\/schema.org","@graph":[{"@type":"WebPage","@id":"https:\/\/eblaw.com.mx\/product\/industria-oil-and-gas\/","url":"https:\/\/eblaw.com.mx\/product\/industria-oil-and-gas\/","name":"Petr\u00f3leo y Gas | Esponda Betancourt","isPartOf":{"@id":"https:\/\/eblaw.com.mx\/#website"},"primaryImageOfPage":{"@id":"https:\/\/eblaw.com.mx\/product\/industria-oil-and-gas\/#primaryimage"},"image":{"@id":"https:\/\/eblaw.com.mx\/product\/industria-oil-and-gas\/#primaryimage"},"thumbnailUrl":"https:\/\/eblaw.com.mx\/wp-content\/uploads\/2020\/09\/pexels-zukiman-mohamad-87236-1.jpg","datePublished":"2020-09-18T17:14:27+00:00","dateModified":"2020-10-11T04:47:19+00:00","breadcrumb":{"@id":"https:\/\/eblaw.com.mx\/product\/industria-oil-and-gas\/#breadcrumb"},"inLanguage":"en-US","potentialAction":[{"@type":"ReadAction","target":["https:\/\/eblaw.com.mx\/product\/industria-oil-and-gas\/"]}]},{"@type":"ImageObject","inLanguage":"en-US","@id":"https:\/\/eblaw.com.mx\/product\/industria-oil-and-gas\/#primaryimage","url":"https:\/\/eblaw.com.mx\/wp-content\/uploads\/2020\/09\/pexels-zukiman-mohamad-87236-1.jpg","contentUrl":"https:\/\/eblaw.com.mx\/wp-content\/uploads\/2020\/09\/pexels-zukiman-mohamad-87236-1.jpg","width":1800,"height":1200},{"@type":"BreadcrumbList","@id":"https:\/\/eblaw.com.mx\/product\/industria-oil-and-gas\/#breadcrumb","itemListElement":[{"@type":"ListItem","position":1,"name":"Portada","item":"https:\/\/eblaw.com.mx\/"},{"@type":"ListItem","position":2,"name":"\u00c1reas de Pr\u00e1ctica","item":"https:\/\/eblaw.com.mx\/en\/areas-de-practica\/"},{"@type":"ListItem","position":3,"name":"Petr\u00f3leo y Gas"}]},{"@type":"WebSite","@id":"https:\/\/eblaw.com.mx\/#website","url":"https:\/\/eblaw.com.mx\/","name":"Esponda Betancourt","description":"Boutique Law Firm","publisher":{"@id":"https:\/\/eblaw.com.mx\/#organization"},"alternateName":"Servicios legales especializados","potentialAction":[{"@type":"SearchAction","target":{"@type":"EntryPoint","urlTemplate":"https:\/\/eblaw.com.mx\/?s={search_term_string}"},"query-input":{"@type":"PropertyValueSpecification","valueRequired":true,"valueName":"search_term_string"}}],"inLanguage":"en-US"},{"@type":"Organization","@id":"https:\/\/eblaw.com.mx\/#organization","name":"Esponda Betancourt","alternateName":"Servicios legales especializados","url":"https:\/\/eblaw.com.mx\/","logo":{"@type":"ImageObject","inLanguage":"en-US","@id":"https:\/\/eblaw.com.mx\/#\/schema\/logo\/image\/","url":"https:\/\/eblaw.com.mx\/wp-content\/uploads\/2020\/10\/cropped-WhatsApp_Image_2020-10-02_at_11.47.24_PM-removebg-preview-2.png","contentUrl":"https:\/\/eblaw.com.mx\/wp-content\/uploads\/2020\/10\/cropped-WhatsApp_Image_2020-10-02_at_11.47.24_PM-removebg-preview-2.png","width":403,"height":127,"caption":"Esponda Betancourt"},"image":{"@id":"https:\/\/eblaw.com.mx\/#\/schema\/logo\/image\/"}}]}},"_links":{"self":[{"href":"https:\/\/eblaw.com.mx\/en\/wp-json\/wp\/v2\/product\/12277","targetHints":{"allow":["GET"]}}],"collection":[{"href":"https:\/\/eblaw.com.mx\/en\/wp-json\/wp\/v2\/product"}],"about":[{"href":"https:\/\/eblaw.com.mx\/en\/wp-json\/wp\/v2\/types\/product"}],"wp:featuredmedia":[{"embeddable":true,"href":"https:\/\/eblaw.com.mx\/en\/wp-json\/wp\/v2\/media\/12253"}],"wp:attachment":[{"href":"https:\/\/eblaw.com.mx\/en\/wp-json\/wp\/v2\/media?parent=12277"}],"wp:term":[{"taxonomy":"product_brand","embeddable":true,"href":"https:\/\/eblaw.com.mx\/en\/wp-json\/wp\/v2\/product_brand?post=12277"},{"taxonomy":"product_cat","embeddable":true,"href":"https:\/\/eblaw.com.mx\/en\/wp-json\/wp\/v2\/product_cat?post=12277"},{"taxonomy":"product_tag","embeddable":true,"href":"https:\/\/eblaw.com.mx\/en\/wp-json\/wp\/v2\/product_tag?post=12277"}],"curies":[{"name":"wp","href":"https:\/\/api.w.org\/{rel}","templated":true}]}}