{"id":12296,"date":"2020-09-18T18:07:05","date_gmt":"2020-09-18T18:07:05","guid":{"rendered":"https:\/\/eblaw.com.mx\/?post_type=product&#038;p=12296"},"modified":"2020-09-18T18:07:05","modified_gmt":"2020-09-18T18:07:05","slug":"derecho-inmobiliario","status":"publish","type":"product","link":"https:\/\/eblaw.com.mx\/en\/product\/derecho-inmobiliario\/","title":{"rendered":"Derecho Inmobiliario"},"content":{"rendered":"<ul>\n<li><strong>Elaboraci\u00f3n de contratos de compraventa, arrendamiento, servidumbres de paso para oficinas, almacenes y para el desarrollo de proyectos enfocados al sector de energ\u00eda.<\/strong><\/li>\n<\/ul>\n<p>&nbsp;<\/p>\n<ul>\n<li><strong>Estructuraci\u00f3n de contratos de compra \u2013 venta de los inmuebles o empresas inmobiliarias.<\/strong><\/li>\n<\/ul>\n<p>&nbsp;<\/p>\n<ul>\n<li><strong>Reportes de Auditoria para financiamiento de proyectos.<\/strong><\/li>\n<\/ul>\n<p>&nbsp;<\/p>\n<ul>\n<li><strong>Negociaci\u00f3n y formalizaci\u00f3n contratos en materia inmobiliaria.<\/strong><\/li>\n<\/ul>","protected":false},"excerpt":{"rendered":"<p><strong>Con una amplia experiencia y conocimiento en los aspectos legales y regulatorios del sector inmobiliario, realizamos un acompa\u00f1amiento especializado para los proyectos estrat\u00e9gicos de desarrolladoras inmobiliarias, empresas del sector energ\u00e9tico e inversionistas en general.<\/strong><\/p>\n<p> <a class=\"more-link\" href=\"https:\/\/eblaw.com.mx\/en\/product\/derecho-inmobiliario\/\">Read more<\/a><\/p>","protected":false},"featured_media":12256,"template":"","meta":[],"product_brand":[],"product_cat":[44],"product_tag":[48],"class_list":{"0":"post-12296","1":"product","2":"type-product","3":"status-publish","4":"has-post-thumbnail","6":"product_cat-servicios-legales","7":"product_tag-derecho-inmobiliario","9":"first","10":"instock","11":"taxable","12":"shipping-taxable","13":"product-type-simple"},"yoast_head":"<!-- This site is optimized with the Yoast SEO plugin v25.5 - https:\/\/yoast.com\/wordpress\/plugins\/seo\/ -->\n<title>Derecho Inmobiliario | Esponda Betancourt<\/title>\n<meta name=\"robots\" content=\"index, follow, max-snippet:-1, max-image-preview:large, max-video-preview:-1\" \/>\n<link rel=\"canonical\" href=\"https:\/\/eblaw.com.mx\/en\/product\/derecho-inmobiliario\/\" \/>\n<meta property=\"og:locale\" content=\"en_US\" \/>\n<meta property=\"og:type\" content=\"article\" \/>\n<meta property=\"og:title\" content=\"Derecho Inmobiliario | Esponda Betancourt\" \/>\n<meta property=\"og:description\" content=\"Con una amplia experiencia y conocimiento en los aspectos legales y regulatorios del sector inmobiliario, realizamos un acompa\u00f1amiento especializado para los proyectos estrat\u00e9gicos de desarrolladoras inmobiliarias, empresas del sector energ\u00e9tico e inversionistas en general.\" \/>\n<meta property=\"og:url\" content=\"https:\/\/eblaw.com.mx\/en\/product\/derecho-inmobiliario\/\" \/>\n<meta property=\"og:site_name\" content=\"Esponda Betancourt\" \/>\n<meta property=\"og:image\" content=\"https:\/\/eblaw.com.mx\/wp-content\/uploads\/2020\/09\/skyscraper-3184798_1280-1.jpg\" \/>\n\t<meta property=\"og:image:width\" content=\"1280\" \/>\n\t<meta property=\"og:image:height\" content=\"853\" \/>\n\t<meta property=\"og:image:type\" content=\"image\/jpeg\" \/>\n<meta name=\"twitter:card\" content=\"summary_large_image\" \/>\n<script type=\"application\/ld+json\" class=\"yoast-schema-graph\">{\"@context\":\"https:\/\/schema.org\",\"@graph\":[{\"@type\":\"WebPage\",\"@id\":\"https:\/\/eblaw.com.mx\/en\/product\/derecho-inmobiliario\/\",\"url\":\"https:\/\/eblaw.com.mx\/en\/product\/derecho-inmobiliario\/\",\"name\":\"Derecho Inmobiliario | Esponda Betancourt\",\"isPartOf\":{\"@id\":\"https:\/\/eblaw.com.mx\/#website\"},\"primaryImageOfPage\":{\"@id\":\"https:\/\/eblaw.com.mx\/en\/product\/derecho-inmobiliario\/#primaryimage\"},\"image\":{\"@id\":\"https:\/\/eblaw.com.mx\/en\/product\/derecho-inmobiliario\/#primaryimage\"},\"thumbnailUrl\":\"https:\/\/eblaw.com.mx\/wp-content\/uploads\/2020\/09\/skyscraper-3184798_1280-1.jpg\",\"datePublished\":\"2020-09-18T18:07:05+00:00\",\"breadcrumb\":{\"@id\":\"https:\/\/eblaw.com.mx\/en\/product\/derecho-inmobiliario\/#breadcrumb\"},\"inLanguage\":\"en-US\",\"potentialAction\":[{\"@type\":\"ReadAction\",\"target\":[\"https:\/\/eblaw.com.mx\/en\/product\/derecho-inmobiliario\/\"]}]},{\"@type\":\"ImageObject\",\"inLanguage\":\"en-US\",\"@id\":\"https:\/\/eblaw.com.mx\/en\/product\/derecho-inmobiliario\/#primaryimage\",\"url\":\"https:\/\/eblaw.com.mx\/wp-content\/uploads\/2020\/09\/skyscraper-3184798_1280-1.jpg\",\"contentUrl\":\"https:\/\/eblaw.com.mx\/wp-content\/uploads\/2020\/09\/skyscraper-3184798_1280-1.jpg\",\"width\":1280,\"height\":853},{\"@type\":\"BreadcrumbList\",\"@id\":\"https:\/\/eblaw.com.mx\/en\/product\/derecho-inmobiliario\/#breadcrumb\",\"itemListElement\":[{\"@type\":\"ListItem\",\"position\":1,\"name\":\"Portada\",\"item\":\"https:\/\/eblaw.com.mx\/\"},{\"@type\":\"ListItem\",\"position\":2,\"name\":\"\u00c1reas de Pr\u00e1ctica\",\"item\":\"https:\/\/eblaw.com.mx\/en\/areas-de-practica\/\"},{\"@type\":\"ListItem\",\"position\":3,\"name\":\"Derecho Inmobiliario\"}]},{\"@type\":\"WebSite\",\"@id\":\"https:\/\/eblaw.com.mx\/#website\",\"url\":\"https:\/\/eblaw.com.mx\/\",\"name\":\"Esponda Betancourt\",\"description\":\"Boutique Law Firm\",\"publisher\":{\"@id\":\"https:\/\/eblaw.com.mx\/#organization\"},\"alternateName\":\"Servicios legales especializados\",\"potentialAction\":[{\"@type\":\"SearchAction\",\"target\":{\"@type\":\"EntryPoint\",\"urlTemplate\":\"https:\/\/eblaw.com.mx\/?s={search_term_string}\"},\"query-input\":{\"@type\":\"PropertyValueSpecification\",\"valueRequired\":true,\"valueName\":\"search_term_string\"}}],\"inLanguage\":\"en-US\"},{\"@type\":\"Organization\",\"@id\":\"https:\/\/eblaw.com.mx\/#organization\",\"name\":\"Esponda Betancourt\",\"alternateName\":\"Servicios legales especializados\",\"url\":\"https:\/\/eblaw.com.mx\/\",\"logo\":{\"@type\":\"ImageObject\",\"inLanguage\":\"en-US\",\"@id\":\"https:\/\/eblaw.com.mx\/#\/schema\/logo\/image\/\",\"url\":\"https:\/\/eblaw.com.mx\/wp-content\/uploads\/2020\/10\/cropped-WhatsApp_Image_2020-10-02_at_11.47.24_PM-removebg-preview-2.png\",\"contentUrl\":\"https:\/\/eblaw.com.mx\/wp-content\/uploads\/2020\/10\/cropped-WhatsApp_Image_2020-10-02_at_11.47.24_PM-removebg-preview-2.png\",\"width\":403,\"height\":127,\"caption\":\"Esponda Betancourt\"},\"image\":{\"@id\":\"https:\/\/eblaw.com.mx\/#\/schema\/logo\/image\/\"}}]}<\/script>\n<!-- \/ Yoast SEO plugin. -->","yoast_head_json":{"title":"Derecho Inmobiliario | Esponda Betancourt","robots":{"index":"index","follow":"follow","max-snippet":"max-snippet:-1","max-image-preview":"max-image-preview:large","max-video-preview":"max-video-preview:-1"},"canonical":"https:\/\/eblaw.com.mx\/en\/product\/derecho-inmobiliario\/","og_locale":"en_US","og_type":"article","og_title":"Derecho Inmobiliario | Esponda Betancourt","og_description":"Con una amplia experiencia y conocimiento en los aspectos legales y regulatorios del sector inmobiliario, realizamos un acompa\u00f1amiento especializado para los proyectos estrat\u00e9gicos de desarrolladoras inmobiliarias, empresas del sector energ\u00e9tico e inversionistas en general.","og_url":"https:\/\/eblaw.com.mx\/en\/product\/derecho-inmobiliario\/","og_site_name":"Esponda Betancourt","og_image":[{"width":1280,"height":853,"url":"https:\/\/eblaw.com.mx\/wp-content\/uploads\/2020\/09\/skyscraper-3184798_1280-1.jpg","type":"image\/jpeg"}],"twitter_card":"summary_large_image","schema":{"@context":"https:\/\/schema.org","@graph":[{"@type":"WebPage","@id":"https:\/\/eblaw.com.mx\/en\/product\/derecho-inmobiliario\/","url":"https:\/\/eblaw.com.mx\/en\/product\/derecho-inmobiliario\/","name":"Derecho Inmobiliario | Esponda Betancourt","isPartOf":{"@id":"https:\/\/eblaw.com.mx\/#website"},"primaryImageOfPage":{"@id":"https:\/\/eblaw.com.mx\/en\/product\/derecho-inmobiliario\/#primaryimage"},"image":{"@id":"https:\/\/eblaw.com.mx\/en\/product\/derecho-inmobiliario\/#primaryimage"},"thumbnailUrl":"https:\/\/eblaw.com.mx\/wp-content\/uploads\/2020\/09\/skyscraper-3184798_1280-1.jpg","datePublished":"2020-09-18T18:07:05+00:00","breadcrumb":{"@id":"https:\/\/eblaw.com.mx\/en\/product\/derecho-inmobiliario\/#breadcrumb"},"inLanguage":"en-US","potentialAction":[{"@type":"ReadAction","target":["https:\/\/eblaw.com.mx\/en\/product\/derecho-inmobiliario\/"]}]},{"@type":"ImageObject","inLanguage":"en-US","@id":"https:\/\/eblaw.com.mx\/en\/product\/derecho-inmobiliario\/#primaryimage","url":"https:\/\/eblaw.com.mx\/wp-content\/uploads\/2020\/09\/skyscraper-3184798_1280-1.jpg","contentUrl":"https:\/\/eblaw.com.mx\/wp-content\/uploads\/2020\/09\/skyscraper-3184798_1280-1.jpg","width":1280,"height":853},{"@type":"BreadcrumbList","@id":"https:\/\/eblaw.com.mx\/en\/product\/derecho-inmobiliario\/#breadcrumb","itemListElement":[{"@type":"ListItem","position":1,"name":"Portada","item":"https:\/\/eblaw.com.mx\/"},{"@type":"ListItem","position":2,"name":"\u00c1reas de Pr\u00e1ctica","item":"https:\/\/eblaw.com.mx\/en\/areas-de-practica\/"},{"@type":"ListItem","position":3,"name":"Derecho Inmobiliario"}]},{"@type":"WebSite","@id":"https:\/\/eblaw.com.mx\/#website","url":"https:\/\/eblaw.com.mx\/","name":"Esponda Betancourt","description":"Boutique Law Firm","publisher":{"@id":"https:\/\/eblaw.com.mx\/#organization"},"alternateName":"Servicios legales especializados","potentialAction":[{"@type":"SearchAction","target":{"@type":"EntryPoint","urlTemplate":"https:\/\/eblaw.com.mx\/?s={search_term_string}"},"query-input":{"@type":"PropertyValueSpecification","valueRequired":true,"valueName":"search_term_string"}}],"inLanguage":"en-US"},{"@type":"Organization","@id":"https:\/\/eblaw.com.mx\/#organization","name":"Esponda Betancourt","alternateName":"Servicios legales especializados","url":"https:\/\/eblaw.com.mx\/","logo":{"@type":"ImageObject","inLanguage":"en-US","@id":"https:\/\/eblaw.com.mx\/#\/schema\/logo\/image\/","url":"https:\/\/eblaw.com.mx\/wp-content\/uploads\/2020\/10\/cropped-WhatsApp_Image_2020-10-02_at_11.47.24_PM-removebg-preview-2.png","contentUrl":"https:\/\/eblaw.com.mx\/wp-content\/uploads\/2020\/10\/cropped-WhatsApp_Image_2020-10-02_at_11.47.24_PM-removebg-preview-2.png","width":403,"height":127,"caption":"Esponda Betancourt"},"image":{"@id":"https:\/\/eblaw.com.mx\/#\/schema\/logo\/image\/"}}]}},"_links":{"self":[{"href":"https:\/\/eblaw.com.mx\/en\/wp-json\/wp\/v2\/product\/12296","targetHints":{"allow":["GET"]}}],"collection":[{"href":"https:\/\/eblaw.com.mx\/en\/wp-json\/wp\/v2\/product"}],"about":[{"href":"https:\/\/eblaw.com.mx\/en\/wp-json\/wp\/v2\/types\/product"}],"wp:featuredmedia":[{"embeddable":true,"href":"https:\/\/eblaw.com.mx\/en\/wp-json\/wp\/v2\/media\/12256"}],"wp:attachment":[{"href":"https:\/\/eblaw.com.mx\/en\/wp-json\/wp\/v2\/media?parent=12296"}],"wp:term":[{"taxonomy":"product_brand","embeddable":true,"href":"https:\/\/eblaw.com.mx\/en\/wp-json\/wp\/v2\/product_brand?post=12296"},{"taxonomy":"product_cat","embeddable":true,"href":"https:\/\/eblaw.com.mx\/en\/wp-json\/wp\/v2\/product_cat?post=12296"},{"taxonomy":"product_tag","embeddable":true,"href":"https:\/\/eblaw.com.mx\/en\/wp-json\/wp\/v2\/product_tag?post=12296"}],"curies":[{"name":"wp","href":"https:\/\/api.w.org\/{rel}","templated":true}]}}