{"id":12545,"date":"2020-10-18T22:53:30","date_gmt":"2020-10-18T22:53:30","guid":{"rendered":"https:\/\/eblaw.com.mx\/?post_type=product&#038;p=12545"},"modified":"2020-10-18T23:03:23","modified_gmt":"2020-10-18T23:03:23","slug":"derecho-laboral","status":"publish","type":"product","link":"https:\/\/eblaw.com.mx\/en\/product\/derecho-laboral\/","title":{"rendered":"Derecho Laboral"},"content":{"rendered":"<ul>\n<li><strong>Elaboraci\u00f3n y revisi\u00f3n de contratos individuales de trabajo.<\/strong><\/li>\n<li><strong>Terminaci\u00f3n de relaciones laborales.<\/strong><\/li>\n<li><strong>Elaboraci\u00f3n de auditorias laborales.<\/strong><\/li>\n<li><strong>Consultar\u00eda con el objeto de evitar juicios y\/o contingencias laborales.<\/strong><\/li>\n<li><strong>Elaboraci\u00f3n de convenios extralegales.<\/strong><\/li>\n<li><strong>Planeaci\u00f3n y dise\u00f1o de prestaciones extralegales.<\/strong><\/li>\n<li><strong>Representaci\u00f3n en el proceso de conciliaci\u00f3n ante Centro Federal de Conciliaci\u00f3n y Registro Laboral.<\/strong><\/li>\n<li><strong>C\u00e1lculo de finiquitos y liquidaciones.<\/strong><\/li>\n<\/ul>","protected":false},"excerpt":{"rendered":"<p><b>Brindamos<\/b><strong>\u00a0asesor\u00eda y consultor\u00eda en derecho laboral consistente en mitigar riesgos para nuestros clientes.<\/strong><\/p>\n<p> <a class=\"more-link\" href=\"https:\/\/eblaw.com.mx\/en\/product\/derecho-laboral\/\">Read more<\/a><\/p>","protected":false},"featured_media":12517,"template":"","meta":[],"product_brand":[],"product_cat":[44],"product_tag":[49],"class_list":{"0":"post-12545","1":"product","2":"type-product","3":"status-publish","4":"has-post-thumbnail","6":"product_cat-servicios-legales","7":"product_tag-derecho-laboral","9":"first","10":"instock","11":"taxable","12":"shipping-taxable","13":"product-type-simple"},"yoast_head":"<!-- This site is optimized with the Yoast SEO plugin v25.5 - https:\/\/yoast.com\/wordpress\/plugins\/seo\/ -->\n<title>Derecho Laboral | Esponda Betancourt<\/title>\n<meta name=\"robots\" content=\"index, follow, max-snippet:-1, max-image-preview:large, max-video-preview:-1\" \/>\n<link rel=\"canonical\" href=\"https:\/\/eblaw.com.mx\/en\/product\/derecho-laboral\/\" \/>\n<meta property=\"og:locale\" content=\"en_US\" \/>\n<meta property=\"og:type\" content=\"article\" \/>\n<meta property=\"og:title\" content=\"Derecho Laboral | Esponda Betancourt\" \/>\n<meta property=\"og:description\" content=\"Brindamos\u00a0asesor\u00eda y consultor\u00eda en derecho laboral consistente en mitigar riesgos para nuestros clientes.\" \/>\n<meta property=\"og:url\" content=\"https:\/\/eblaw.com.mx\/en\/product\/derecho-laboral\/\" \/>\n<meta property=\"og:site_name\" content=\"Esponda Betancourt\" \/>\n<meta property=\"article:modified_time\" content=\"2020-10-18T23:03:23+00:00\" \/>\n<meta property=\"og:image\" content=\"https:\/\/eblaw.com.mx\/wp-content\/uploads\/2020\/10\/pexels-pixabay-48148.jpg\" \/>\n\t<meta property=\"og:image:width\" content=\"640\" \/>\n\t<meta property=\"og:image:height\" content=\"425\" \/>\n\t<meta property=\"og:image:type\" content=\"image\/jpeg\" \/>\n<meta name=\"twitter:card\" content=\"summary_large_image\" \/>\n<script type=\"application\/ld+json\" class=\"yoast-schema-graph\">{\"@context\":\"https:\/\/schema.org\",\"@graph\":[{\"@type\":\"WebPage\",\"@id\":\"https:\/\/eblaw.com.mx\/en\/product\/derecho-laboral\/\",\"url\":\"https:\/\/eblaw.com.mx\/en\/product\/derecho-laboral\/\",\"name\":\"Derecho Laboral | Esponda Betancourt\",\"isPartOf\":{\"@id\":\"https:\/\/eblaw.com.mx\/#website\"},\"primaryImageOfPage\":{\"@id\":\"https:\/\/eblaw.com.mx\/en\/product\/derecho-laboral\/#primaryimage\"},\"image\":{\"@id\":\"https:\/\/eblaw.com.mx\/en\/product\/derecho-laboral\/#primaryimage\"},\"thumbnailUrl\":\"https:\/\/eblaw.com.mx\/wp-content\/uploads\/2020\/10\/pexels-pixabay-48148.jpg\",\"datePublished\":\"2020-10-18T22:53:30+00:00\",\"dateModified\":\"2020-10-18T23:03:23+00:00\",\"breadcrumb\":{\"@id\":\"https:\/\/eblaw.com.mx\/en\/product\/derecho-laboral\/#breadcrumb\"},\"inLanguage\":\"en-US\",\"potentialAction\":[{\"@type\":\"ReadAction\",\"target\":[\"https:\/\/eblaw.com.mx\/en\/product\/derecho-laboral\/\"]}]},{\"@type\":\"ImageObject\",\"inLanguage\":\"en-US\",\"@id\":\"https:\/\/eblaw.com.mx\/en\/product\/derecho-laboral\/#primaryimage\",\"url\":\"https:\/\/eblaw.com.mx\/wp-content\/uploads\/2020\/10\/pexels-pixabay-48148.jpg\",\"contentUrl\":\"https:\/\/eblaw.com.mx\/wp-content\/uploads\/2020\/10\/pexels-pixabay-48148.jpg\",\"width\":640,\"height\":425},{\"@type\":\"BreadcrumbList\",\"@id\":\"https:\/\/eblaw.com.mx\/en\/product\/derecho-laboral\/#breadcrumb\",\"itemListElement\":[{\"@type\":\"ListItem\",\"position\":1,\"name\":\"Portada\",\"item\":\"https:\/\/eblaw.com.mx\/\"},{\"@type\":\"ListItem\",\"position\":2,\"name\":\"\u00c1reas de Pr\u00e1ctica\",\"item\":\"https:\/\/eblaw.com.mx\/en\/areas-de-practica\/\"},{\"@type\":\"ListItem\",\"position\":3,\"name\":\"Derecho Laboral\"}]},{\"@type\":\"WebSite\",\"@id\":\"https:\/\/eblaw.com.mx\/#website\",\"url\":\"https:\/\/eblaw.com.mx\/\",\"name\":\"Esponda Betancourt\",\"description\":\"Boutique Law Firm\",\"publisher\":{\"@id\":\"https:\/\/eblaw.com.mx\/#organization\"},\"alternateName\":\"Servicios legales especializados\",\"potentialAction\":[{\"@type\":\"SearchAction\",\"target\":{\"@type\":\"EntryPoint\",\"urlTemplate\":\"https:\/\/eblaw.com.mx\/?s={search_term_string}\"},\"query-input\":{\"@type\":\"PropertyValueSpecification\",\"valueRequired\":true,\"valueName\":\"search_term_string\"}}],\"inLanguage\":\"en-US\"},{\"@type\":\"Organization\",\"@id\":\"https:\/\/eblaw.com.mx\/#organization\",\"name\":\"Esponda Betancourt\",\"alternateName\":\"Servicios legales especializados\",\"url\":\"https:\/\/eblaw.com.mx\/\",\"logo\":{\"@type\":\"ImageObject\",\"inLanguage\":\"en-US\",\"@id\":\"https:\/\/eblaw.com.mx\/#\/schema\/logo\/image\/\",\"url\":\"https:\/\/eblaw.com.mx\/wp-content\/uploads\/2020\/10\/cropped-WhatsApp_Image_2020-10-02_at_11.47.24_PM-removebg-preview-2.png\",\"contentUrl\":\"https:\/\/eblaw.com.mx\/wp-content\/uploads\/2020\/10\/cropped-WhatsApp_Image_2020-10-02_at_11.47.24_PM-removebg-preview-2.png\",\"width\":403,\"height\":127,\"caption\":\"Esponda Betancourt\"},\"image\":{\"@id\":\"https:\/\/eblaw.com.mx\/#\/schema\/logo\/image\/\"}}]}<\/script>\n<!-- \/ Yoast SEO plugin. -->","yoast_head_json":{"title":"Derecho Laboral | Esponda Betancourt","robots":{"index":"index","follow":"follow","max-snippet":"max-snippet:-1","max-image-preview":"max-image-preview:large","max-video-preview":"max-video-preview:-1"},"canonical":"https:\/\/eblaw.com.mx\/en\/product\/derecho-laboral\/","og_locale":"en_US","og_type":"article","og_title":"Derecho Laboral | Esponda Betancourt","og_description":"Brindamos\u00a0asesor\u00eda y consultor\u00eda en derecho laboral consistente en mitigar riesgos para nuestros clientes.","og_url":"https:\/\/eblaw.com.mx\/en\/product\/derecho-laboral\/","og_site_name":"Esponda Betancourt","article_modified_time":"2020-10-18T23:03:23+00:00","og_image":[{"width":640,"height":425,"url":"https:\/\/eblaw.com.mx\/wp-content\/uploads\/2020\/10\/pexels-pixabay-48148.jpg","type":"image\/jpeg"}],"twitter_card":"summary_large_image","schema":{"@context":"https:\/\/schema.org","@graph":[{"@type":"WebPage","@id":"https:\/\/eblaw.com.mx\/en\/product\/derecho-laboral\/","url":"https:\/\/eblaw.com.mx\/en\/product\/derecho-laboral\/","name":"Derecho Laboral | Esponda Betancourt","isPartOf":{"@id":"https:\/\/eblaw.com.mx\/#website"},"primaryImageOfPage":{"@id":"https:\/\/eblaw.com.mx\/en\/product\/derecho-laboral\/#primaryimage"},"image":{"@id":"https:\/\/eblaw.com.mx\/en\/product\/derecho-laboral\/#primaryimage"},"thumbnailUrl":"https:\/\/eblaw.com.mx\/wp-content\/uploads\/2020\/10\/pexels-pixabay-48148.jpg","datePublished":"2020-10-18T22:53:30+00:00","dateModified":"2020-10-18T23:03:23+00:00","breadcrumb":{"@id":"https:\/\/eblaw.com.mx\/en\/product\/derecho-laboral\/#breadcrumb"},"inLanguage":"en-US","potentialAction":[{"@type":"ReadAction","target":["https:\/\/eblaw.com.mx\/en\/product\/derecho-laboral\/"]}]},{"@type":"ImageObject","inLanguage":"en-US","@id":"https:\/\/eblaw.com.mx\/en\/product\/derecho-laboral\/#primaryimage","url":"https:\/\/eblaw.com.mx\/wp-content\/uploads\/2020\/10\/pexels-pixabay-48148.jpg","contentUrl":"https:\/\/eblaw.com.mx\/wp-content\/uploads\/2020\/10\/pexels-pixabay-48148.jpg","width":640,"height":425},{"@type":"BreadcrumbList","@id":"https:\/\/eblaw.com.mx\/en\/product\/derecho-laboral\/#breadcrumb","itemListElement":[{"@type":"ListItem","position":1,"name":"Portada","item":"https:\/\/eblaw.com.mx\/"},{"@type":"ListItem","position":2,"name":"\u00c1reas de Pr\u00e1ctica","item":"https:\/\/eblaw.com.mx\/en\/areas-de-practica\/"},{"@type":"ListItem","position":3,"name":"Derecho Laboral"}]},{"@type":"WebSite","@id":"https:\/\/eblaw.com.mx\/#website","url":"https:\/\/eblaw.com.mx\/","name":"Esponda Betancourt","description":"Boutique Law Firm","publisher":{"@id":"https:\/\/eblaw.com.mx\/#organization"},"alternateName":"Servicios legales especializados","potentialAction":[{"@type":"SearchAction","target":{"@type":"EntryPoint","urlTemplate":"https:\/\/eblaw.com.mx\/?s={search_term_string}"},"query-input":{"@type":"PropertyValueSpecification","valueRequired":true,"valueName":"search_term_string"}}],"inLanguage":"en-US"},{"@type":"Organization","@id":"https:\/\/eblaw.com.mx\/#organization","name":"Esponda Betancourt","alternateName":"Servicios legales especializados","url":"https:\/\/eblaw.com.mx\/","logo":{"@type":"ImageObject","inLanguage":"en-US","@id":"https:\/\/eblaw.com.mx\/#\/schema\/logo\/image\/","url":"https:\/\/eblaw.com.mx\/wp-content\/uploads\/2020\/10\/cropped-WhatsApp_Image_2020-10-02_at_11.47.24_PM-removebg-preview-2.png","contentUrl":"https:\/\/eblaw.com.mx\/wp-content\/uploads\/2020\/10\/cropped-WhatsApp_Image_2020-10-02_at_11.47.24_PM-removebg-preview-2.png","width":403,"height":127,"caption":"Esponda Betancourt"},"image":{"@id":"https:\/\/eblaw.com.mx\/#\/schema\/logo\/image\/"}}]}},"_links":{"self":[{"href":"https:\/\/eblaw.com.mx\/en\/wp-json\/wp\/v2\/product\/12545","targetHints":{"allow":["GET"]}}],"collection":[{"href":"https:\/\/eblaw.com.mx\/en\/wp-json\/wp\/v2\/product"}],"about":[{"href":"https:\/\/eblaw.com.mx\/en\/wp-json\/wp\/v2\/types\/product"}],"wp:featuredmedia":[{"embeddable":true,"href":"https:\/\/eblaw.com.mx\/en\/wp-json\/wp\/v2\/media\/12517"}],"wp:attachment":[{"href":"https:\/\/eblaw.com.mx\/en\/wp-json\/wp\/v2\/media?parent=12545"}],"wp:term":[{"taxonomy":"product_brand","embeddable":true,"href":"https:\/\/eblaw.com.mx\/en\/wp-json\/wp\/v2\/product_brand?post=12545"},{"taxonomy":"product_cat","embeddable":true,"href":"https:\/\/eblaw.com.mx\/en\/wp-json\/wp\/v2\/product_cat?post=12545"},{"taxonomy":"product_tag","embeddable":true,"href":"https:\/\/eblaw.com.mx\/en\/wp-json\/wp\/v2\/product_tag?post=12545"}],"curies":[{"name":"wp","href":"https:\/\/api.w.org\/{rel}","templated":true}]}}