{"id":12553,"date":"2021-01-21T03:49:04","date_gmt":"2021-01-21T03:49:04","guid":{"rendered":"https:\/\/eblaw.com.mx\/?post_type=product&#038;p=12553"},"modified":"2021-01-21T04:07:31","modified_gmt":"2021-01-21T04:07:31","slug":"propiedad-intelectual","status":"publish","type":"product","link":"https:\/\/eblaw.com.mx\/en\/product\/propiedad-intelectual\/","title":{"rendered":"Propiedad Intelectual"},"content":{"rendered":"<h3><strong>Marcas<\/strong><\/h3>\n<ul>\n<li><strong>Presentaci\u00f3n de solicitudes de registro de marca.<\/strong><\/li>\n<li><strong>B\u00fasquedas de viabilidad de registro de marca.<\/strong><\/li>\n<li><strong>Renovaciones de marca.<\/strong><\/li>\n<li><strong>Elaboraci\u00f3n y contestaci\u00f3n de oficios dirigidos por el Instituto Mexicano de la Propiedad <\/strong><strong>Industrial.<\/strong><\/li>\n<li><strong>Elaboraci\u00f3n e inscripci\u00f3n de licencias y cesiones de derecho de marca.<\/strong><\/li>\n<\/ul>\n<p>&nbsp;<\/p>\n<h3><strong>Patentes<\/strong><\/h3>\n<ul>\n<li><strong>Presentaci\u00f3n de solicitud de registro de patente y pago de anualidades.<\/strong><\/li>\n<li><strong>Elaboraci\u00f3n y contestaci\u00f3n de oficios dirigidos por el Instituto Mexicano de la Propiedad Industrial.<\/strong><\/li>\n<li><strong>Elaboraci\u00f3n e inscripci\u00f3n de licencias y cesiones de derecho de marca.<\/strong><\/li>\n<\/ul>\n<p>&nbsp;<\/p>\n<h3><strong>Derechos de Autor<\/strong><\/h3>\n<ul>\n<li><strong>Registro de obras, reservas de derechos, ISBN y ISSN, renovaci\u00f3n de reservas de derechos, elaboraci\u00f3n e inscripci\u00f3n de licencias y cesiones.<\/strong><\/li>\n<\/ul>","protected":false},"excerpt":{"rendered":"<p>Marcas Presentaci\u00f3n de solicitudes de registro de marca. B\u00fasquedas de&hellip;<\/p>\n<p> <a class=\"more-link\" href=\"https:\/\/eblaw.com.mx\/en\/product\/propiedad-intelectual\/\">Read more<\/a><\/p>","protected":false},"featured_media":12554,"template":"","meta":[],"product_brand":[],"product_cat":[44],"product_tag":[52,51,50],"class_list":{"0":"post-12553","1":"product","2":"type-product","3":"status-publish","4":"has-post-thumbnail","6":"product_cat-servicios-legales","7":"product_tag-derechos-de-autor","8":"product_tag-marcas","9":"product_tag-propiedad-intelectual","11":"first","12":"instock","13":"taxable","14":"shipping-taxable","15":"product-type-simple"},"yoast_head":"<!-- This site is optimized with the Yoast SEO plugin v25.5 - https:\/\/yoast.com\/wordpress\/plugins\/seo\/ -->\n<title>Propiedad Intelectual | Esponda Betancourt<\/title>\n<meta name=\"robots\" content=\"index, follow, max-snippet:-1, max-image-preview:large, max-video-preview:-1\" \/>\n<link rel=\"canonical\" href=\"https:\/\/eblaw.com.mx\/en\/product\/propiedad-intelectual\/\" \/>\n<meta property=\"og:locale\" content=\"en_US\" \/>\n<meta property=\"og:type\" content=\"article\" \/>\n<meta property=\"og:title\" content=\"Propiedad Intelectual | Esponda Betancourt\" \/>\n<meta property=\"og:description\" content=\"Marcas Presentaci\u00f3n de solicitudes de registro de marca. B\u00fasquedas de&hellip;  Read more\" \/>\n<meta property=\"og:url\" content=\"https:\/\/eblaw.com.mx\/en\/product\/propiedad-intelectual\/\" \/>\n<meta property=\"og:site_name\" content=\"Esponda Betancourt\" \/>\n<meta property=\"article:modified_time\" content=\"2021-01-21T04:07:31+00:00\" \/>\n<meta property=\"og:image\" content=\"https:\/\/eblaw.com.mx\/wp-content\/uploads\/2021\/01\/right-4703934_1280.jpg\" \/>\n\t<meta property=\"og:image:width\" content=\"1280\" \/>\n\t<meta property=\"og:image:height\" content=\"853\" \/>\n\t<meta property=\"og:image:type\" content=\"image\/jpeg\" \/>\n<meta name=\"twitter:card\" content=\"summary_large_image\" \/>\n<meta name=\"twitter:label1\" content=\"Est. reading time\" \/>\n\t<meta name=\"twitter:data1\" content=\"1 minute\" \/>\n<script type=\"application\/ld+json\" class=\"yoast-schema-graph\">{\"@context\":\"https:\/\/schema.org\",\"@graph\":[{\"@type\":\"WebPage\",\"@id\":\"https:\/\/eblaw.com.mx\/en\/product\/propiedad-intelectual\/\",\"url\":\"https:\/\/eblaw.com.mx\/en\/product\/propiedad-intelectual\/\",\"name\":\"Propiedad Intelectual | Esponda Betancourt\",\"isPartOf\":{\"@id\":\"https:\/\/eblaw.com.mx\/#website\"},\"primaryImageOfPage\":{\"@id\":\"https:\/\/eblaw.com.mx\/en\/product\/propiedad-intelectual\/#primaryimage\"},\"image\":{\"@id\":\"https:\/\/eblaw.com.mx\/en\/product\/propiedad-intelectual\/#primaryimage\"},\"thumbnailUrl\":\"https:\/\/eblaw.com.mx\/wp-content\/uploads\/2021\/01\/right-4703934_1280.jpg\",\"datePublished\":\"2021-01-21T03:49:04+00:00\",\"dateModified\":\"2021-01-21T04:07:31+00:00\",\"breadcrumb\":{\"@id\":\"https:\/\/eblaw.com.mx\/en\/product\/propiedad-intelectual\/#breadcrumb\"},\"inLanguage\":\"en-US\",\"potentialAction\":[{\"@type\":\"ReadAction\",\"target\":[\"https:\/\/eblaw.com.mx\/en\/product\/propiedad-intelectual\/\"]}]},{\"@type\":\"ImageObject\",\"inLanguage\":\"en-US\",\"@id\":\"https:\/\/eblaw.com.mx\/en\/product\/propiedad-intelectual\/#primaryimage\",\"url\":\"https:\/\/eblaw.com.mx\/wp-content\/uploads\/2021\/01\/right-4703934_1280.jpg\",\"contentUrl\":\"https:\/\/eblaw.com.mx\/wp-content\/uploads\/2021\/01\/right-4703934_1280.jpg\",\"width\":1280,\"height\":853},{\"@type\":\"BreadcrumbList\",\"@id\":\"https:\/\/eblaw.com.mx\/en\/product\/propiedad-intelectual\/#breadcrumb\",\"itemListElement\":[{\"@type\":\"ListItem\",\"position\":1,\"name\":\"Portada\",\"item\":\"https:\/\/eblaw.com.mx\/\"},{\"@type\":\"ListItem\",\"position\":2,\"name\":\"\u00c1reas de Pr\u00e1ctica\",\"item\":\"https:\/\/eblaw.com.mx\/en\/areas-de-practica\/\"},{\"@type\":\"ListItem\",\"position\":3,\"name\":\"Propiedad Intelectual\"}]},{\"@type\":\"WebSite\",\"@id\":\"https:\/\/eblaw.com.mx\/#website\",\"url\":\"https:\/\/eblaw.com.mx\/\",\"name\":\"Esponda Betancourt\",\"description\":\"Boutique Law Firm\",\"publisher\":{\"@id\":\"https:\/\/eblaw.com.mx\/#organization\"},\"alternateName\":\"Servicios legales especializados\",\"potentialAction\":[{\"@type\":\"SearchAction\",\"target\":{\"@type\":\"EntryPoint\",\"urlTemplate\":\"https:\/\/eblaw.com.mx\/?s={search_term_string}\"},\"query-input\":{\"@type\":\"PropertyValueSpecification\",\"valueRequired\":true,\"valueName\":\"search_term_string\"}}],\"inLanguage\":\"en-US\"},{\"@type\":\"Organization\",\"@id\":\"https:\/\/eblaw.com.mx\/#organization\",\"name\":\"Esponda Betancourt\",\"alternateName\":\"Servicios legales especializados\",\"url\":\"https:\/\/eblaw.com.mx\/\",\"logo\":{\"@type\":\"ImageObject\",\"inLanguage\":\"en-US\",\"@id\":\"https:\/\/eblaw.com.mx\/#\/schema\/logo\/image\/\",\"url\":\"https:\/\/eblaw.com.mx\/wp-content\/uploads\/2020\/10\/cropped-WhatsApp_Image_2020-10-02_at_11.47.24_PM-removebg-preview-2.png\",\"contentUrl\":\"https:\/\/eblaw.com.mx\/wp-content\/uploads\/2020\/10\/cropped-WhatsApp_Image_2020-10-02_at_11.47.24_PM-removebg-preview-2.png\",\"width\":403,\"height\":127,\"caption\":\"Esponda Betancourt\"},\"image\":{\"@id\":\"https:\/\/eblaw.com.mx\/#\/schema\/logo\/image\/\"}}]}<\/script>\n<!-- \/ Yoast SEO plugin. -->","yoast_head_json":{"title":"Propiedad Intelectual | Esponda Betancourt","robots":{"index":"index","follow":"follow","max-snippet":"max-snippet:-1","max-image-preview":"max-image-preview:large","max-video-preview":"max-video-preview:-1"},"canonical":"https:\/\/eblaw.com.mx\/en\/product\/propiedad-intelectual\/","og_locale":"en_US","og_type":"article","og_title":"Propiedad Intelectual | Esponda Betancourt","og_description":"Marcas Presentaci\u00f3n de solicitudes de registro de marca. B\u00fasquedas de&hellip;  Read more","og_url":"https:\/\/eblaw.com.mx\/en\/product\/propiedad-intelectual\/","og_site_name":"Esponda Betancourt","article_modified_time":"2021-01-21T04:07:31+00:00","og_image":[{"width":1280,"height":853,"url":"https:\/\/eblaw.com.mx\/wp-content\/uploads\/2021\/01\/right-4703934_1280.jpg","type":"image\/jpeg"}],"twitter_card":"summary_large_image","twitter_misc":{"Est. reading time":"1 minute"},"schema":{"@context":"https:\/\/schema.org","@graph":[{"@type":"WebPage","@id":"https:\/\/eblaw.com.mx\/en\/product\/propiedad-intelectual\/","url":"https:\/\/eblaw.com.mx\/en\/product\/propiedad-intelectual\/","name":"Propiedad Intelectual | Esponda Betancourt","isPartOf":{"@id":"https:\/\/eblaw.com.mx\/#website"},"primaryImageOfPage":{"@id":"https:\/\/eblaw.com.mx\/en\/product\/propiedad-intelectual\/#primaryimage"},"image":{"@id":"https:\/\/eblaw.com.mx\/en\/product\/propiedad-intelectual\/#primaryimage"},"thumbnailUrl":"https:\/\/eblaw.com.mx\/wp-content\/uploads\/2021\/01\/right-4703934_1280.jpg","datePublished":"2021-01-21T03:49:04+00:00","dateModified":"2021-01-21T04:07:31+00:00","breadcrumb":{"@id":"https:\/\/eblaw.com.mx\/en\/product\/propiedad-intelectual\/#breadcrumb"},"inLanguage":"en-US","potentialAction":[{"@type":"ReadAction","target":["https:\/\/eblaw.com.mx\/en\/product\/propiedad-intelectual\/"]}]},{"@type":"ImageObject","inLanguage":"en-US","@id":"https:\/\/eblaw.com.mx\/en\/product\/propiedad-intelectual\/#primaryimage","url":"https:\/\/eblaw.com.mx\/wp-content\/uploads\/2021\/01\/right-4703934_1280.jpg","contentUrl":"https:\/\/eblaw.com.mx\/wp-content\/uploads\/2021\/01\/right-4703934_1280.jpg","width":1280,"height":853},{"@type":"BreadcrumbList","@id":"https:\/\/eblaw.com.mx\/en\/product\/propiedad-intelectual\/#breadcrumb","itemListElement":[{"@type":"ListItem","position":1,"name":"Portada","item":"https:\/\/eblaw.com.mx\/"},{"@type":"ListItem","position":2,"name":"\u00c1reas de Pr\u00e1ctica","item":"https:\/\/eblaw.com.mx\/en\/areas-de-practica\/"},{"@type":"ListItem","position":3,"name":"Propiedad Intelectual"}]},{"@type":"WebSite","@id":"https:\/\/eblaw.com.mx\/#website","url":"https:\/\/eblaw.com.mx\/","name":"Esponda Betancourt","description":"Boutique Law Firm","publisher":{"@id":"https:\/\/eblaw.com.mx\/#organization"},"alternateName":"Servicios legales especializados","potentialAction":[{"@type":"SearchAction","target":{"@type":"EntryPoint","urlTemplate":"https:\/\/eblaw.com.mx\/?s={search_term_string}"},"query-input":{"@type":"PropertyValueSpecification","valueRequired":true,"valueName":"search_term_string"}}],"inLanguage":"en-US"},{"@type":"Organization","@id":"https:\/\/eblaw.com.mx\/#organization","name":"Esponda Betancourt","alternateName":"Servicios legales especializados","url":"https:\/\/eblaw.com.mx\/","logo":{"@type":"ImageObject","inLanguage":"en-US","@id":"https:\/\/eblaw.com.mx\/#\/schema\/logo\/image\/","url":"https:\/\/eblaw.com.mx\/wp-content\/uploads\/2020\/10\/cropped-WhatsApp_Image_2020-10-02_at_11.47.24_PM-removebg-preview-2.png","contentUrl":"https:\/\/eblaw.com.mx\/wp-content\/uploads\/2020\/10\/cropped-WhatsApp_Image_2020-10-02_at_11.47.24_PM-removebg-preview-2.png","width":403,"height":127,"caption":"Esponda Betancourt"},"image":{"@id":"https:\/\/eblaw.com.mx\/#\/schema\/logo\/image\/"}}]}},"_links":{"self":[{"href":"https:\/\/eblaw.com.mx\/en\/wp-json\/wp\/v2\/product\/12553","targetHints":{"allow":["GET"]}}],"collection":[{"href":"https:\/\/eblaw.com.mx\/en\/wp-json\/wp\/v2\/product"}],"about":[{"href":"https:\/\/eblaw.com.mx\/en\/wp-json\/wp\/v2\/types\/product"}],"wp:featuredmedia":[{"embeddable":true,"href":"https:\/\/eblaw.com.mx\/en\/wp-json\/wp\/v2\/media\/12554"}],"wp:attachment":[{"href":"https:\/\/eblaw.com.mx\/en\/wp-json\/wp\/v2\/media?parent=12553"}],"wp:term":[{"taxonomy":"product_brand","embeddable":true,"href":"https:\/\/eblaw.com.mx\/en\/wp-json\/wp\/v2\/product_brand?post=12553"},{"taxonomy":"product_cat","embeddable":true,"href":"https:\/\/eblaw.com.mx\/en\/wp-json\/wp\/v2\/product_cat?post=12553"},{"taxonomy":"product_tag","embeddable":true,"href":"https:\/\/eblaw.com.mx\/en\/wp-json\/wp\/v2\/product_tag?post=12553"}],"curies":[{"name":"wp","href":"https:\/\/api.w.org\/{rel}","templated":true}]}}