{"id":12557,"date":"2021-01-21T04:08:50","date_gmt":"2021-01-21T04:08:50","guid":{"rendered":"https:\/\/eblaw.com.mx\/?post_type=product&#038;p=12557"},"modified":"2021-01-21T04:55:27","modified_gmt":"2021-01-21T04:55:27","slug":"derecho-corporativo","status":"publish","type":"product","link":"https:\/\/eblaw.com.mx\/en\/product\/derecho-corporativo\/","title":{"rendered":"Derecho Corporativo"},"content":{"rendered":"<h3><strong>DERECHO CORPORATIVO<\/strong><\/h3>\n<ul>\n<li><strong>Constituci\u00f3n de sociedades dentro de las modalidades de las leyes mexicanas tales como Sociedades Civiles, Asociaciones Civiles, Sociedades An\u00f3nimas, Sociedades An\u00f3nimas Promotoras de Inversi\u00f3n, Sociedades de Responsabilidad Limitada, Sociedades Cooperativas, Sociedades de Acciones Simplificadas.<\/strong><\/li>\n<\/ul>\n<p>&nbsp;<\/p>\n<ul>\n<li><strong>Obtenci\u00f3n ante el Registro Nacional de Inversiones Extranjeras del registro de inversiones extranjeras, avisos anuales, actualizaci\u00f3n del capital social, presentaci\u00f3n de avisos informativos, informes sobre cambios estatutarios, obtenci\u00f3n de autorizaciones, as\u00ed como de permisos y autorizaciones para emisi\u00f3n de inversiones neutras en el Registro Nacional de Inversiones Extranjeras.<\/strong><\/li>\n<\/ul>\n<p>&nbsp;<\/p>\n<ul>\n<li><strong>Elaboraci\u00f3n, resguardo y actualzaci\u00f3n de libros corporativos, archivo de respaldo de escrituras p\u00fablicas, listado y control de poderes otorgados por la sociedad.<\/strong><\/li>\n<\/ul>\n<p>&nbsp;<\/p>\n<ul>\n<li><strong>Elaboraci\u00f3n de <em>Due Dilligence<\/em> corporativo.<\/strong><\/li>\n<\/ul>","protected":false},"excerpt":{"rendered":"<p>DERECHO CORPORATIVO Constituci\u00f3n de sociedades dentro de las modalidades de&hellip;<\/p>\n<p> <a class=\"more-link\" href=\"https:\/\/eblaw.com.mx\/en\/product\/derecho-corporativo\/\">Read more<\/a><\/p>","protected":false},"featured_media":12573,"template":"","meta":[],"product_brand":[],"product_cat":[44],"product_tag":[53],"class_list":{"0":"post-12557","1":"product","2":"type-product","3":"status-publish","4":"has-post-thumbnail","6":"product_cat-servicios-legales","7":"product_tag-derecho-corporativo","9":"first","10":"instock","11":"taxable","12":"shipping-taxable","13":"product-type-simple"},"yoast_head":"<!-- This site is optimized with the Yoast SEO plugin v25.5 - https:\/\/yoast.com\/wordpress\/plugins\/seo\/ -->\n<title>Derecho Corporativo | Esponda Betancourt<\/title>\n<meta name=\"robots\" content=\"index, follow, max-snippet:-1, max-image-preview:large, max-video-preview:-1\" \/>\n<link rel=\"canonical\" href=\"https:\/\/eblaw.com.mx\/en\/product\/derecho-corporativo\/\" \/>\n<meta property=\"og:locale\" content=\"en_US\" \/>\n<meta property=\"og:type\" content=\"article\" \/>\n<meta property=\"og:title\" content=\"Derecho Corporativo | Esponda Betancourt\" \/>\n<meta property=\"og:description\" content=\"DERECHO CORPORATIVO Constituci\u00f3n de sociedades dentro de las modalidades de&hellip;  Read more\" \/>\n<meta property=\"og:url\" content=\"https:\/\/eblaw.com.mx\/en\/product\/derecho-corporativo\/\" \/>\n<meta property=\"og:site_name\" content=\"Esponda Betancourt\" \/>\n<meta property=\"article:modified_time\" content=\"2021-01-21T04:55:27+00:00\" \/>\n<meta property=\"og:image\" content=\"https:\/\/eblaw.com.mx\/wp-content\/uploads\/2021\/01\/buildings-2581875_1280-1.jpg\" \/>\n\t<meta property=\"og:image:width\" content=\"1280\" \/>\n\t<meta property=\"og:image:height\" content=\"960\" \/>\n\t<meta property=\"og:image:type\" content=\"image\/jpeg\" \/>\n<meta name=\"twitter:card\" content=\"summary_large_image\" \/>\n<meta name=\"twitter:label1\" content=\"Est. reading time\" \/>\n\t<meta name=\"twitter:data1\" content=\"1 minute\" \/>\n<script type=\"application\/ld+json\" class=\"yoast-schema-graph\">{\"@context\":\"https:\/\/schema.org\",\"@graph\":[{\"@type\":\"WebPage\",\"@id\":\"https:\/\/eblaw.com.mx\/product\/derecho-corporativo\/\",\"url\":\"https:\/\/eblaw.com.mx\/product\/derecho-corporativo\/\",\"name\":\"Derecho Corporativo | Esponda Betancourt\",\"isPartOf\":{\"@id\":\"https:\/\/eblaw.com.mx\/#website\"},\"primaryImageOfPage\":{\"@id\":\"https:\/\/eblaw.com.mx\/product\/derecho-corporativo\/#primaryimage\"},\"image\":{\"@id\":\"https:\/\/eblaw.com.mx\/product\/derecho-corporativo\/#primaryimage\"},\"thumbnailUrl\":\"https:\/\/eblaw.com.mx\/wp-content\/uploads\/2021\/01\/buildings-2581875_1280-1.jpg\",\"datePublished\":\"2021-01-21T04:08:50+00:00\",\"dateModified\":\"2021-01-21T04:55:27+00:00\",\"breadcrumb\":{\"@id\":\"https:\/\/eblaw.com.mx\/product\/derecho-corporativo\/#breadcrumb\"},\"inLanguage\":\"en-US\",\"potentialAction\":[{\"@type\":\"ReadAction\",\"target\":[\"https:\/\/eblaw.com.mx\/product\/derecho-corporativo\/\"]}]},{\"@type\":\"ImageObject\",\"inLanguage\":\"en-US\",\"@id\":\"https:\/\/eblaw.com.mx\/product\/derecho-corporativo\/#primaryimage\",\"url\":\"https:\/\/eblaw.com.mx\/wp-content\/uploads\/2021\/01\/buildings-2581875_1280-1.jpg\",\"contentUrl\":\"https:\/\/eblaw.com.mx\/wp-content\/uploads\/2021\/01\/buildings-2581875_1280-1.jpg\",\"width\":1280,\"height\":960},{\"@type\":\"BreadcrumbList\",\"@id\":\"https:\/\/eblaw.com.mx\/product\/derecho-corporativo\/#breadcrumb\",\"itemListElement\":[{\"@type\":\"ListItem\",\"position\":1,\"name\":\"Portada\",\"item\":\"https:\/\/eblaw.com.mx\/\"},{\"@type\":\"ListItem\",\"position\":2,\"name\":\"\u00c1reas de Pr\u00e1ctica\",\"item\":\"https:\/\/eblaw.com.mx\/en\/areas-de-practica\/\"},{\"@type\":\"ListItem\",\"position\":3,\"name\":\"Derecho Corporativo\"}]},{\"@type\":\"WebSite\",\"@id\":\"https:\/\/eblaw.com.mx\/#website\",\"url\":\"https:\/\/eblaw.com.mx\/\",\"name\":\"Esponda Betancourt\",\"description\":\"Boutique Law Firm\",\"publisher\":{\"@id\":\"https:\/\/eblaw.com.mx\/#organization\"},\"alternateName\":\"Servicios legales especializados\",\"potentialAction\":[{\"@type\":\"SearchAction\",\"target\":{\"@type\":\"EntryPoint\",\"urlTemplate\":\"https:\/\/eblaw.com.mx\/?s={search_term_string}\"},\"query-input\":{\"@type\":\"PropertyValueSpecification\",\"valueRequired\":true,\"valueName\":\"search_term_string\"}}],\"inLanguage\":\"en-US\"},{\"@type\":\"Organization\",\"@id\":\"https:\/\/eblaw.com.mx\/#organization\",\"name\":\"Esponda Betancourt\",\"alternateName\":\"Servicios legales especializados\",\"url\":\"https:\/\/eblaw.com.mx\/\",\"logo\":{\"@type\":\"ImageObject\",\"inLanguage\":\"en-US\",\"@id\":\"https:\/\/eblaw.com.mx\/#\/schema\/logo\/image\/\",\"url\":\"https:\/\/eblaw.com.mx\/wp-content\/uploads\/2020\/10\/cropped-WhatsApp_Image_2020-10-02_at_11.47.24_PM-removebg-preview-2.png\",\"contentUrl\":\"https:\/\/eblaw.com.mx\/wp-content\/uploads\/2020\/10\/cropped-WhatsApp_Image_2020-10-02_at_11.47.24_PM-removebg-preview-2.png\",\"width\":403,\"height\":127,\"caption\":\"Esponda Betancourt\"},\"image\":{\"@id\":\"https:\/\/eblaw.com.mx\/#\/schema\/logo\/image\/\"}}]}<\/script>\n<!-- \/ Yoast SEO plugin. -->","yoast_head_json":{"title":"Derecho Corporativo | Esponda Betancourt","robots":{"index":"index","follow":"follow","max-snippet":"max-snippet:-1","max-image-preview":"max-image-preview:large","max-video-preview":"max-video-preview:-1"},"canonical":"https:\/\/eblaw.com.mx\/en\/product\/derecho-corporativo\/","og_locale":"en_US","og_type":"article","og_title":"Derecho Corporativo | Esponda Betancourt","og_description":"DERECHO CORPORATIVO Constituci\u00f3n de sociedades dentro de las modalidades de&hellip;  Read more","og_url":"https:\/\/eblaw.com.mx\/en\/product\/derecho-corporativo\/","og_site_name":"Esponda Betancourt","article_modified_time":"2021-01-21T04:55:27+00:00","og_image":[{"width":1280,"height":960,"url":"https:\/\/eblaw.com.mx\/wp-content\/uploads\/2021\/01\/buildings-2581875_1280-1.jpg","type":"image\/jpeg"}],"twitter_card":"summary_large_image","twitter_misc":{"Est. reading time":"1 minute"},"schema":{"@context":"https:\/\/schema.org","@graph":[{"@type":"WebPage","@id":"https:\/\/eblaw.com.mx\/product\/derecho-corporativo\/","url":"https:\/\/eblaw.com.mx\/product\/derecho-corporativo\/","name":"Derecho Corporativo | Esponda Betancourt","isPartOf":{"@id":"https:\/\/eblaw.com.mx\/#website"},"primaryImageOfPage":{"@id":"https:\/\/eblaw.com.mx\/product\/derecho-corporativo\/#primaryimage"},"image":{"@id":"https:\/\/eblaw.com.mx\/product\/derecho-corporativo\/#primaryimage"},"thumbnailUrl":"https:\/\/eblaw.com.mx\/wp-content\/uploads\/2021\/01\/buildings-2581875_1280-1.jpg","datePublished":"2021-01-21T04:08:50+00:00","dateModified":"2021-01-21T04:55:27+00:00","breadcrumb":{"@id":"https:\/\/eblaw.com.mx\/product\/derecho-corporativo\/#breadcrumb"},"inLanguage":"en-US","potentialAction":[{"@type":"ReadAction","target":["https:\/\/eblaw.com.mx\/product\/derecho-corporativo\/"]}]},{"@type":"ImageObject","inLanguage":"en-US","@id":"https:\/\/eblaw.com.mx\/product\/derecho-corporativo\/#primaryimage","url":"https:\/\/eblaw.com.mx\/wp-content\/uploads\/2021\/01\/buildings-2581875_1280-1.jpg","contentUrl":"https:\/\/eblaw.com.mx\/wp-content\/uploads\/2021\/01\/buildings-2581875_1280-1.jpg","width":1280,"height":960},{"@type":"BreadcrumbList","@id":"https:\/\/eblaw.com.mx\/product\/derecho-corporativo\/#breadcrumb","itemListElement":[{"@type":"ListItem","position":1,"name":"Portada","item":"https:\/\/eblaw.com.mx\/"},{"@type":"ListItem","position":2,"name":"\u00c1reas de Pr\u00e1ctica","item":"https:\/\/eblaw.com.mx\/en\/areas-de-practica\/"},{"@type":"ListItem","position":3,"name":"Derecho Corporativo"}]},{"@type":"WebSite","@id":"https:\/\/eblaw.com.mx\/#website","url":"https:\/\/eblaw.com.mx\/","name":"Esponda Betancourt","description":"Boutique Law Firm","publisher":{"@id":"https:\/\/eblaw.com.mx\/#organization"},"alternateName":"Servicios legales especializados","potentialAction":[{"@type":"SearchAction","target":{"@type":"EntryPoint","urlTemplate":"https:\/\/eblaw.com.mx\/?s={search_term_string}"},"query-input":{"@type":"PropertyValueSpecification","valueRequired":true,"valueName":"search_term_string"}}],"inLanguage":"en-US"},{"@type":"Organization","@id":"https:\/\/eblaw.com.mx\/#organization","name":"Esponda Betancourt","alternateName":"Servicios legales especializados","url":"https:\/\/eblaw.com.mx\/","logo":{"@type":"ImageObject","inLanguage":"en-US","@id":"https:\/\/eblaw.com.mx\/#\/schema\/logo\/image\/","url":"https:\/\/eblaw.com.mx\/wp-content\/uploads\/2020\/10\/cropped-WhatsApp_Image_2020-10-02_at_11.47.24_PM-removebg-preview-2.png","contentUrl":"https:\/\/eblaw.com.mx\/wp-content\/uploads\/2020\/10\/cropped-WhatsApp_Image_2020-10-02_at_11.47.24_PM-removebg-preview-2.png","width":403,"height":127,"caption":"Esponda Betancourt"},"image":{"@id":"https:\/\/eblaw.com.mx\/#\/schema\/logo\/image\/"}}]}},"_links":{"self":[{"href":"https:\/\/eblaw.com.mx\/en\/wp-json\/wp\/v2\/product\/12557","targetHints":{"allow":["GET"]}}],"collection":[{"href":"https:\/\/eblaw.com.mx\/en\/wp-json\/wp\/v2\/product"}],"about":[{"href":"https:\/\/eblaw.com.mx\/en\/wp-json\/wp\/v2\/types\/product"}],"wp:featuredmedia":[{"embeddable":true,"href":"https:\/\/eblaw.com.mx\/en\/wp-json\/wp\/v2\/media\/12573"}],"wp:attachment":[{"href":"https:\/\/eblaw.com.mx\/en\/wp-json\/wp\/v2\/media?parent=12557"}],"wp:term":[{"taxonomy":"product_brand","embeddable":true,"href":"https:\/\/eblaw.com.mx\/en\/wp-json\/wp\/v2\/product_brand?post=12557"},{"taxonomy":"product_cat","embeddable":true,"href":"https:\/\/eblaw.com.mx\/en\/wp-json\/wp\/v2\/product_cat?post=12557"},{"taxonomy":"product_tag","embeddable":true,"href":"https:\/\/eblaw.com.mx\/en\/wp-json\/wp\/v2\/product_tag?post=12557"}],"curies":[{"name":"wp","href":"https:\/\/api.w.org\/{rel}","templated":true}]}}