{"id":13483,"date":"2023-06-23T12:44:57","date_gmt":"2023-06-23T18:44:57","guid":{"rendered":"https:\/\/eblaw.com.mx\/?post_type=product&#038;p=13483"},"modified":"2023-06-23T12:53:10","modified_gmt":"2023-06-23T18:53:10","slug":"proteccion-de-datos-personales","status":"publish","type":"product","link":"https:\/\/eblaw.com.mx\/en\/product\/proteccion-de-datos-personales\/","title":{"rendered":"Protecci\u00f3n de Datos Personales"},"content":{"rendered":"<h2>Protecci\u00f3n de Datos Personales<\/h2>\n<ul>\n<li>Elaboraci\u00f3n de avisos de privacidad<\/li>\n<li>Presentaci\u00f3n y seguimiento de solicitudes de informaci\u00f3n p\u00fablica o ARCO<\/li>\n<li>Recursos de revisi\u00f3n en contra de la resoluci\u00f3n administrativa proporcionada por la autoridad<\/li>\n<li>Preparaci\u00f3n de Manuales de Seguridad en el que se describen todas las medidas necesarias para la protecci\u00f3n de los datos personales dentro del sector empresarial<\/li>\n<li>Capacitaciones en materia de datos personales<\/li>\n<li>Asesor\u00eda\u00a0jur\u00eddica en materia de datos personales para el sector p\u00fablico.<\/li>\n<\/ul>","protected":false},"excerpt":{"rendered":"<p><strong>Con una amplia experiencia y conocimiento en los aspectos legales y regulatorios en protecci\u00f3n de datos personales realizamos un acompa\u00f1amiento especializado considerando las necesidades de nuestros clientes.<\/strong><\/p>\n<p> <a class=\"more-link\" href=\"https:\/\/eblaw.com.mx\/en\/product\/proteccion-de-datos-personales\/\">Read more<\/a><\/p>","protected":false},"featured_media":13484,"template":"","meta":[],"product_brand":[],"product_cat":[44],"product_tag":[],"class_list":{"0":"post-13483","1":"product","2":"type-product","3":"status-publish","4":"has-post-thumbnail","6":"product_cat-servicios-legales","8":"first","9":"instock","10":"taxable","11":"shipping-taxable","12":"product-type-simple"},"yoast_head":"<!-- This site is optimized with the Yoast SEO plugin v25.5 - https:\/\/yoast.com\/wordpress\/plugins\/seo\/ -->\n<title>Protecci\u00f3n de Datos Personales | Esponda Betancourt<\/title>\n<meta name=\"robots\" content=\"index, follow, max-snippet:-1, max-image-preview:large, max-video-preview:-1\" \/>\n<link rel=\"canonical\" href=\"https:\/\/eblaw.com.mx\/en\/product\/proteccion-de-datos-personales\/\" \/>\n<meta property=\"og:locale\" content=\"en_US\" \/>\n<meta property=\"og:type\" content=\"article\" \/>\n<meta property=\"og:title\" content=\"Protecci\u00f3n de Datos Personales | Esponda Betancourt\" \/>\n<meta property=\"og:description\" content=\"Con una amplia experiencia y conocimiento en los aspectos legales y regulatorios en protecci\u00f3n de datos personales realizamos un acompa\u00f1amiento especializado considerando las necesidades de nuestros clientes.\" \/>\n<meta property=\"og:url\" content=\"https:\/\/eblaw.com.mx\/en\/product\/proteccion-de-datos-personales\/\" \/>\n<meta property=\"og:site_name\" content=\"Esponda Betancourt\" \/>\n<meta property=\"article:modified_time\" content=\"2023-06-23T18:53:10+00:00\" \/>\n<meta property=\"og:image\" content=\"https:\/\/eblaw.com.mx\/wp-content\/uploads\/2023\/06\/INAI_proteccion_datos_personales_aniversario-1024x576-1.jpg\" \/>\n\t<meta property=\"og:image:width\" content=\"1024\" \/>\n\t<meta property=\"og:image:height\" content=\"576\" \/>\n\t<meta property=\"og:image:type\" content=\"image\/jpeg\" \/>\n<meta name=\"twitter:card\" content=\"summary_large_image\" \/>\n<meta name=\"twitter:label1\" content=\"Est. reading time\" \/>\n\t<meta name=\"twitter:data1\" content=\"1 minute\" \/>\n<script type=\"application\/ld+json\" class=\"yoast-schema-graph\">{\"@context\":\"https:\/\/schema.org\",\"@graph\":[{\"@type\":\"WebPage\",\"@id\":\"https:\/\/eblaw.com.mx\/product\/proteccion-de-datos-personales\/\",\"url\":\"https:\/\/eblaw.com.mx\/product\/proteccion-de-datos-personales\/\",\"name\":\"Protecci\u00f3n de Datos Personales | Esponda Betancourt\",\"isPartOf\":{\"@id\":\"https:\/\/eblaw.com.mx\/#website\"},\"primaryImageOfPage\":{\"@id\":\"https:\/\/eblaw.com.mx\/product\/proteccion-de-datos-personales\/#primaryimage\"},\"image\":{\"@id\":\"https:\/\/eblaw.com.mx\/product\/proteccion-de-datos-personales\/#primaryimage\"},\"thumbnailUrl\":\"https:\/\/eblaw.com.mx\/wp-content\/uploads\/2023\/06\/INAI_proteccion_datos_personales_aniversario-1024x576-1.jpg\",\"datePublished\":\"2023-06-23T18:44:57+00:00\",\"dateModified\":\"2023-06-23T18:53:10+00:00\",\"breadcrumb\":{\"@id\":\"https:\/\/eblaw.com.mx\/product\/proteccion-de-datos-personales\/#breadcrumb\"},\"inLanguage\":\"en-US\",\"potentialAction\":[{\"@type\":\"ReadAction\",\"target\":[\"https:\/\/eblaw.com.mx\/product\/proteccion-de-datos-personales\/\"]}]},{\"@type\":\"ImageObject\",\"inLanguage\":\"en-US\",\"@id\":\"https:\/\/eblaw.com.mx\/product\/proteccion-de-datos-personales\/#primaryimage\",\"url\":\"https:\/\/eblaw.com.mx\/wp-content\/uploads\/2023\/06\/INAI_proteccion_datos_personales_aniversario-1024x576-1.jpg\",\"contentUrl\":\"https:\/\/eblaw.com.mx\/wp-content\/uploads\/2023\/06\/INAI_proteccion_datos_personales_aniversario-1024x576-1.jpg\",\"width\":1024,\"height\":576},{\"@type\":\"BreadcrumbList\",\"@id\":\"https:\/\/eblaw.com.mx\/product\/proteccion-de-datos-personales\/#breadcrumb\",\"itemListElement\":[{\"@type\":\"ListItem\",\"position\":1,\"name\":\"Portada\",\"item\":\"https:\/\/eblaw.com.mx\/\"},{\"@type\":\"ListItem\",\"position\":2,\"name\":\"\u00c1reas de Pr\u00e1ctica\",\"item\":\"https:\/\/eblaw.com.mx\/en\/areas-de-practica\/\"},{\"@type\":\"ListItem\",\"position\":3,\"name\":\"Protecci\u00f3n de Datos Personales\"}]},{\"@type\":\"WebSite\",\"@id\":\"https:\/\/eblaw.com.mx\/#website\",\"url\":\"https:\/\/eblaw.com.mx\/\",\"name\":\"Esponda Betancourt\",\"description\":\"Boutique Law Firm\",\"publisher\":{\"@id\":\"https:\/\/eblaw.com.mx\/#organization\"},\"alternateName\":\"Servicios legales especializados\",\"potentialAction\":[{\"@type\":\"SearchAction\",\"target\":{\"@type\":\"EntryPoint\",\"urlTemplate\":\"https:\/\/eblaw.com.mx\/?s={search_term_string}\"},\"query-input\":{\"@type\":\"PropertyValueSpecification\",\"valueRequired\":true,\"valueName\":\"search_term_string\"}}],\"inLanguage\":\"en-US\"},{\"@type\":\"Organization\",\"@id\":\"https:\/\/eblaw.com.mx\/#organization\",\"name\":\"Esponda Betancourt\",\"alternateName\":\"Servicios legales especializados\",\"url\":\"https:\/\/eblaw.com.mx\/\",\"logo\":{\"@type\":\"ImageObject\",\"inLanguage\":\"en-US\",\"@id\":\"https:\/\/eblaw.com.mx\/#\/schema\/logo\/image\/\",\"url\":\"https:\/\/eblaw.com.mx\/wp-content\/uploads\/2020\/10\/cropped-WhatsApp_Image_2020-10-02_at_11.47.24_PM-removebg-preview-2.png\",\"contentUrl\":\"https:\/\/eblaw.com.mx\/wp-content\/uploads\/2020\/10\/cropped-WhatsApp_Image_2020-10-02_at_11.47.24_PM-removebg-preview-2.png\",\"width\":403,\"height\":127,\"caption\":\"Esponda Betancourt\"},\"image\":{\"@id\":\"https:\/\/eblaw.com.mx\/#\/schema\/logo\/image\/\"}}]}<\/script>\n<!-- \/ Yoast SEO plugin. -->","yoast_head_json":{"title":"Protecci\u00f3n de Datos Personales | Esponda Betancourt","robots":{"index":"index","follow":"follow","max-snippet":"max-snippet:-1","max-image-preview":"max-image-preview:large","max-video-preview":"max-video-preview:-1"},"canonical":"https:\/\/eblaw.com.mx\/en\/product\/proteccion-de-datos-personales\/","og_locale":"en_US","og_type":"article","og_title":"Protecci\u00f3n de Datos Personales | Esponda Betancourt","og_description":"Con una amplia experiencia y conocimiento en los aspectos legales y regulatorios en protecci\u00f3n de datos personales realizamos un acompa\u00f1amiento especializado considerando las necesidades de nuestros clientes.","og_url":"https:\/\/eblaw.com.mx\/en\/product\/proteccion-de-datos-personales\/","og_site_name":"Esponda Betancourt","article_modified_time":"2023-06-23T18:53:10+00:00","og_image":[{"width":1024,"height":576,"url":"https:\/\/eblaw.com.mx\/wp-content\/uploads\/2023\/06\/INAI_proteccion_datos_personales_aniversario-1024x576-1.jpg","type":"image\/jpeg"}],"twitter_card":"summary_large_image","twitter_misc":{"Est. reading time":"1 minute"},"schema":{"@context":"https:\/\/schema.org","@graph":[{"@type":"WebPage","@id":"https:\/\/eblaw.com.mx\/product\/proteccion-de-datos-personales\/","url":"https:\/\/eblaw.com.mx\/product\/proteccion-de-datos-personales\/","name":"Protecci\u00f3n de Datos Personales | Esponda Betancourt","isPartOf":{"@id":"https:\/\/eblaw.com.mx\/#website"},"primaryImageOfPage":{"@id":"https:\/\/eblaw.com.mx\/product\/proteccion-de-datos-personales\/#primaryimage"},"image":{"@id":"https:\/\/eblaw.com.mx\/product\/proteccion-de-datos-personales\/#primaryimage"},"thumbnailUrl":"https:\/\/eblaw.com.mx\/wp-content\/uploads\/2023\/06\/INAI_proteccion_datos_personales_aniversario-1024x576-1.jpg","datePublished":"2023-06-23T18:44:57+00:00","dateModified":"2023-06-23T18:53:10+00:00","breadcrumb":{"@id":"https:\/\/eblaw.com.mx\/product\/proteccion-de-datos-personales\/#breadcrumb"},"inLanguage":"en-US","potentialAction":[{"@type":"ReadAction","target":["https:\/\/eblaw.com.mx\/product\/proteccion-de-datos-personales\/"]}]},{"@type":"ImageObject","inLanguage":"en-US","@id":"https:\/\/eblaw.com.mx\/product\/proteccion-de-datos-personales\/#primaryimage","url":"https:\/\/eblaw.com.mx\/wp-content\/uploads\/2023\/06\/INAI_proteccion_datos_personales_aniversario-1024x576-1.jpg","contentUrl":"https:\/\/eblaw.com.mx\/wp-content\/uploads\/2023\/06\/INAI_proteccion_datos_personales_aniversario-1024x576-1.jpg","width":1024,"height":576},{"@type":"BreadcrumbList","@id":"https:\/\/eblaw.com.mx\/product\/proteccion-de-datos-personales\/#breadcrumb","itemListElement":[{"@type":"ListItem","position":1,"name":"Portada","item":"https:\/\/eblaw.com.mx\/"},{"@type":"ListItem","position":2,"name":"\u00c1reas de Pr\u00e1ctica","item":"https:\/\/eblaw.com.mx\/en\/areas-de-practica\/"},{"@type":"ListItem","position":3,"name":"Protecci\u00f3n de Datos Personales"}]},{"@type":"WebSite","@id":"https:\/\/eblaw.com.mx\/#website","url":"https:\/\/eblaw.com.mx\/","name":"Esponda Betancourt","description":"Boutique Law Firm","publisher":{"@id":"https:\/\/eblaw.com.mx\/#organization"},"alternateName":"Servicios legales especializados","potentialAction":[{"@type":"SearchAction","target":{"@type":"EntryPoint","urlTemplate":"https:\/\/eblaw.com.mx\/?s={search_term_string}"},"query-input":{"@type":"PropertyValueSpecification","valueRequired":true,"valueName":"search_term_string"}}],"inLanguage":"en-US"},{"@type":"Organization","@id":"https:\/\/eblaw.com.mx\/#organization","name":"Esponda Betancourt","alternateName":"Servicios legales especializados","url":"https:\/\/eblaw.com.mx\/","logo":{"@type":"ImageObject","inLanguage":"en-US","@id":"https:\/\/eblaw.com.mx\/#\/schema\/logo\/image\/","url":"https:\/\/eblaw.com.mx\/wp-content\/uploads\/2020\/10\/cropped-WhatsApp_Image_2020-10-02_at_11.47.24_PM-removebg-preview-2.png","contentUrl":"https:\/\/eblaw.com.mx\/wp-content\/uploads\/2020\/10\/cropped-WhatsApp_Image_2020-10-02_at_11.47.24_PM-removebg-preview-2.png","width":403,"height":127,"caption":"Esponda Betancourt"},"image":{"@id":"https:\/\/eblaw.com.mx\/#\/schema\/logo\/image\/"}}]}},"_links":{"self":[{"href":"https:\/\/eblaw.com.mx\/en\/wp-json\/wp\/v2\/product\/13483","targetHints":{"allow":["GET"]}}],"collection":[{"href":"https:\/\/eblaw.com.mx\/en\/wp-json\/wp\/v2\/product"}],"about":[{"href":"https:\/\/eblaw.com.mx\/en\/wp-json\/wp\/v2\/types\/product"}],"wp:featuredmedia":[{"embeddable":true,"href":"https:\/\/eblaw.com.mx\/en\/wp-json\/wp\/v2\/media\/13484"}],"wp:attachment":[{"href":"https:\/\/eblaw.com.mx\/en\/wp-json\/wp\/v2\/media?parent=13483"}],"wp:term":[{"taxonomy":"product_brand","embeddable":true,"href":"https:\/\/eblaw.com.mx\/en\/wp-json\/wp\/v2\/product_brand?post=13483"},{"taxonomy":"product_cat","embeddable":true,"href":"https:\/\/eblaw.com.mx\/en\/wp-json\/wp\/v2\/product_cat?post=13483"},{"taxonomy":"product_tag","embeddable":true,"href":"https:\/\/eblaw.com.mx\/en\/wp-json\/wp\/v2\/product_tag?post=13483"}],"curies":[{"name":"wp","href":"https:\/\/api.w.org\/{rel}","templated":true}]}}